{"id":100,"date":"2018-10-08T17:20:17","date_gmt":"2018-10-08T15:20:17","guid":{"rendered":"http:\/\/www.lifeagrised.com\/?page_id=100"},"modified":"2020-03-19T20:42:13","modified_gmt":"2020-03-19T19:42:13","slug":"m-c-m-ecosistemi","status":"publish","type":"page","link":"http:\/\/www.lifeagrised.com\/cz\/m-c-m-ecosistemi\/","title":{"rendered":"m.c.m. Ecosistemi"},"content":{"rendered":"<p><\/p>\n<hr \/>\n<p><img loading=\"lazy\" class=\"wp-image-101 aligncenter\" src=\"http:\/\/www.lifeagrised.com\/wp-content\/uploads\/2018\/10\/logo-mcm-ecosistemi.png\" alt=\"\" width=\"351\" height=\"135\" \/><\/p>\n<hr \/>\n<p>Od roku 1997 je agr\u00e1rn\u00ed a pr\u016fmyslov\u00e1 ekologie sektorem, ve kter\u00e9m spole\u010dnost <a href=\"http:\/\/www.mcmecosistemi.com\/\">m.c.m. Ecosistemi<\/a> vynik\u00e1 svou d\u016fslednost\u00ed a profesionalitou. Autorita m.c.m. Ecosistemi je dolo\u017eena certifikac\u00ed, akreditac\u00ed, opr\u00e1vn\u011bn\u00edm a registrac\u00ed v institucion\u00e1ln\u00edch z\u00e1znamech, kter\u00e9 tuto spole\u010dnost oprav\u0148uj\u00ed k prov\u00e1d\u011bn\u00ed zvl\u00e1\u0161tn\u00edch prac\u00ed.<\/p>\n<p>Spole\u010dnost m.c.m. Ecosistemi je v\u017edy p\u0159ipravena \u010delit ka\u017ed\u00e9 v\u00fdzv\u011b a nab\u00eddnout nejlep\u0161\u00ed \u0159e\u0161en\u00ed, p\u0159i kter\u00e9m se ze spolehlivosti a poctivosti stane nezam\u011bniteln\u00e1 obchodn\u00ed konotace. D\u00edky rozvoji pedologick\u00e9ho sektoru spole\u010dnost m.c.m. Ecosistemi ji\u017e \u0159adu let vyv\u00edj\u00ed syst\u00e9my zpracov\u00e1n\u00ed a \u00fapravy zem\u011bd\u011blsk\u00e9 p\u016fdy, zam\u011b\u0159en\u00e9 na boj proti degradaci a dezertifikaci p\u016fdy. D\u00edky aplikaci technologi\u00ed vych\u00e1zej\u00edc\u00edch ze studia a teoretick\u00e9ho i aplikovan\u00e9ho v\u00fdzkumu lze obchodn\u00ed aktivity m.c.m. Ecosistemi spat\u0159it v r\u016fzn\u00fdch oblastech It\u00e1lie.<\/p>\n<p>D\u00edky patentovan\u00fdm technologi\u00edm spole\u010dnost m.c.m. Ecosistemi rekultivuje cel\u00e9 oblasti i s jejich zem\u011bd\u011blskou produktivitou. Spole\u010dnost m.c.m. Ecosistemi prov\u00e1d\u00ed rekultivace v oblastech, kde byly zasa\u017eeny rozs\u00e1hl\u00e9 p\u016fdn\u00ed plochy.<\/p>","protected":false},"excerpt":{"rendered":"<p>Od roku 1997 je agr\u00e1rn\u00ed a pr\u016fmyslov\u00e1 ekologie sektorem, ve kter\u00e9m spole\u010dnost m.c.m. Ecosistemi vynik\u00e1 svou d\u016fslednost\u00ed a profesionalitou. Autorita m.c.m. Ecosistemi je dolo\u017eena certifikac\u00ed, akreditac\u00ed, opr\u00e1vn\u011bn\u00edm a registrac\u00ed v institucion\u00e1ln\u00edch z\u00e1znamech, kter\u00e9 tuto spole\u010dnost oprav\u0148uj\u00ed k prov\u00e1d\u011bn\u00ed zvl\u00e1\u0161tn\u00edch prac\u00ed. Spole\u010dnost m.c.m. Ecosistemi je v\u017edy p\u0159ipravena \u010delit ka\u017ed\u00e9 v\u00fdzv\u011b a nab\u00eddnout nejlep\u0161\u00ed \u0159e\u0161en\u00ed, p\u0159i kter\u00e9m [&hellip;]<\/p>\n","protected":false},"author":1,"featured_media":0,"parent":0,"menu_order":0,"comment_status":"closed","ping_status":"closed","template":"","meta":[],"yoast_head":"<!-- This site is optimized with the Yoast SEO plugin v16.6.1 - https:\/\/yoast.com\/wordpress\/plugins\/seo\/ -->\n<title>m.c.m. Ecosistemi - LIFE Agrised<\/title>\n<meta name=\"robots\" content=\"index, follow, max-snippet:-1, max-image-preview:large, max-video-preview:-1\" \/>\n<link rel=\"canonical\" href=\"http:\/\/www.lifeagrised.com\/en\/m-c-m-ecosistemi\/\" \/>\n<meta property=\"og:locale\" content=\"en_US\" \/>\n<meta property=\"og:type\" content=\"article\" \/>\n<meta property=\"og:title\" content=\"m.c.m. Ecosistemi - LIFE Agrised\" \/>\n<meta property=\"og:description\" content=\"Od roku 1997 je agr\u00e1rn\u00ed a pr\u016fmyslov\u00e1 ekologie sektorem, ve kter\u00e9m spole\u010dnost m.c.m. Ecosistemi vynik\u00e1 svou d\u016fslednost\u00ed a profesionalitou. Autorita m.c.m. Ecosistemi je dolo\u017eena certifikac\u00ed, akreditac\u00ed, opr\u00e1vn\u011bn\u00edm a registrac\u00ed v institucion\u00e1ln\u00edch z\u00e1znamech, kter\u00e9 tuto spole\u010dnost oprav\u0148uj\u00ed k prov\u00e1d\u011bn\u00ed zvl\u00e1\u0161tn\u00edch prac\u00ed. Spole\u010dnost m.c.m. Ecosistemi je v\u017edy p\u0159ipravena \u010delit ka\u017ed\u00e9 v\u00fdzv\u011b a nab\u00eddnout nejlep\u0161\u00ed \u0159e\u0161en\u00ed, p\u0159i kter\u00e9m [&hellip;]\" \/>\n<meta property=\"og:url\" content=\"http:\/\/www.lifeagrised.com\/en\/m-c-m-ecosistemi\/\" \/>\n<meta property=\"og:site_name\" content=\"LIFE Agrised\" \/>\n<meta property=\"article:modified_time\" content=\"2020-03-19T19:42:13+00:00\" \/>\n<meta property=\"og:image\" content=\"http:\/\/www.lifeagrised.com\/wp-content\/uploads\/2018\/10\/logo-mcm-ecosistemi.png\" \/>\n<meta name=\"twitter:card\" content=\"summary_large_image\" \/>\n<meta name=\"twitter:label1\" content=\"Est. reading time\" \/>\n\t<meta name=\"twitter:data1\" content=\"3 minutes\" \/>\n<script type=\"application\/ld+json\" class=\"yoast-schema-graph\">{\"@context\":\"https:\/\/schema.org\",\"@graph\":[{\"@type\":\"WebSite\",\"@id\":\"http:\/\/www.lifeagrised.com\/#website\",\"url\":\"http:\/\/www.lifeagrised.com\/\",\"name\":\"LIFE Agrised\",\"description\":\"Use of dredged sediments for creating innovative growing media and technosols for plant nursery and soil rehabilitation\",\"potentialAction\":[{\"@type\":\"SearchAction\",\"target\":{\"@type\":\"EntryPoint\",\"urlTemplate\":\"http:\/\/www.lifeagrised.com\/?s={search_term_string}\"},\"query-input\":\"required name=search_term_string\"}],\"inLanguage\":\"cz\"},{\"@type\":\"ImageObject\",\"@id\":\"http:\/\/www.lifeagrised.com\/en\/m-c-m-ecosistemi\/#primaryimage\",\"inLanguage\":\"cz\",\"url\":\"http:\/\/www.lifeagrised.com\/wp-content\/uploads\/2018\/10\/logo-mcm-ecosistemi.png\",\"contentUrl\":\"http:\/\/www.lifeagrised.com\/wp-content\/uploads\/2018\/10\/logo-mcm-ecosistemi.png\",\"width\":268,\"height\":103},{\"@type\":\"WebPage\",\"@id\":\"http:\/\/www.lifeagrised.com\/en\/m-c-m-ecosistemi\/#webpage\",\"url\":\"http:\/\/www.lifeagrised.com\/en\/m-c-m-ecosistemi\/\",\"name\":\"m.c.m. Ecosistemi - LIFE Agrised\",\"isPartOf\":{\"@id\":\"http:\/\/www.lifeagrised.com\/#website\"},\"primaryImageOfPage\":{\"@id\":\"http:\/\/www.lifeagrised.com\/en\/m-c-m-ecosistemi\/#primaryimage\"},\"datePublished\":\"2018-10-08T15:20:17+00:00\",\"dateModified\":\"2020-03-19T19:42:13+00:00\",\"breadcrumb\":{\"@id\":\"http:\/\/www.lifeagrised.com\/en\/m-c-m-ecosistemi\/#breadcrumb\"},\"inLanguage\":\"cz\",\"potentialAction\":[{\"@type\":\"ReadAction\",\"target\":[\"http:\/\/www.lifeagrised.com\/en\/m-c-m-ecosistemi\/\"]}]},{\"@type\":\"BreadcrumbList\",\"@id\":\"http:\/\/www.lifeagrised.com\/en\/m-c-m-ecosistemi\/#breadcrumb\",\"itemListElement\":[{\"@type\":\"ListItem\",\"position\":1,\"name\":\"Home\",\"item\":\"http:\/\/www.lifeagrised.com\/\"},{\"@type\":\"ListItem\",\"position\":2,\"name\":\"m.c.m. Ecosistemi\"}]}]}<\/script>\n<!-- \/ Yoast SEO plugin. -->","_links":{"self":[{"href":"http:\/\/www.lifeagrised.com\/cz\/wp-json\/wp\/v2\/pages\/100"}],"collection":[{"href":"http:\/\/www.lifeagrised.com\/cz\/wp-json\/wp\/v2\/pages"}],"about":[{"href":"http:\/\/www.lifeagrised.com\/cz\/wp-json\/wp\/v2\/types\/page"}],"author":[{"embeddable":true,"href":"http:\/\/www.lifeagrised.com\/cz\/wp-json\/wp\/v2\/users\/1"}],"replies":[{"embeddable":true,"href":"http:\/\/www.lifeagrised.com\/cz\/wp-json\/wp\/v2\/comments?post=100"}],"version-history":[{"count":2,"href":"http:\/\/www.lifeagrised.com\/cz\/wp-json\/wp\/v2\/pages\/100\/revisions"}],"predecessor-version":[{"id":944,"href":"http:\/\/www.lifeagrised.com\/cz\/wp-json\/wp\/v2\/pages\/100\/revisions\/944"}],"wp:attachment":[{"href":"http:\/\/www.lifeagrised.com\/cz\/wp-json\/wp\/v2\/media?parent=100"}],"curies":[{"name":"wp","href":"https:\/\/api.w.org\/{rel}","templated":true}]}}