{"id":103,"date":"2018-10-08T17:30:37","date_gmt":"2018-10-08T15:30:37","guid":{"rendered":"http:\/\/www.lifeagrised.com\/?page_id=103"},"modified":"2020-03-19T20:46:57","modified_gmt":"2020-03-19T19:46:57","slug":"universita-degli-studi-di-firenze-scienze-delle-piante-del-suolo-e-dellambiente","status":"publish","type":"page","link":"http:\/\/www.lifeagrised.com\/cz\/universita-degli-studi-di-firenze-scienze-delle-piante-del-suolo-e-dellambiente\/","title":{"rendered":"Univerzita Florencie &#8211; katedra rostlin, p\u016fd a v\u011bd o \u017eivotn\u00edm prost\u0159ed\u00ed"},"content":{"rendered":"<p><\/p>\n<hr \/>\n<p><img loading=\"lazy\" class=\" wp-image-104 aligncenter\" src=\"http:\/\/www.lifeagrised.com\/wp-content\/uploads\/2018\/10\/dipsa75-300x135.jpg\" alt=\"\" width=\"353\" height=\"159\" srcset=\"http:\/\/www.lifeagrised.com\/wp-content\/uploads\/2018\/10\/dipsa75-300x135.jpg 300w, http:\/\/www.lifeagrised.com\/wp-content\/uploads\/2018\/10\/dipsa75.jpg 315w\" sizes=\"(max-width: 353px) 100vw, 353px\" \/><\/p>\n<hr \/>\n<p><a href=\"https:\/\/www.dispaa.unifi.it\/index.php\">Odd\u011blen\u00ed rostlinn\u00fdch, p\u016fdn\u00edch a environment\u00e1ln\u00edch v\u011bd<\/a> je nejmodern\u011bj\u0161\u00ed v\u00fdzkumnou a v\u00fdvojovou jednotkou Florencie University s n\u00e1sledujc\u00edm vybaven\u00edm:<\/p>\n<ul>\n<li>\u010c\u00e1sticov\u00fd Analyz\u00e1tor (CHNS) pro identifikaci uhl\u00edku, dus\u00edku, vod\u00edku a s\u00edry v organick\u00fdch a anorganick\u00fdch matric\u00edch;<\/li>\n<li>Plazmov\u00fd spektrometr Thermo Electron Iris Intrepid II (ICP) pro makro a mikroelementy;<\/li>\n<li>Kapalinov\u00e1 chromatografie (HPLC) pro separaci, identifikaci a kvantifikaci organick\u00fdch molekul;<\/li>\n<li>In vitro vzduchot\u011bsn\u00e1 kultiva\u010dn\u00ed technika;<\/li>\n<li>Multispektr\u00e1ln\u00ed radiometr (Crop Scanner) pro vyhodnocen\u00ed biomasy, indexu listov\u00fdch ploch atd.<\/li>\n<li>Infra\u010derven\u00fd analyz\u00e1tor plyn\u016f (CIRAS II) a Scholanderova tlakov\u00e1 komora pro hydrick\u00fd stres;<\/li>\n<li>Mikrovlnn\u00fd syst\u00e9m pro zrychlen\u00ed reakc\u00ed.<\/li>\n<\/ul>\n<p>&nbsp;<\/p>\n<p>Toto odd\u011blen\u00ed participovalo v\u00a0n\u00e1sleduj\u00edc\u00edch projektech EU:<\/p>\n<ol>\n<li>SNOWMAN-ERANET, 2008 (cod. 01\/20). SUMATECS &#8211; SUstainable Management of Trace Element Contaminated Soils-Development of a decision tool system and its evaluation for practical application.<\/li>\n<li>GREENLAND, Gentle remediation of trace element contaminated land (FP7-KBBE-4-266124).<\/li>\n<\/ol>\n<p><\/p>","protected":false},"excerpt":{"rendered":"<p>Odd\u011blen\u00ed rostlinn\u00fdch, p\u016fdn\u00edch a environment\u00e1ln\u00edch v\u011bd je nejmodern\u011bj\u0161\u00ed v\u00fdzkumnou a v\u00fdvojovou jednotkou Florencie University s n\u00e1sledujc\u00edm vybaven\u00edm: \u010c\u00e1sticov\u00fd Analyz\u00e1tor (CHNS) pro identifikaci uhl\u00edku, dus\u00edku, vod\u00edku a s\u00edry v organick\u00fdch a anorganick\u00fdch matric\u00edch; Plazmov\u00fd spektrometr Thermo Electron Iris Intrepid II (ICP) pro makro a mikroelementy; Kapalinov\u00e1 chromatografie (HPLC) pro separaci, identifikaci a kvantifikaci organick\u00fdch molekul; In [&hellip;]<\/p>\n","protected":false},"author":1,"featured_media":0,"parent":0,"menu_order":0,"comment_status":"closed","ping_status":"closed","template":"","meta":[],"yoast_head":"<!-- This site is optimized with the Yoast SEO plugin v16.6.1 - https:\/\/yoast.com\/wordpress\/plugins\/seo\/ -->\n<title>Univerzita Florencie - katedra rostlin, p\u016fd a v\u011bd o \u017eivotn\u00edm prost\u0159ed\u00ed - LIFE Agrised<\/title>\n<meta name=\"robots\" content=\"index, follow, max-snippet:-1, max-image-preview:large, max-video-preview:-1\" \/>\n<link rel=\"canonical\" href=\"http:\/\/www.lifeagrised.com\/universita-degli-studi-di-firenze-scienze-delle-piante-del-suolo-e-dellambiente\/\" \/>\n<meta property=\"og:locale\" content=\"en_US\" \/>\n<meta property=\"og:type\" content=\"article\" \/>\n<meta property=\"og:title\" content=\"Univerzita Florencie - katedra rostlin, p\u016fd a v\u011bd o \u017eivotn\u00edm prost\u0159ed\u00ed - LIFE Agrised\" \/>\n<meta property=\"og:description\" content=\"Odd\u011blen\u00ed rostlinn\u00fdch, p\u016fdn\u00edch a environment\u00e1ln\u00edch v\u011bd je nejmodern\u011bj\u0161\u00ed v\u00fdzkumnou a v\u00fdvojovou jednotkou Florencie University s n\u00e1sledujc\u00edm vybaven\u00edm: \u010c\u00e1sticov\u00fd Analyz\u00e1tor (CHNS) pro identifikaci uhl\u00edku, dus\u00edku, vod\u00edku a s\u00edry v organick\u00fdch a anorganick\u00fdch matric\u00edch; Plazmov\u00fd spektrometr Thermo Electron Iris Intrepid II (ICP) pro makro a mikroelementy; Kapalinov\u00e1 chromatografie (HPLC) pro separaci, identifikaci a kvantifikaci organick\u00fdch molekul; In [&hellip;]\" \/>\n<meta property=\"og:url\" content=\"http:\/\/www.lifeagrised.com\/universita-degli-studi-di-firenze-scienze-delle-piante-del-suolo-e-dellambiente\/\" \/>\n<meta property=\"og:site_name\" content=\"LIFE Agrised\" \/>\n<meta property=\"article:modified_time\" content=\"2020-03-19T19:46:57+00:00\" \/>\n<meta property=\"og:image\" content=\"http:\/\/www.lifeagrised.com\/wp-content\/uploads\/2018\/10\/dipsa75-300x135.jpg\" \/>\n<meta name=\"twitter:card\" content=\"summary_large_image\" \/>\n<meta name=\"twitter:label1\" content=\"Est. reading time\" \/>\n\t<meta name=\"twitter:data1\" content=\"2 minutes\" \/>\n<script type=\"application\/ld+json\" class=\"yoast-schema-graph\">{\"@context\":\"https:\/\/schema.org\",\"@graph\":[{\"@type\":\"WebSite\",\"@id\":\"http:\/\/www.lifeagrised.com\/#website\",\"url\":\"http:\/\/www.lifeagrised.com\/\",\"name\":\"LIFE Agrised\",\"description\":\"Use of dredged sediments for creating innovative growing media and technosols for plant nursery and soil rehabilitation\",\"potentialAction\":[{\"@type\":\"SearchAction\",\"target\":{\"@type\":\"EntryPoint\",\"urlTemplate\":\"http:\/\/www.lifeagrised.com\/?s={search_term_string}\"},\"query-input\":\"required name=search_term_string\"}],\"inLanguage\":\"cz\"},{\"@type\":\"ImageObject\",\"@id\":\"http:\/\/www.lifeagrised.com\/universita-degli-studi-di-firenze-scienze-delle-piante-del-suolo-e-dellambiente\/#primaryimage\",\"inLanguage\":\"cz\",\"url\":\"http:\/\/www.lifeagrised.com\/wp-content\/uploads\/2018\/10\/dipsa75.jpg\",\"contentUrl\":\"http:\/\/www.lifeagrised.com\/wp-content\/uploads\/2018\/10\/dipsa75.jpg\",\"width\":315,\"height\":142},{\"@type\":\"WebPage\",\"@id\":\"http:\/\/www.lifeagrised.com\/universita-degli-studi-di-firenze-scienze-delle-piante-del-suolo-e-dellambiente\/#webpage\",\"url\":\"http:\/\/www.lifeagrised.com\/universita-degli-studi-di-firenze-scienze-delle-piante-del-suolo-e-dellambiente\/\",\"name\":\"Univerzita Florencie - katedra rostlin, p\\u016fd a v\\u011bd o \\u017eivotn\\u00edm prost\\u0159ed\\u00ed - LIFE Agrised\",\"isPartOf\":{\"@id\":\"http:\/\/www.lifeagrised.com\/#website\"},\"primaryImageOfPage\":{\"@id\":\"http:\/\/www.lifeagrised.com\/universita-degli-studi-di-firenze-scienze-delle-piante-del-suolo-e-dellambiente\/#primaryimage\"},\"datePublished\":\"2018-10-08T15:30:37+00:00\",\"dateModified\":\"2020-03-19T19:46:57+00:00\",\"breadcrumb\":{\"@id\":\"http:\/\/www.lifeagrised.com\/universita-degli-studi-di-firenze-scienze-delle-piante-del-suolo-e-dellambiente\/#breadcrumb\"},\"inLanguage\":\"cz\",\"potentialAction\":[{\"@type\":\"ReadAction\",\"target\":[\"http:\/\/www.lifeagrised.com\/universita-degli-studi-di-firenze-scienze-delle-piante-del-suolo-e-dellambiente\/\"]}]},{\"@type\":\"BreadcrumbList\",\"@id\":\"http:\/\/www.lifeagrised.com\/universita-degli-studi-di-firenze-scienze-delle-piante-del-suolo-e-dellambiente\/#breadcrumb\",\"itemListElement\":[{\"@type\":\"ListItem\",\"position\":1,\"name\":\"Home\",\"item\":\"http:\/\/www.lifeagrised.com\/\"},{\"@type\":\"ListItem\",\"position\":2,\"name\":\"Universit\\u00e0 degli Studi di Firenze &#8211; Scienze delle piante, del suolo e dell&#8217;ambiente\"}]}]}<\/script>\n<!-- \/ Yoast SEO plugin. -->","_links":{"self":[{"href":"http:\/\/www.lifeagrised.com\/cz\/wp-json\/wp\/v2\/pages\/103"}],"collection":[{"href":"http:\/\/www.lifeagrised.com\/cz\/wp-json\/wp\/v2\/pages"}],"about":[{"href":"http:\/\/www.lifeagrised.com\/cz\/wp-json\/wp\/v2\/types\/page"}],"author":[{"embeddable":true,"href":"http:\/\/www.lifeagrised.com\/cz\/wp-json\/wp\/v2\/users\/1"}],"replies":[{"embeddable":true,"href":"http:\/\/www.lifeagrised.com\/cz\/wp-json\/wp\/v2\/comments?post=103"}],"version-history":[{"count":3,"href":"http:\/\/www.lifeagrised.com\/cz\/wp-json\/wp\/v2\/pages\/103\/revisions"}],"predecessor-version":[{"id":946,"href":"http:\/\/www.lifeagrised.com\/cz\/wp-json\/wp\/v2\/pages\/103\/revisions\/946"}],"wp:attachment":[{"href":"http:\/\/www.lifeagrised.com\/cz\/wp-json\/wp\/v2\/media?parent=103"}],"curies":[{"name":"wp","href":"https:\/\/api.w.org\/{rel}","templated":true}]}}