{"id":1208,"date":"2021-06-21T17:26:53","date_gmt":"2021-06-21T15:26:53","guid":{"rendered":"http:\/\/www.lifeagrised.com\/?page_id=1208"},"modified":"2022-05-04T20:25:08","modified_gmt":"2022-05-04T18:25:08","slug":"i-nostri-video","status":"publish","type":"page","link":"http:\/\/www.lifeagrised.com\/cz\/i-nostri-video\/","title":{"rendered":"Na\u0161e videa"},"content":{"rendered":"<p><\/p>\n<h3>Ofici\u00e1ln\u00ed video projektu AGRISED!<\/h3>\n<p><iframe loading=\"lazy\" title=\"YouTube video player\" src=\"https:\/\/www.youtube.com\/embed\/X8oxQqUXIDc\" width=\"560\" height=\"315\" frameborder=\"0\" allowfullscreen=\"allowfullscreen\"><\/iframe><\/p>\n<hr \/>\n<h3><strong>LIFE AGRISED na TVL, Italsk\u00fd televizn\u00ed kan\u00e1l (min 7.47)<\/strong><\/h3>\n<p><a href=\"https:\/\/www.tvl.it\/it\/programmi\/nursery-valley\"><img loading=\"lazy\" class=\"wp-image-1329 alignnone\" src=\"http:\/\/www.lifeagrised.com\/wp-content\/uploads\/2022\/01\/Video-TVL-life-agrised-30-december-2021-300x157.png\" alt=\"\" width=\"560\" height=\"293\" srcset=\"http:\/\/www.lifeagrised.com\/wp-content\/uploads\/2022\/01\/Video-TVL-life-agrised-30-december-2021-300x157.png 300w, http:\/\/www.lifeagrised.com\/wp-content\/uploads\/2022\/01\/Video-TVL-life-agrised-30-december-2021-768x402.png 768w, http:\/\/www.lifeagrised.com\/wp-content\/uploads\/2022\/01\/Video-TVL-life-agrised-30-december-2021.png 793w\" sizes=\"(max-width: 560px) 100vw, 560px\" \/><\/a><\/p>\n<hr \/>\n<h3>Kultiva\u010dn\u00ed pokus v \u010cesk\u00e9 republice<\/h3>\n<p><iframe loading=\"lazy\" title=\"YouTube video player\" src=\"https:\/\/www.youtube.com\/embed\/rN8EqDYL_uE\" width=\"560\" height=\"315\" frameborder=\"0\" allowfullscreen=\"allowfullscreen\" data-mce-fragment=\"1\"><\/iframe><\/p>\n<hr \/>\n<h3><strong>Luca Magazzini na workshop projektu LIFE AGRISED<\/strong><\/h3>\n<p><iframe loading=\"lazy\" title=\"YouTube video player\" src=\"https:\/\/www.youtube.com\/embed\/DbhKki4luq8\" width=\"560\" height=\"315\" frameborder=\"0\" allowfullscreen=\"allowfullscreen\" data-mce-fragment=\"1\"><\/iframe><\/p>\n<hr \/>\n<h3><strong>Francesco Mati za workshop projektu LIFE AGRISED<\/strong><\/h3>\n<p><iframe loading=\"lazy\" title=\"YouTube video player\" src=\"https:\/\/www.youtube.com\/embed\/BnuB1nB3DWo\" width=\"560\" height=\"315\" frameborder=\"0\" allowfullscreen=\"allowfullscreen\" data-mce-fragment=\"1\"><\/iframe><\/p>\n<hr \/>\n<h3><strong>Pokus o kompostov\u00e1n\u00ed v \u010cesk\u00e9 republice<\/strong><\/h3>\n<p><iframe loading=\"lazy\" title=\"YouTube video player\" src=\"https:\/\/www.youtube.com\/embed\/rSkP4FfwLBw\" width=\"560\" height=\"315\" frameborder=\"0\" allowfullscreen=\"allowfullscreen\" data-mce-fragment=\"1\"><\/iframe><\/p>\n<hr \/>\n<h3><strong>Kultiva\u010dn\u00ed protokol 4\/4 &#8211; kontrola plevele<\/strong><\/h3>\n<p><iframe loading=\"lazy\" title=\"YouTube video player\" src=\"https:\/\/www.youtube.com\/embed\/3xylwKNNmmQ\" width=\"560\" height=\"315\" frameborder=\"0\" allowfullscreen=\"allowfullscreen\" data-mce-fragment=\"1\"><\/iframe><\/p>\n<hr \/>\n<h3>Kultiva\u010dn\u00ed protokol 3\/4 &#8211; P\u0159esazov\u00e1n\u00ed<\/h3>\n<p><iframe loading=\"lazy\" title=\"YouTube video player\" src=\"https:\/\/www.youtube.com\/embed\/QT2EjuGrW0s\" width=\"560\" height=\"315\" frameborder=\"0\" allowfullscreen=\"allowfullscreen\" data-mce-fragment=\"1\"><\/iframe><\/p>\n<hr \/>\n<h3>Kultiva\u010dn\u00ed protokol 2\/4 &#8211; zavla\u017eov\u00e1n\u00ed<\/h3>\n<p><iframe loading=\"lazy\" title=\"YouTube video player\" src=\"https:\/\/www.youtube.com\/embed\/8JqcR9rW7dM\" width=\"560\" height=\"315\" frameborder=\"0\" allowfullscreen=\"allowfullscreen\" data-mce-fragment=\"1\"><\/iframe><\/p>\n<hr \/>\n<h3><strong>Kultiva\u010dn\u00ed protokol 1\/4 &#8211; Um\u00edst\u011bn\u00ed rostlin<\/strong><\/h3>\n<p><iframe loading=\"lazy\" title=\"YouTube video player\" src=\"https:\/\/www.youtube.com\/embed\/bnn-KZdk3QU\" width=\"560\" height=\"315\" frameborder=\"0\" allowfullscreen=\"allowfullscreen\" data-mce-fragment=\"1\"><\/iframe><\/p>","protected":false},"excerpt":{"rendered":"<p>Ofici\u00e1ln\u00ed video projektu AGRISED! LIFE AGRISED na TVL, Italsk\u00fd televizn\u00ed kan\u00e1l (min 7.47) Kultiva\u010dn\u00ed pokus v \u010cesk\u00e9 republice Luca Magazzini na workshop projektu LIFE AGRISED Francesco Mati za workshop projektu LIFE AGRISED Pokus o kompostov\u00e1n\u00ed v \u010cesk\u00e9 republice Kultiva\u010dn\u00ed protokol 4\/4 &#8211; kontrola plevele Kultiva\u010dn\u00ed protokol 3\/4 &#8211; P\u0159esazov\u00e1n\u00ed Kultiva\u010dn\u00ed protokol 2\/4 &#8211; zavla\u017eov\u00e1n\u00ed Kultiva\u010dn\u00ed [&hellip;]<\/p>\n","protected":false},"author":1,"featured_media":0,"parent":0,"menu_order":0,"comment_status":"closed","ping_status":"closed","template":"","meta":[],"yoast_head":"<!-- This site is optimized with the Yoast SEO plugin v16.6.1 - https:\/\/yoast.com\/wordpress\/plugins\/seo\/ -->\n<title>Na\u0161e videa - LIFE Agrised<\/title>\n<meta name=\"robots\" content=\"index, follow, max-snippet:-1, max-image-preview:large, max-video-preview:-1\" \/>\n<link rel=\"canonical\" href=\"http:\/\/www.lifeagrised.com\/i-nostri-video\/\" \/>\n<meta property=\"og:locale\" content=\"en_US\" \/>\n<meta property=\"og:type\" content=\"article\" \/>\n<meta property=\"og:title\" content=\"Na\u0161e videa - LIFE Agrised\" \/>\n<meta property=\"og:description\" content=\"Ofici\u00e1ln\u00ed video projektu AGRISED! LIFE AGRISED na TVL, Italsk\u00fd televizn\u00ed kan\u00e1l (min 7.47) Kultiva\u010dn\u00ed pokus v \u010cesk\u00e9 republice Luca Magazzini na workshop projektu LIFE AGRISED Francesco Mati za workshop projektu LIFE AGRISED Pokus o kompostov\u00e1n\u00ed v \u010cesk\u00e9 republice Kultiva\u010dn\u00ed protokol 4\/4 &#8211; kontrola plevele Kultiva\u010dn\u00ed protokol 3\/4 &#8211; P\u0159esazov\u00e1n\u00ed Kultiva\u010dn\u00ed protokol 2\/4 &#8211; zavla\u017eov\u00e1n\u00ed Kultiva\u010dn\u00ed [&hellip;]\" \/>\n<meta property=\"og:url\" content=\"http:\/\/www.lifeagrised.com\/i-nostri-video\/\" \/>\n<meta property=\"og:site_name\" content=\"LIFE Agrised\" \/>\n<meta property=\"article:modified_time\" content=\"2022-05-04T18:25:08+00:00\" \/>\n<meta property=\"og:image\" content=\"http:\/\/www.lifeagrised.com\/wp-content\/uploads\/2022\/01\/Video-TVL-life-agrised-30-december-2021-300x157.png\" \/>\n<meta name=\"twitter:card\" content=\"summary_large_image\" \/>\n<meta name=\"twitter:label1\" content=\"Est. reading time\" \/>\n\t<meta name=\"twitter:data1\" content=\"1 minute\" \/>\n<script type=\"application\/ld+json\" class=\"yoast-schema-graph\">{\"@context\":\"https:\/\/schema.org\",\"@graph\":[{\"@type\":\"WebSite\",\"@id\":\"http:\/\/www.lifeagrised.com\/#website\",\"url\":\"http:\/\/www.lifeagrised.com\/\",\"name\":\"LIFE Agrised\",\"description\":\"Use of dredged sediments for creating innovative growing media and technosols for plant nursery and soil rehabilitation\",\"potentialAction\":[{\"@type\":\"SearchAction\",\"target\":{\"@type\":\"EntryPoint\",\"urlTemplate\":\"http:\/\/www.lifeagrised.com\/?s={search_term_string}\"},\"query-input\":\"required name=search_term_string\"}],\"inLanguage\":\"cz\"},{\"@type\":\"ImageObject\",\"@id\":\"http:\/\/www.lifeagrised.com\/i-nostri-video\/#primaryimage\",\"inLanguage\":\"cz\",\"url\":\"http:\/\/www.lifeagrised.com\/wp-content\/uploads\/2022\/01\/Video-TVL-life-agrised-30-december-2021.png\",\"contentUrl\":\"http:\/\/www.lifeagrised.com\/wp-content\/uploads\/2022\/01\/Video-TVL-life-agrised-30-december-2021.png\",\"width\":793,\"height\":415},{\"@type\":\"WebPage\",\"@id\":\"http:\/\/www.lifeagrised.com\/i-nostri-video\/#webpage\",\"url\":\"http:\/\/www.lifeagrised.com\/i-nostri-video\/\",\"name\":\"Na\\u0161e videa - LIFE Agrised\",\"isPartOf\":{\"@id\":\"http:\/\/www.lifeagrised.com\/#website\"},\"primaryImageOfPage\":{\"@id\":\"http:\/\/www.lifeagrised.com\/i-nostri-video\/#primaryimage\"},\"datePublished\":\"2021-06-21T15:26:53+00:00\",\"dateModified\":\"2022-05-04T18:25:08+00:00\",\"breadcrumb\":{\"@id\":\"http:\/\/www.lifeagrised.com\/i-nostri-video\/#breadcrumb\"},\"inLanguage\":\"cz\",\"potentialAction\":[{\"@type\":\"ReadAction\",\"target\":[\"http:\/\/www.lifeagrised.com\/i-nostri-video\/\"]}]},{\"@type\":\"BreadcrumbList\",\"@id\":\"http:\/\/www.lifeagrised.com\/i-nostri-video\/#breadcrumb\",\"itemListElement\":[{\"@type\":\"ListItem\",\"position\":1,\"name\":\"Home\",\"item\":\"http:\/\/www.lifeagrised.com\/\"},{\"@type\":\"ListItem\",\"position\":2,\"name\":\"I nostri video\"}]}]}<\/script>\n<!-- \/ Yoast SEO plugin. -->","_links":{"self":[{"href":"http:\/\/www.lifeagrised.com\/cz\/wp-json\/wp\/v2\/pages\/1208"}],"collection":[{"href":"http:\/\/www.lifeagrised.com\/cz\/wp-json\/wp\/v2\/pages"}],"about":[{"href":"http:\/\/www.lifeagrised.com\/cz\/wp-json\/wp\/v2\/types\/page"}],"author":[{"embeddable":true,"href":"http:\/\/www.lifeagrised.com\/cz\/wp-json\/wp\/v2\/users\/1"}],"replies":[{"embeddable":true,"href":"http:\/\/www.lifeagrised.com\/cz\/wp-json\/wp\/v2\/comments?post=1208"}],"version-history":[{"count":8,"href":"http:\/\/www.lifeagrised.com\/cz\/wp-json\/wp\/v2\/pages\/1208\/revisions"}],"predecessor-version":[{"id":1495,"href":"http:\/\/www.lifeagrised.com\/cz\/wp-json\/wp\/v2\/pages\/1208\/revisions\/1495"}],"wp:attachment":[{"href":"http:\/\/www.lifeagrised.com\/cz\/wp-json\/wp\/v2\/media?parent=1208"}],"curies":[{"name":"wp","href":"https:\/\/api.w.org\/{rel}","templated":true}]}}