{"id":1487,"date":"2022-03-28T11:35:40","date_gmt":"2022-03-28T09:35:40","guid":{"rendered":"http:\/\/www.lifeagrised.com\/?page_id=1487"},"modified":"2022-04-05T23:45:09","modified_gmt":"2022-04-05T21:45:09","slug":"le-linee-guida-agrised","status":"publish","type":"page","link":"http:\/\/www.lifeagrised.com\/cz\/le-linee-guida-agrised\/","title":{"rendered":"Pokyny AGRISED!"},"content":{"rendered":"<p>St\u00e1hn\u011bte si pokyny projektu AGRISED (anglick\u00e1 verze)! Klikn\u011bte na n\u00e1hledy n\u00ed\u017ee!<a href=\"https:\/\/bit.ly\/3j7Gi4j\"><img loading=\"lazy\" class=\"aligncenter size-large wp-image-1477\" src=\"http:\/\/www.lifeagrised.com\/wp-content\/uploads\/2022\/04\/ENG-Linee-guida-compostaggio_page-0001-721x1024.jpg\" alt=\"\" width=\"721\" height=\"1024\" srcset=\"http:\/\/www.lifeagrised.com\/wp-content\/uploads\/2022\/04\/ENG-Linee-guida-compostaggio_page-0001-721x1024.jpg 721w, http:\/\/www.lifeagrised.com\/wp-content\/uploads\/2022\/04\/ENG-Linee-guida-compostaggio_page-0001-211x300.jpg 211w, http:\/\/www.lifeagrised.com\/wp-content\/uploads\/2022\/04\/ENG-Linee-guida-compostaggio_page-0001-768x1090.jpg 768w, http:\/\/www.lifeagrised.com\/wp-content\/uploads\/2022\/04\/ENG-Linee-guida-compostaggio_page-0001-820x1164.jpg 820w, http:\/\/www.lifeagrised.com\/wp-content\/uploads\/2022\/04\/ENG-Linee-guida-compostaggio_page-0001.jpg 874w\" sizes=\"(max-width: 721px) 100vw, 721px\" \/><\/a><\/p>\n<p><a href=\"https:\/\/bit.ly\/3uUEDER\"><img loading=\"lazy\" class=\"aligncenter wp-image-1473 size-large\" src=\"http:\/\/www.lifeagrised.com\/wp-content\/uploads\/2022\/04\/ENG-Linee-guida-allevamento-in-vaso-con-compost_page-0001-721x1024.jpg\" alt=\"\" width=\"721\" height=\"1024\" srcset=\"http:\/\/www.lifeagrised.com\/wp-content\/uploads\/2022\/04\/ENG-Linee-guida-allevamento-in-vaso-con-compost_page-0001-721x1024.jpg 721w, http:\/\/www.lifeagrised.com\/wp-content\/uploads\/2022\/04\/ENG-Linee-guida-allevamento-in-vaso-con-compost_page-0001-211x300.jpg 211w, http:\/\/www.lifeagrised.com\/wp-content\/uploads\/2022\/04\/ENG-Linee-guida-allevamento-in-vaso-con-compost_page-0001-768x1090.jpg 768w, http:\/\/www.lifeagrised.com\/wp-content\/uploads\/2022\/04\/ENG-Linee-guida-allevamento-in-vaso-con-compost_page-0001-820x1164.jpg 820w, http:\/\/www.lifeagrised.com\/wp-content\/uploads\/2022\/04\/ENG-Linee-guida-allevamento-in-vaso-con-compost_page-0001.jpg 874w\" sizes=\"(max-width: 721px) 100vw, 721px\" \/><\/a><\/p>\n<p><a href=\"https:\/\/bit.ly\/3DINSf8\"><img loading=\"lazy\" class=\"aligncenter size-large wp-image-1474\" src=\"http:\/\/www.lifeagrised.com\/wp-content\/uploads\/2022\/04\/ENG-Linee-guida-tecnosuoli_page-0001-721x1024.jpg\" alt=\"\" width=\"721\" height=\"1024\" srcset=\"http:\/\/www.lifeagrised.com\/wp-content\/uploads\/2022\/04\/ENG-Linee-guida-tecnosuoli_page-0001-721x1024.jpg 721w, http:\/\/www.lifeagrised.com\/wp-content\/uploads\/2022\/04\/ENG-Linee-guida-tecnosuoli_page-0001-211x300.jpg 211w, http:\/\/www.lifeagrised.com\/wp-content\/uploads\/2022\/04\/ENG-Linee-guida-tecnosuoli_page-0001-768x1090.jpg 768w, http:\/\/www.lifeagrised.com\/wp-content\/uploads\/2022\/04\/ENG-Linee-guida-tecnosuoli_page-0001-820x1164.jpg 820w, http:\/\/www.lifeagrised.com\/wp-content\/uploads\/2022\/04\/ENG-Linee-guida-tecnosuoli_page-0001.jpg 874w\" sizes=\"(max-width: 721px) 100vw, 721px\" \/><\/a><\/p>","protected":false},"excerpt":{"rendered":"<p>St\u00e1hn\u011bte si pokyny projektu AGRISED (anglick\u00e1 verze)! Klikn\u011bte na n\u00e1hledy n\u00ed\u017ee!<\/p>\n","protected":false},"author":1,"featured_media":0,"parent":0,"menu_order":0,"comment_status":"closed","ping_status":"closed","template":"","meta":[],"yoast_head":"<!-- This site is optimized with the Yoast SEO plugin v16.6.1 - https:\/\/yoast.com\/wordpress\/plugins\/seo\/ -->\n<title>Pokyny AGRISED! - LIFE Agrised<\/title>\n<meta name=\"robots\" content=\"index, follow, max-snippet:-1, max-image-preview:large, max-video-preview:-1\" \/>\n<link rel=\"canonical\" href=\"http:\/\/www.lifeagrised.com\/le-linee-guida-agrised\/\" \/>\n<meta property=\"og:locale\" content=\"en_US\" \/>\n<meta property=\"og:type\" content=\"article\" \/>\n<meta property=\"og:title\" content=\"Pokyny AGRISED! - LIFE Agrised\" \/>\n<meta property=\"og:description\" content=\"St\u00e1hn\u011bte si pokyny projektu AGRISED (anglick\u00e1 verze)! Klikn\u011bte na n\u00e1hledy n\u00ed\u017ee!\" \/>\n<meta property=\"og:url\" content=\"http:\/\/www.lifeagrised.com\/le-linee-guida-agrised\/\" \/>\n<meta property=\"og:site_name\" content=\"LIFE Agrised\" \/>\n<meta property=\"article:modified_time\" content=\"2022-04-05T21:45:09+00:00\" \/>\n<meta property=\"og:image\" content=\"http:\/\/www.lifeagrised.com\/wp-content\/uploads\/2022\/04\/ITA-Linee-guida-compostaggio_final_page-0001-721x1024.jpg\" \/>\n<meta name=\"twitter:card\" content=\"summary_large_image\" \/>\n<meta name=\"twitter:label1\" content=\"Est. reading time\" \/>\n\t<meta name=\"twitter:data1\" content=\"1 minute\" \/>\n<script type=\"application\/ld+json\" class=\"yoast-schema-graph\">{\"@context\":\"https:\/\/schema.org\",\"@graph\":[{\"@type\":\"WebSite\",\"@id\":\"http:\/\/www.lifeagrised.com\/#website\",\"url\":\"http:\/\/www.lifeagrised.com\/\",\"name\":\"LIFE Agrised\",\"description\":\"Use of dredged sediments for creating innovative growing media and technosols for plant nursery and soil rehabilitation\",\"potentialAction\":[{\"@type\":\"SearchAction\",\"target\":{\"@type\":\"EntryPoint\",\"urlTemplate\":\"http:\/\/www.lifeagrised.com\/?s={search_term_string}\"},\"query-input\":\"required name=search_term_string\"}],\"inLanguage\":\"cz\"},{\"@type\":\"ImageObject\",\"@id\":\"http:\/\/www.lifeagrised.com\/le-linee-guida-agrised\/#primaryimage\",\"inLanguage\":\"cz\",\"url\":\"http:\/\/www.lifeagrised.com\/wp-content\/uploads\/2022\/04\/ITA-Linee-guida-compostaggio_final_page-0001.jpg\",\"contentUrl\":\"http:\/\/www.lifeagrised.com\/wp-content\/uploads\/2022\/04\/ITA-Linee-guida-compostaggio_final_page-0001.jpg\",\"width\":874,\"height\":1241},{\"@type\":\"WebPage\",\"@id\":\"http:\/\/www.lifeagrised.com\/le-linee-guida-agrised\/#webpage\",\"url\":\"http:\/\/www.lifeagrised.com\/le-linee-guida-agrised\/\",\"name\":\"Pokyny AGRISED! - LIFE Agrised\",\"isPartOf\":{\"@id\":\"http:\/\/www.lifeagrised.com\/#website\"},\"primaryImageOfPage\":{\"@id\":\"http:\/\/www.lifeagrised.com\/le-linee-guida-agrised\/#primaryimage\"},\"datePublished\":\"2022-03-28T09:35:40+00:00\",\"dateModified\":\"2022-04-05T21:45:09+00:00\",\"breadcrumb\":{\"@id\":\"http:\/\/www.lifeagrised.com\/le-linee-guida-agrised\/#breadcrumb\"},\"inLanguage\":\"cz\",\"potentialAction\":[{\"@type\":\"ReadAction\",\"target\":[\"http:\/\/www.lifeagrised.com\/le-linee-guida-agrised\/\"]}]},{\"@type\":\"BreadcrumbList\",\"@id\":\"http:\/\/www.lifeagrised.com\/le-linee-guida-agrised\/#breadcrumb\",\"itemListElement\":[{\"@type\":\"ListItem\",\"position\":1,\"name\":\"Home\",\"item\":\"http:\/\/www.lifeagrised.com\/\"},{\"@type\":\"ListItem\",\"position\":2,\"name\":\"Le linee guida AGRISED!\"}]}]}<\/script>\n<!-- \/ Yoast SEO plugin. -->","_links":{"self":[{"href":"http:\/\/www.lifeagrised.com\/cz\/wp-json\/wp\/v2\/pages\/1487"}],"collection":[{"href":"http:\/\/www.lifeagrised.com\/cz\/wp-json\/wp\/v2\/pages"}],"about":[{"href":"http:\/\/www.lifeagrised.com\/cz\/wp-json\/wp\/v2\/types\/page"}],"author":[{"embeddable":true,"href":"http:\/\/www.lifeagrised.com\/cz\/wp-json\/wp\/v2\/users\/1"}],"replies":[{"embeddable":true,"href":"http:\/\/www.lifeagrised.com\/cz\/wp-json\/wp\/v2\/comments?post=1487"}],"version-history":[{"count":1,"href":"http:\/\/www.lifeagrised.com\/cz\/wp-json\/wp\/v2\/pages\/1487\/revisions"}],"predecessor-version":[{"id":1488,"href":"http:\/\/www.lifeagrised.com\/cz\/wp-json\/wp\/v2\/pages\/1487\/revisions\/1488"}],"wp:attachment":[{"href":"http:\/\/www.lifeagrised.com\/cz\/wp-json\/wp\/v2\/media?parent=1487"}],"curies":[{"name":"wp","href":"https:\/\/api.w.org\/{rel}","templated":true}]}}