{"id":30,"date":"2018-10-08T11:33:20","date_gmt":"2018-10-08T09:33:20","guid":{"rendered":"http:\/\/www.lifeagrised.com\/?page_id=30"},"modified":"2021-01-04T16:05:03","modified_gmt":"2021-01-04T15:05:03","slug":"il-programma-life","status":"publish","type":"page","link":"http:\/\/www.lifeagrised.com\/cz\/il-programma-life\/","title":{"rendered":"Programu LIFE"},"content":{"rendered":"<p><strong>Evropsk\u00e1 unie financuje prost\u0159ednictv\u00edm\u00a0<a href=\"https:\/\/ec.europa.eu\/easme\/en\/life\">programu LIFE<\/a>\u00a0nejr\u016fzn\u011bj\u0161\u00ed projekty na ochranu \u017eivotn\u00edho prost\u0159ed\u00ed a z\u00e1chranu fauny a flory<\/strong>. Tento program byl z\u0159\u00edzen v roce 1992 k financov\u00e1n\u00ed projekt\u016f nejen v \u010dlensk\u00fdch st\u00e1tech Unie, ale i v n\u011bkter\u00fdch kandid\u00e1tsk\u00fdch a sousedn\u00edch zem\u00edch.<\/p>\n<p>\u010ctvrt\u00e1 f\u00e1ze programu, kter\u00e1 se naz\u00fdv\u00e1 LIFE+ a je rozvr\u017eena na obdob\u00ed 2007-2013. Disponuje rozpo\u010dtem ve v\u00fd\u0161i 2 143 milion\u016f eur. Alespo\u0148 50 % z t\u00e9to \u010d\u00e1stky p\u0159i tom mus\u00ed b\u00fdt vynalo\u017eeno na projekty ochrany p\u0159\u00edrody a biodiverzity. Zbyl\u00e1 \u010d\u00e1stka jde na\u00a0projekty v r\u00e1mci environment\u00e1ln\u00ed politiky a osv\u011bty o ot\u00e1zk\u00e1ch \u017eivotn\u00edho prost\u0159ed\u00ed.<\/p>\n<p>Projekty spadaj\u00edc\u00ed do slo\u017eky P\u0159\u00edroda a biologick\u00e1 rozmanitost maj\u00ed za c\u00edl z\u00e1chranu ohro\u017een\u00fdch druh\u016f a p\u0159\u00edrodn\u00edch stanovi\u0161\u0165. Maj\u00ed pom\u00e1hat v prov\u00e1d\u011bn\u00ed sm\u011brnice na ochranu voln\u011b \u017eij\u00edc\u00edho ptactva a sm\u011brnice na ochranu stanovi\u0161\u0165. Slou\u017e\u00ed rovn\u011b\u017e s\u00edti chr\u00e1n\u011bn\u00fdch oblast\u00ed Natura 2000. Jedn\u00e1 se o pilotn\u00ed projekty, kter\u00e9 maj\u00ed p\u0159isp\u011bt k evropsk\u00e9mu c\u00edli zastavit ztr\u00e1tu biodiverzity.<\/p>\n<p>Do roku 2012 se z programu\u00a0<em>LIFE\u00a0<\/em>v r\u00e1mci slo\u017eky P\u0159\u00edroda a biologick\u00e1 rozmanitost spolufinancovalo p\u0159es 1 000 projekt\u016f. Od roku 1992 tak p\u0159\u00edmo z programu poskytlo 1,5 miliard EUR a celkem se poda\u0159ilo zmobilizovat p\u0159ibli\u017en\u011b 2,7 miliardy EUR.<\/p>\n<p>V r\u00e1mci projekt\u016f LIFE se nap\u0159\u00edklad pomohlo p\u0159i z\u00e1chran\u011b populac\u00ed medv\u011bd\u016f hn\u011bd\u00fdch, tule\u0148\u016f st\u0159edomo\u0159sk\u00fdch a \u010di vlk\u016f obecn\u00fdch. P\u0159es 400 ohro\u017een\u00fdch druh\u016f uveden\u00fdch ve sm\u011brnic\u00edch o ochran\u011b voln\u011b \u017eij\u00edc\u00edho ptactva a ochran\u011b p\u0159\u00edrodn\u00edch stanovi\u0161\u0165 (tedy v\u00edce ne\u017e t\u0159etina) byla st\u0159edem pozornosti jednoho \u010di n\u011bkolika projekt\u016f programu LIFE.<\/p>\n<p>Program rovn\u011b\u017e financoval p\u0159es 1 000 pl\u00e1n\u016f \u0159\u00edzen\u00ed v r\u00e1mci s\u00edt\u011b Natura 2000. Jde o v\u00fdznamn\u00e9 kroky v prevenci ztr\u00e1ty biodiverzity. V r\u00e1mci jin\u00fdch projekt\u016f vznikly druhov\u00e9 koridory a m\u011bstsk\u00e1 p\u0159\u00edrodn\u00ed stanovi\u0161t\u011b, byla zavedena opat\u0159en\u00ed k p\u0159izp\u016fsoben\u00ed se zm\u011bn\u00e1m klimatu, podpo\u0159ily se ekosyst\u00e9mov\u00e9 slu\u017eby a p\u0159isp\u011blo se ke zv\u00fd\u0161en\u00ed informovanosti podnik\u016f o v\u00fdznamu biodiverzity. P\u0159es 100 projekt\u016f financovan\u00fdch z programu LIFE \u0159e\u0161ilo nap\u0159\u00edklad invazivn\u00ed ciz\u00ed druhy a zam\u011b\u0159ilo se na druhy, nap\u0159\u00edklad na norka americk\u00e9ho, k\u0159\u00eddlatku japonskou a nep\u016fvodn\u00ed druhy rak\u016f.<\/p>","protected":false},"excerpt":{"rendered":"<p>Evropsk\u00e1 unie financuje prost\u0159ednictv\u00edm\u00a0programu LIFE\u00a0nejr\u016fzn\u011bj\u0161\u00ed projekty na ochranu \u017eivotn\u00edho prost\u0159ed\u00ed a z\u00e1chranu fauny a flory. Tento program byl z\u0159\u00edzen v roce 1992 k financov\u00e1n\u00ed projekt\u016f nejen v \u010dlensk\u00fdch st\u00e1tech Unie, ale i v n\u011bkter\u00fdch kandid\u00e1tsk\u00fdch a sousedn\u00edch zem\u00edch. \u010ctvrt\u00e1 f\u00e1ze programu, kter\u00e1 se naz\u00fdv\u00e1 LIFE+ a je rozvr\u017eena na obdob\u00ed 2007-2013. Disponuje rozpo\u010dtem ve v\u00fd\u0161i [&hellip;]<\/p>\n","protected":false},"author":1,"featured_media":65,"parent":0,"menu_order":0,"comment_status":"closed","ping_status":"closed","template":"","meta":[],"yoast_head":"<!-- This site is optimized with the Yoast SEO plugin v16.6.1 - https:\/\/yoast.com\/wordpress\/plugins\/seo\/ -->\n<title>Programu LIFE - LIFE Agrised<\/title>\n<meta name=\"robots\" content=\"index, follow, max-snippet:-1, max-image-preview:large, max-video-preview:-1\" \/>\n<link rel=\"canonical\" href=\"http:\/\/www.lifeagrised.com\/il-programma-life\/\" \/>\n<meta property=\"og:locale\" content=\"en_US\" \/>\n<meta property=\"og:type\" content=\"article\" \/>\n<meta property=\"og:title\" content=\"Programu LIFE - LIFE Agrised\" \/>\n<meta property=\"og:description\" content=\"Evropsk\u00e1 unie financuje prost\u0159ednictv\u00edm\u00a0programu LIFE\u00a0nejr\u016fzn\u011bj\u0161\u00ed projekty na ochranu \u017eivotn\u00edho prost\u0159ed\u00ed a z\u00e1chranu fauny a flory. Tento program byl z\u0159\u00edzen v roce 1992 k financov\u00e1n\u00ed projekt\u016f nejen v \u010dlensk\u00fdch st\u00e1tech Unie, ale i v n\u011bkter\u00fdch kandid\u00e1tsk\u00fdch a sousedn\u00edch zem\u00edch. \u010ctvrt\u00e1 f\u00e1ze programu, kter\u00e1 se naz\u00fdv\u00e1 LIFE+ a je rozvr\u017eena na obdob\u00ed 2007-2013. Disponuje rozpo\u010dtem ve v\u00fd\u0161i [&hellip;]\" \/>\n<meta property=\"og:url\" content=\"http:\/\/www.lifeagrised.com\/il-programma-life\/\" \/>\n<meta property=\"og:site_name\" content=\"LIFE Agrised\" \/>\n<meta property=\"article:modified_time\" content=\"2021-01-04T15:05:03+00:00\" \/>\n<meta property=\"og:image\" content=\"http:\/\/www.lifeagrised.com\/wp-content\/uploads\/2018\/10\/greenhouse_nursery_agriculture.jpg\" \/>\n\t<meta property=\"og:image:width\" content=\"3264\" \/>\n\t<meta property=\"og:image:height\" content=\"2448\" \/>\n<meta name=\"twitter:card\" content=\"summary_large_image\" \/>\n<meta name=\"twitter:label1\" content=\"Est. reading time\" \/>\n\t<meta name=\"twitter:data1\" content=\"5 minutes\" \/>\n<script type=\"application\/ld+json\" class=\"yoast-schema-graph\">{\"@context\":\"https:\/\/schema.org\",\"@graph\":[{\"@type\":\"WebSite\",\"@id\":\"http:\/\/www.lifeagrised.com\/#website\",\"url\":\"http:\/\/www.lifeagrised.com\/\",\"name\":\"LIFE Agrised\",\"description\":\"Use of dredged sediments for creating innovative growing media and technosols for plant nursery and soil rehabilitation\",\"potentialAction\":[{\"@type\":\"SearchAction\",\"target\":{\"@type\":\"EntryPoint\",\"urlTemplate\":\"http:\/\/www.lifeagrised.com\/?s={search_term_string}\"},\"query-input\":\"required name=search_term_string\"}],\"inLanguage\":\"cz\"},{\"@type\":\"ImageObject\",\"@id\":\"http:\/\/www.lifeagrised.com\/il-programma-life\/#primaryimage\",\"inLanguage\":\"cz\",\"url\":\"http:\/\/www.lifeagrised.com\/wp-content\/uploads\/2018\/10\/greenhouse_nursery_agriculture.jpg\",\"contentUrl\":\"http:\/\/www.lifeagrised.com\/wp-content\/uploads\/2018\/10\/greenhouse_nursery_agriculture.jpg\",\"width\":3264,\"height\":2448},{\"@type\":\"WebPage\",\"@id\":\"http:\/\/www.lifeagrised.com\/il-programma-life\/#webpage\",\"url\":\"http:\/\/www.lifeagrised.com\/il-programma-life\/\",\"name\":\"Programu LIFE - LIFE Agrised\",\"isPartOf\":{\"@id\":\"http:\/\/www.lifeagrised.com\/#website\"},\"primaryImageOfPage\":{\"@id\":\"http:\/\/www.lifeagrised.com\/il-programma-life\/#primaryimage\"},\"datePublished\":\"2018-10-08T09:33:20+00:00\",\"dateModified\":\"2021-01-04T15:05:03+00:00\",\"breadcrumb\":{\"@id\":\"http:\/\/www.lifeagrised.com\/il-programma-life\/#breadcrumb\"},\"inLanguage\":\"cz\",\"potentialAction\":[{\"@type\":\"ReadAction\",\"target\":[\"http:\/\/www.lifeagrised.com\/il-programma-life\/\"]}]},{\"@type\":\"BreadcrumbList\",\"@id\":\"http:\/\/www.lifeagrised.com\/il-programma-life\/#breadcrumb\",\"itemListElement\":[{\"@type\":\"ListItem\",\"position\":1,\"name\":\"Home\",\"item\":\"http:\/\/www.lifeagrised.com\/\"},{\"@type\":\"ListItem\",\"position\":2,\"name\":\"Il programma LIFE\"}]}]}<\/script>\n<!-- \/ Yoast SEO plugin. -->","_links":{"self":[{"href":"http:\/\/www.lifeagrised.com\/cz\/wp-json\/wp\/v2\/pages\/30"}],"collection":[{"href":"http:\/\/www.lifeagrised.com\/cz\/wp-json\/wp\/v2\/pages"}],"about":[{"href":"http:\/\/www.lifeagrised.com\/cz\/wp-json\/wp\/v2\/types\/page"}],"author":[{"embeddable":true,"href":"http:\/\/www.lifeagrised.com\/cz\/wp-json\/wp\/v2\/users\/1"}],"replies":[{"embeddable":true,"href":"http:\/\/www.lifeagrised.com\/cz\/wp-json\/wp\/v2\/comments?post=30"}],"version-history":[{"count":6,"href":"http:\/\/www.lifeagrised.com\/cz\/wp-json\/wp\/v2\/pages\/30\/revisions"}],"predecessor-version":[{"id":1150,"href":"http:\/\/www.lifeagrised.com\/cz\/wp-json\/wp\/v2\/pages\/30\/revisions\/1150"}],"wp:featuredmedia":[{"embeddable":true,"href":"http:\/\/www.lifeagrised.com\/cz\/wp-json\/wp\/v2\/media\/65"}],"wp:attachment":[{"href":"http:\/\/www.lifeagrised.com\/cz\/wp-json\/wp\/v2\/media?parent=30"}],"curies":[{"name":"wp","href":"https:\/\/api.w.org\/{rel}","templated":true}]}}