{"id":32,"date":"2018-10-08T11:33:53","date_gmt":"2018-10-08T09:33:53","guid":{"rendered":"http:\/\/www.lifeagrised.com\/?page_id=32"},"modified":"2020-03-19T19:11:28","modified_gmt":"2020-03-19T18:11:28","slug":"progetto","status":"publish","type":"page","link":"http:\/\/www.lifeagrised.com\/cz\/","title":{"rendered":"Projekt LIFE Agrised"},"content":{"rendered":"<p>C\u00edlem <strong>projektu LIFE AgriSed<\/strong> je demonstrovat<em> vhodnost vyt\u011b\u017een\u00fdch sediment\u016f, pou\u017e\u00edvan\u00fdch bez \u00faprav, nebo kompostovan\u00fdch spole\u010dn\u011b se zelen\u00fdm odpadem, k v\u00fdrob\u011b inovativn\u00edch technosol\u016f pro rekultivaci degradovan\u00e9 p\u016fdy a \u201ebrownfield\u016f\u201c a k\u00a0d\u00e1le k v\u00fdrob\u011b inovativn\u00edch p\u011bstebn\u00edch substr\u00e1t\u016f pro rostlinn\u00e9 \u0161kolky a zahradnictv\u00ed.<\/em><\/p>\n<p>Efektivita inovativn\u00edch r\u016fstov\u00fdch substr\u00e1t\u016f na b\u00e1zi sediment\u016f a kvalita t\u011bmito substr\u00e1ty rekonstituovan\u00e9 p\u016fdy bude porovn\u00e1na s tradi\u010dn\u00edmi p\u0159\u00edstupy k rekultivaci p\u016fdy a tradi\u010dn\u00edmi p\u011bstitelsk\u00fdmi m\u00e9dii pou\u017e\u00edvan\u00fdmi k produkci okrasn\u00fdch rostlin s vysokou p\u0159idanou hodnotou. Proces ko-kompostov\u00e1n\u00ed v sedimentu\/zelen\u00e9m odpadu vytvo\u0159\u00ed produk\u010dn\u00ed m\u00e9dia s lep\u0161\u00ed plodnost\u00ed, strukturou, zadr\u017eovac\u00ed schopnost\u00ed vody, aerac\u00ed a biologickou aktivitou ne\u017e ra\u0161elina a kokosov\u00e1 d\u0159e\u0148.<\/p>\n<p>Demonstra\u010dn\u00ed experimenty budou prov\u00e1d\u011bny na p\u011bstitelsk\u00fdch rostlin\u00e1ch s vysokou p\u0159idanou hodnotou pro evropsk\u00fd trh: Bl\u00fdskalka fraserova a Kalina modroplod\u00e1.<\/p>\n<p>Bude provedena anal\u00fdza \u017eivotn\u00edho cyklu (LCA) a ekonomick\u00e1 anal\u00fdza op\u011btovn\u00e9ho vyu\u017eit\u00ed vyt\u011b\u017een\u00fdch sediment\u016f pro dva v\u00fdrobn\u00ed procesy, \u010d\u00edm\u017e dojde k\u00a0optimalizaci inovativn\u00edch p\u011bstebn\u00edch prost\u0159edk\u016f pro profesion\u00e1ln\u00ed p\u011bstitelsk\u00e9 \u0161kolky a tvorbu substr\u00e1t\u016f pro obnovu degradovan\u00fdch p\u016fd.<\/p>\n<p>&nbsp;<\/p>\n<p>Specifick\u00e9 c\u00edle projektu LIFE AgriSed jsou:<\/p>\n<ol>\n<li>Prok\u00e1zat vhodnost sediment\u016f, regenerovan\u00fdch spole\u010dn\u00fdm kompostov\u00e1n\u00edm, jako \u00fa\u017eivn\u00e9 slo\u017eky pro p\u011bstov\u00e1n\u00ed okrasn\u00fdch rostlin.<\/li>\n<li>Zaru\u010dit p\u0159enositelnost a opakovatelnost recyklace vyt\u011b\u017een\u00e9ho sedimentu prost\u0159ednictv\u00edm technick\u00e9ho \u0161kolen\u00ed a vyvinut\u00fdch podp\u016frn\u00fdch n\u00e1stroj\u016f, slou\u017e\u00edc\u00edch identifikaci a optimalizaci nejlep\u0161\u00ed techniky. Pomoc\u00ed v\u0161ech dostupn\u00fdch m\u00e9di\u00ed p\u0159isp\u011bt k aktivn\u00edmu p\u0159enosu znalost\u00ed na v\u0161ech \u00farovn\u00edch, m\u00edstn\u00ed, n\u00e1rodn\u00ed a evropsk\u00e9.<\/li>\n<li>Odhalit sou\u010dasn\u00e9 legislativn\u00ed a technick\u00e9 z\u00e1brany, kter\u00e9 br\u00e1n\u00ed op\u011btovn\u00e9mu pou\u017eit\u00ed vyt\u011b\u017een\u00fdch sediment\u016f jako\u017eto suroviny pro tvorbu technosol\u016f a jako slo\u017eky rostlinn\u00fdch p\u011bstebn\u00edch m\u00e9di\u00ed, a vypracovat manu\u00e1l pro jejich bezpe\u010dn\u00e9 pou\u017eit\u00ed. P\u0159isp\u011bt k revizi sou\u010dasn\u00fdch evropsk\u00fdch pr\u00e1vn\u00edch p\u0159edpis\u016f o hnojivech, t\u00fdkaj\u00edc\u00edch se mimo jin\u00e9 i p\u011bstebn\u00edch substr\u00e1t\u016f a p\u016fdy.<\/li>\n<li>\u0160\u00ed\u0159it osv\u011btu a podporovat sektor okrasn\u00e9ho zahradnictv\u00ed a produkce p\u016fdn\u00edch substr\u00e1t\u016f pomoc\u00ed ekonomicky efektivn\u00edch \u0159e\u0161en\u00ed, kter\u00e1 zahrnuj\u00ed \u00fa\u010dinn\u011bj\u0161\u00ed techniky s potenci\u00e1lem pro zlep\u0161en\u00ed ziskovosti.<\/li>\n<li>Identifikovat a zapojit do diskuze v\u0161echny relevantn\u00ed zainteresovan\u00e9 strany zab\u00fdvaj\u00edc\u00ed se ot\u00e1zkami p\u011bstov\u00e1n\u00ed rostlin a p\u016fdy. To v\u0161e v\u00a0kontextu soci\u00e1ln\u00edho, environment\u00e1ln\u00edho a ekonomick\u00e9ho v\u00fdznamu vyt\u011b\u017een\u00fdch sediment\u016f, p\u011bstitelsk\u00fdch \u0161kolek a p\u016fdy jako takov\u00e9.<\/li>\n<\/ol>\n<p><\/p>","protected":false},"excerpt":{"rendered":"<p>C\u00edlem projektu LIFE AgriSed je demonstrovat vhodnost vyt\u011b\u017een\u00fdch sediment\u016f, pou\u017e\u00edvan\u00fdch bez \u00faprav, nebo kompostovan\u00fdch spole\u010dn\u011b se zelen\u00fdm odpadem, k v\u00fdrob\u011b inovativn\u00edch technosol\u016f pro rekultivaci degradovan\u00e9 p\u016fdy a \u201ebrownfield\u016f\u201c a k\u00a0d\u00e1le k v\u00fdrob\u011b inovativn\u00edch p\u011bstebn\u00edch substr\u00e1t\u016f pro rostlinn\u00e9 \u0161kolky a zahradnictv\u00ed. Efektivita inovativn\u00edch r\u016fstov\u00fdch substr\u00e1t\u016f na b\u00e1zi sediment\u016f a kvalita t\u011bmito substr\u00e1ty rekonstituovan\u00e9 p\u016fdy bude porovn\u00e1na [&hellip;]<\/p>\n","protected":false},"author":1,"featured_media":0,"parent":0,"menu_order":0,"comment_status":"closed","ping_status":"closed","template":"","meta":[],"yoast_head":"<!-- This site is optimized with the Yoast SEO plugin v16.6.1 - https:\/\/yoast.com\/wordpress\/plugins\/seo\/ -->\n<title>Projekt LIFE Agrised - LIFE Agrised<\/title>\n<meta name=\"robots\" content=\"index, follow, max-snippet:-1, max-image-preview:large, max-video-preview:-1\" \/>\n<link rel=\"canonical\" href=\"http:\/\/www.lifeagrised.com\/\" \/>\n<meta property=\"og:locale\" content=\"en_US\" \/>\n<meta property=\"og:type\" content=\"article\" \/>\n<meta property=\"og:title\" content=\"Projekt LIFE Agrised - LIFE Agrised\" \/>\n<meta property=\"og:description\" content=\"C\u00edlem projektu LIFE AgriSed je demonstrovat vhodnost vyt\u011b\u017een\u00fdch sediment\u016f, pou\u017e\u00edvan\u00fdch bez \u00faprav, nebo kompostovan\u00fdch spole\u010dn\u011b se zelen\u00fdm odpadem, k v\u00fdrob\u011b inovativn\u00edch technosol\u016f pro rekultivaci degradovan\u00e9 p\u016fdy a \u201ebrownfield\u016f\u201c a k\u00a0d\u00e1le k v\u00fdrob\u011b inovativn\u00edch p\u011bstebn\u00edch substr\u00e1t\u016f pro rostlinn\u00e9 \u0161kolky a zahradnictv\u00ed. Efektivita inovativn\u00edch r\u016fstov\u00fdch substr\u00e1t\u016f na b\u00e1zi sediment\u016f a kvalita t\u011bmito substr\u00e1ty rekonstituovan\u00e9 p\u016fdy bude porovn\u00e1na [&hellip;]\" \/>\n<meta property=\"og:url\" content=\"http:\/\/www.lifeagrised.com\/\" \/>\n<meta property=\"og:site_name\" content=\"LIFE Agrised\" \/>\n<meta property=\"article:modified_time\" content=\"2020-03-19T18:11:28+00:00\" \/>\n<meta name=\"twitter:card\" content=\"summary_large_image\" \/>\n<meta name=\"twitter:label1\" content=\"Est. reading time\" \/>\n\t<meta name=\"twitter:data1\" content=\"6 minutes\" \/>\n<script type=\"application\/ld+json\" class=\"yoast-schema-graph\">{\"@context\":\"https:\/\/schema.org\",\"@graph\":[{\"@type\":\"WebSite\",\"@id\":\"http:\/\/www.lifeagrised.com\/#website\",\"url\":\"http:\/\/www.lifeagrised.com\/\",\"name\":\"LIFE Agrised\",\"description\":\"Use of dredged sediments for creating innovative growing media and technosols for plant nursery and soil rehabilitation\",\"potentialAction\":[{\"@type\":\"SearchAction\",\"target\":{\"@type\":\"EntryPoint\",\"urlTemplate\":\"http:\/\/www.lifeagrised.com\/?s={search_term_string}\"},\"query-input\":\"required name=search_term_string\"}],\"inLanguage\":\"cz\"},{\"@type\":\"WebPage\",\"@id\":\"http:\/\/www.lifeagrised.com\/#webpage\",\"url\":\"http:\/\/www.lifeagrised.com\/\",\"name\":\"Projekt LIFE Agrised - LIFE Agrised\",\"isPartOf\":{\"@id\":\"http:\/\/www.lifeagrised.com\/#website\"},\"datePublished\":\"2018-10-08T09:33:53+00:00\",\"dateModified\":\"2020-03-19T18:11:28+00:00\",\"breadcrumb\":{\"@id\":\"http:\/\/www.lifeagrised.com\/#breadcrumb\"},\"inLanguage\":\"cz\",\"potentialAction\":[{\"@type\":\"ReadAction\",\"target\":[\"http:\/\/www.lifeagrised.com\/\"]}]},{\"@type\":\"BreadcrumbList\",\"@id\":\"http:\/\/www.lifeagrised.com\/#breadcrumb\",\"itemListElement\":[{\"@type\":\"ListItem\",\"position\":1,\"name\":\"Home\",\"item\":\"http:\/\/www.lifeagrised.com\/\"},{\"@type\":\"ListItem\",\"position\":2,\"name\":\"Il progetto LIFE Agrised\"}]}]}<\/script>\n<!-- \/ Yoast SEO plugin. -->","_links":{"self":[{"href":"http:\/\/www.lifeagrised.com\/cz\/wp-json\/wp\/v2\/pages\/32"}],"collection":[{"href":"http:\/\/www.lifeagrised.com\/cz\/wp-json\/wp\/v2\/pages"}],"about":[{"href":"http:\/\/www.lifeagrised.com\/cz\/wp-json\/wp\/v2\/types\/page"}],"author":[{"embeddable":true,"href":"http:\/\/www.lifeagrised.com\/cz\/wp-json\/wp\/v2\/users\/1"}],"replies":[{"embeddable":true,"href":"http:\/\/www.lifeagrised.com\/cz\/wp-json\/wp\/v2\/comments?post=32"}],"version-history":[{"count":9,"href":"http:\/\/www.lifeagrised.com\/cz\/wp-json\/wp\/v2\/pages\/32\/revisions"}],"predecessor-version":[{"id":936,"href":"http:\/\/www.lifeagrised.com\/cz\/wp-json\/wp\/v2\/pages\/32\/revisions\/936"}],"wp:attachment":[{"href":"http:\/\/www.lifeagrised.com\/cz\/wp-json\/wp\/v2\/media?parent=32"}],"curies":[{"name":"wp","href":"https:\/\/api.w.org\/{rel}","templated":true}]}}