{"id":34,"date":"2018-10-08T11:34:46","date_gmt":"2018-10-08T09:34:46","guid":{"rendered":"http:\/\/www.lifeagrised.com\/?page_id=34"},"modified":"2020-11-24T10:17:36","modified_gmt":"2020-11-24T09:17:36","slug":"i-beneficiaries","status":"publish","type":"page","link":"http:\/\/www.lifeagrised.com\/cz\/i-beneficiaries\/","title":{"rendered":"P\u0159\u00edjemci"},"content":{"rendered":"<p><\/p>\n<h2 style=\"text-align: center;\"><em>Koordinuj\u00edc\u00ed p\u0159\u00edjemce<\/em><\/h2>\n<p>&nbsp;<\/p>\n<p><a href=\"http:\/\/www.lifeagrised.com\/agri-vivai-s-r-l\/\"><img loading=\"lazy\" class=\"size-medium wp-image-84 aligncenter\" src=\"http:\/\/www.lifeagrised.com\/wp-content\/uploads\/2018\/10\/agri-vivai-300x144.png\" alt=\"\" width=\"300\" height=\"144\" srcset=\"http:\/\/www.lifeagrised.com\/wp-content\/uploads\/2018\/10\/agri-vivai-300x144.png 300w, http:\/\/www.lifeagrised.com\/wp-content\/uploads\/2018\/10\/agri-vivai.png 308w\" sizes=\"(max-width: 300px) 100vw, 300px\" \/><\/a><\/p>\n<h2 style=\"text-align: center;\"><em><br \/>\nP\u0159idru\u017een\u00fd p\u0159\u00edjemce<br \/>\n<\/em><\/h2>\n<h2 style=\"text-align: center;\"><a href=\"http:\/\/www.lifeagrised.com\/eps-biotechnology-s-r-o\/\"><em><img loading=\"lazy\" class=\"wp-image-106 aligncenter\" src=\"http:\/\/www.lifeagrised.com\/wp-content\/uploads\/2018\/10\/eps_biotechnology_vv_web2-1--300x159.jpg\" alt=\"\" width=\"300\" height=\"159\" srcset=\"http:\/\/www.lifeagrised.com\/wp-content\/uploads\/2018\/10\/eps_biotechnology_vv_web2-1--300x159.jpg 300w, http:\/\/www.lifeagrised.com\/wp-content\/uploads\/2018\/10\/eps_biotechnology_vv_web2-1--768x408.jpg 768w, http:\/\/www.lifeagrised.com\/wp-content\/uploads\/2018\/10\/eps_biotechnology_vv_web2-1--1024x544.jpg 1024w, http:\/\/www.lifeagrised.com\/wp-content\/uploads\/2018\/10\/eps_biotechnology_vv_web2-1--820x436.jpg 820w\" sizes=\"(max-width: 300px) 100vw, 300px\" \/><\/em><\/a><\/h2>\n<p>&nbsp;<\/p>\n<p><a href=\"http:\/\/www.lifeagrised.com\/societa-agricola-f-lli-gorini-piante-s-s\/\"><img loading=\"lazy\" class=\" wp-image-95 aligncenter\" src=\"http:\/\/www.lifeagrised.com\/wp-content\/uploads\/2018\/10\/gorini-piante-logo.png\" alt=\"\" width=\"347\" height=\"85\" \/><\/a><\/p>\n<p>&nbsp;<\/p>\n<p><a href=\"http:\/\/www.lifeagrised.com\/ise-cnr\/\"><img loading=\"lazy\" class=\"aligncenter wp-image-783 size-medium\" src=\"http:\/\/www.lifeagrised.com\/wp-content\/uploads\/2020\/01\/marchio-CNR-IRET-tracce-300x292.png\" alt=\"\" width=\"300\" height=\"292\" srcset=\"http:\/\/www.lifeagrised.com\/wp-content\/uploads\/2020\/01\/marchio-CNR-IRET-tracce-300x292.png 300w, http:\/\/www.lifeagrised.com\/wp-content\/uploads\/2020\/01\/marchio-CNR-IRET-tracce-768x748.png 768w, http:\/\/www.lifeagrised.com\/wp-content\/uploads\/2020\/01\/marchio-CNR-IRET-tracce-1024x998.png 1024w, http:\/\/www.lifeagrised.com\/wp-content\/uploads\/2020\/01\/marchio-CNR-IRET-tracce-820x799.png 820w, http:\/\/www.lifeagrised.com\/wp-content\/uploads\/2020\/01\/marchio-CNR-IRET-tracce.png 1294w\" sizes=\"(max-width: 300px) 100vw, 300px\" \/><\/a><\/p>\n<p>&nbsp;<\/p>\n<p><a href=\"http:\/\/www.lifeagrised.com\/m-c-m-ecosistemi\/\"><img loading=\"lazy\" class=\" wp-image-101 aligncenter\" src=\"http:\/\/www.lifeagrised.com\/wp-content\/uploads\/2018\/10\/logo-mcm-ecosistemi.png\" alt=\"\" width=\"351\" height=\"135\" \/><\/a><\/p>\n<p>&nbsp;<\/p>\n<p><a href=\"http:\/\/www.lifeagrised.com\/universita-degli-studi-di-firenze-scienze-delle-piante-del-suolo-e-dellambiente\/\"><img loading=\"lazy\" class=\" wp-image-104 aligncenter\" src=\"http:\/\/www.lifeagrised.com\/wp-content\/uploads\/2018\/10\/dipsa75-300x135.jpg\" alt=\"\" width=\"351\" height=\"158\" srcset=\"http:\/\/www.lifeagrised.com\/wp-content\/uploads\/2018\/10\/dipsa75-300x135.jpg 300w, http:\/\/www.lifeagrised.com\/wp-content\/uploads\/2018\/10\/dipsa75.jpg 315w\" sizes=\"(max-width: 351px) 100vw, 351px\" \/><\/a><\/p>","protected":false},"excerpt":{"rendered":"<p>Koordinuj\u00edc\u00ed p\u0159\u00edjemce &nbsp; P\u0159idru\u017een\u00fd p\u0159\u00edjemce &nbsp; &nbsp; &nbsp; &nbsp;<\/p>\n","protected":false},"author":1,"featured_media":0,"parent":0,"menu_order":0,"comment_status":"closed","ping_status":"closed","template":"","meta":[],"yoast_head":"<!-- This site is optimized with the Yoast SEO plugin v16.6.1 - https:\/\/yoast.com\/wordpress\/plugins\/seo\/ -->\n<title>P\u0159\u00edjemci - LIFE Agrised<\/title>\n<meta name=\"robots\" content=\"index, follow, max-snippet:-1, max-image-preview:large, max-video-preview:-1\" \/>\n<link rel=\"canonical\" href=\"http:\/\/www.lifeagrised.com\/i-beneficiaries\/\" \/>\n<meta property=\"og:locale\" content=\"en_US\" \/>\n<meta property=\"og:type\" content=\"article\" \/>\n<meta property=\"og:title\" content=\"P\u0159\u00edjemci - LIFE Agrised\" \/>\n<meta property=\"og:description\" content=\"Koordinuj\u00edc\u00ed p\u0159\u00edjemce &nbsp; P\u0159idru\u017een\u00fd p\u0159\u00edjemce &nbsp; &nbsp; &nbsp; &nbsp;\" \/>\n<meta property=\"og:url\" content=\"http:\/\/www.lifeagrised.com\/i-beneficiaries\/\" \/>\n<meta property=\"og:site_name\" content=\"LIFE Agrised\" \/>\n<meta property=\"article:modified_time\" content=\"2020-11-24T09:17:36+00:00\" \/>\n<meta property=\"og:image\" content=\"http:\/\/www.lifeagrised.com\/wp-content\/uploads\/2018\/10\/agri-vivai-300x144.png\" \/>\n<meta name=\"twitter:card\" content=\"summary_large_image\" \/>\n<script type=\"application\/ld+json\" class=\"yoast-schema-graph\">{\"@context\":\"https:\/\/schema.org\",\"@graph\":[{\"@type\":\"WebSite\",\"@id\":\"http:\/\/www.lifeagrised.com\/#website\",\"url\":\"http:\/\/www.lifeagrised.com\/\",\"name\":\"LIFE Agrised\",\"description\":\"Use of dredged sediments for creating innovative growing media and technosols for plant nursery and soil rehabilitation\",\"potentialAction\":[{\"@type\":\"SearchAction\",\"target\":{\"@type\":\"EntryPoint\",\"urlTemplate\":\"http:\/\/www.lifeagrised.com\/?s={search_term_string}\"},\"query-input\":\"required name=search_term_string\"}],\"inLanguage\":\"cz\"},{\"@type\":\"ImageObject\",\"@id\":\"http:\/\/www.lifeagrised.com\/i-beneficiaries\/#primaryimage\",\"inLanguage\":\"cz\",\"url\":\"http:\/\/www.lifeagrised.com\/wp-content\/uploads\/2018\/10\/agri-vivai.png\",\"contentUrl\":\"http:\/\/www.lifeagrised.com\/wp-content\/uploads\/2018\/10\/agri-vivai.png\",\"width\":308,\"height\":148},{\"@type\":\"WebPage\",\"@id\":\"http:\/\/www.lifeagrised.com\/i-beneficiaries\/#webpage\",\"url\":\"http:\/\/www.lifeagrised.com\/i-beneficiaries\/\",\"name\":\"P\\u0159\\u00edjemci - LIFE Agrised\",\"isPartOf\":{\"@id\":\"http:\/\/www.lifeagrised.com\/#website\"},\"primaryImageOfPage\":{\"@id\":\"http:\/\/www.lifeagrised.com\/i-beneficiaries\/#primaryimage\"},\"datePublished\":\"2018-10-08T09:34:46+00:00\",\"dateModified\":\"2020-11-24T09:17:36+00:00\",\"breadcrumb\":{\"@id\":\"http:\/\/www.lifeagrised.com\/i-beneficiaries\/#breadcrumb\"},\"inLanguage\":\"cz\",\"potentialAction\":[{\"@type\":\"ReadAction\",\"target\":[\"http:\/\/www.lifeagrised.com\/i-beneficiaries\/\"]}]},{\"@type\":\"BreadcrumbList\",\"@id\":\"http:\/\/www.lifeagrised.com\/i-beneficiaries\/#breadcrumb\",\"itemListElement\":[{\"@type\":\"ListItem\",\"position\":1,\"name\":\"Home\",\"item\":\"http:\/\/www.lifeagrised.com\/\"},{\"@type\":\"ListItem\",\"position\":2,\"name\":\"I beneficiari\"}]}]}<\/script>\n<!-- \/ Yoast SEO plugin. -->","_links":{"self":[{"href":"http:\/\/www.lifeagrised.com\/cz\/wp-json\/wp\/v2\/pages\/34"}],"collection":[{"href":"http:\/\/www.lifeagrised.com\/cz\/wp-json\/wp\/v2\/pages"}],"about":[{"href":"http:\/\/www.lifeagrised.com\/cz\/wp-json\/wp\/v2\/types\/page"}],"author":[{"embeddable":true,"href":"http:\/\/www.lifeagrised.com\/cz\/wp-json\/wp\/v2\/users\/1"}],"replies":[{"embeddable":true,"href":"http:\/\/www.lifeagrised.com\/cz\/wp-json\/wp\/v2\/comments?post=34"}],"version-history":[{"count":8,"href":"http:\/\/www.lifeagrised.com\/cz\/wp-json\/wp\/v2\/pages\/34\/revisions"}],"predecessor-version":[{"id":1105,"href":"http:\/\/www.lifeagrised.com\/cz\/wp-json\/wp\/v2\/pages\/34\/revisions\/1105"}],"wp:attachment":[{"href":"http:\/\/www.lifeagrised.com\/cz\/wp-json\/wp\/v2\/media?parent=34"}],"curies":[{"name":"wp","href":"https:\/\/api.w.org\/{rel}","templated":true}]}}