{"id":36,"date":"2018-10-08T11:35:00","date_gmt":"2018-10-08T09:35:00","guid":{"rendered":"http:\/\/www.lifeagrised.com\/?page_id=36"},"modified":"2022-06-02T16:18:22","modified_gmt":"2022-06-02T14:18:22","slug":"networking","status":"publish","type":"page","link":"http:\/\/www.lifeagrised.com\/cz\/networking\/","title":{"rendered":"S\u00edt\u011b"},"content":{"rendered":"<p><img loading=\"lazy\" class=\"size-full wp-image-58 alignleft\" src=\"http:\/\/www.lifeagrised.com\/wp-content\/uploads\/2018\/10\/cleansed-life-project-150x150.jpg\" alt=\"\" width=\"150\" height=\"150\" \/><\/p>\n<h2 style=\"text-align: right;\"><em><strong>Life CleanSed<br \/>\n<\/strong><\/em><\/h2>\n<p>Projekt CLEANSED prok\u00e1zal, vyhodnotil a \u0161\u00ed\u0159il inovativn\u00ed, integrovan\u00fd multisektorov\u00fd p\u0159\u00edstup k inteligentn\u00edmu a udr\u017eiteln\u00e9mu \u0159\u00edzen\u00ed zne\u010di\u0161t\u011bn\u00fdch vyt\u011b\u017een\u00fdch \u0159\u00ed\u010dn\u00edch sediment\u016f.<br \/>\nZne\u010di\u0161t\u011bn\u00e9 sedimenty byly vyt\u011b\u017eeny, p\u0159em\u011bn\u011bny z kontaminovan\u00e9ho odpadu na hodnotn\u00fd materi\u00e1l pomoc\u00ed specifick\u00e9ho dekontamina\u010dn\u00edho o\u0161et\u0159en\u00ed a pot\u00e9 pou\u017eity k produktivn\u00edmu vyu\u017eit\u00ed ve dvou r\u016fzn\u00fdch sektorech:<\/p>\n<ol>\n<li>o\u0161et\u0159ov\u00e1n\u00ed rostlin: dekontaminovan\u00e9 sedimenty pou\u017e\u00edvan\u00e9 jako substr\u00e1t \/ amender k prevenci ztr\u00e1ty p\u016fdy a biomasy v d\u016fsledku o\u0161et\u0159ovatelsk\u00fdch \u010dinnost\u00ed rostlin;<\/li>\n<li>stavba silnic: dekontaminovan\u00e9 sedimenty pou\u017e\u00edvan\u00e9 jako v\u00fdpl\u0148ov\u00fd materi\u00e1l pro stavbu silnic.<\/li>\n<\/ol>\n<p>Cel\u00fd cyklus prob\u011bhl v re\u00e1ln\u00e9m p\u0159\u00edrodn\u00edm a produktivn\u00edm okrese, tj. V povod\u00ed a aluvi\u00e1ln\u00edch pl\u00e1n\u00edch \u0159eky Arno, It\u00e1lie.<\/p>\n<p>&nbsp;<\/p>\n<h2 style=\"text-align: right;\"><em><strong>Life Hortised<br \/>\n<\/strong><\/em><a href=\"http:\/\/lifehortised.com\/\" data-slimstat=\"5\"><img loading=\"lazy\" class=\"wp-image-144 alignleft\" src=\"http:\/\/www.lifesubsed.com\/wp-content\/uploads\/2018\/10\/Hortised-LOGO-300x137.jpg\" sizes=\"(max-width: 226px) 100vw, 226px\" srcset=\"http:\/\/www.lifesubsed.com\/wp-content\/uploads\/2018\/10\/Hortised-LOGO-300x137.jpg 300w, http:\/\/www.lifesubsed.com\/wp-content\/uploads\/2018\/10\/Hortised-LOGO.jpg 670w\" alt=\"\" width=\"226\" height=\"103\" \/><\/a><\/h2>\n<div class=\"tlid-input input\">\n<div class=\"source-wrap\">\n<div class=\"input-full-height-wrapper tlid-input-full-height-wrapper\">\n<div class=\"source-input\">\n<div class=\"source-footer-wrap source-or-target-footer\">\n<div class=\"character-count tlid-character-count\"><\/div>\n<\/div>\n<\/div>\n<\/div>\n<\/div>\n<div id=\"gt-ovfl\" class=\"snck ovfl\">\n<div id=\"gt-ovfl-ctr\" class=\"ovfl-ctr\">C\u00edlem projektu HORTISED bylo demonstrovat vhodnost vyt\u011b\u017een\u00fdch sanovan\u00fdch sediment\u016f jako alternativy pro p\u0159\u00edpravu p\u011bstitelsk\u00fdch m\u00e9di\u00ed v zahradnictv\u00ed.<br \/>\nProjekt uk\u00e1zal velk\u00fd potenci\u00e1l r\u016fstov\u00fdch m\u00e9di\u00ed na b\u00e1zi sediment\u016f prost\u0159ednictv\u00edm r\u016fstu gran\u00e1tov\u00e9ho jablka a jahod jako reprezentativn\u00edch rostlin v zem\u011bd\u011blsk\u00e9m m\u011b\u0159\u00edtku v It\u00e1lii a \u0160pan\u011blsku.<\/div>\n<\/div>\n<\/div>\n<p>V\u00fdkonnost inovativn\u00edch p\u011bstebn\u00edch m\u00e9di\u00ed byla prok\u00e1z\u00e1na porovn\u00e1n\u00edm s typickou produkc\u00ed stejn\u00e9ho ovoce z\u00edskanou s pou\u017eit\u00edm tradi\u010dn\u00edch p\u011bstebn\u00edch m\u00e9di\u00ed na b\u00e1zi ra\u0161eliny.<\/p>\n<p>Projekt HORTISED tak\u00e9 zd\u016fraznil sou\u010dasn\u00e9 legislativn\u00ed a kulturn\u00ed d\u016fvody, kter\u00e9 br\u00e1n\u00ed pou\u017e\u00edv\u00e1n\u00ed inovativn\u00edch p\u011bstitelsk\u00fdch substr\u00e1t\u016f v zahradnictv\u00ed, a vytvo\u0159il pokyny pro bezpe\u010dn\u00e9 a udr\u017eiteln\u00e9 pou\u017e\u00edv\u00e1n\u00ed sediment\u016f jako slo\u017eek zahradnick\u00fdch p\u011bstebn\u00edch m\u00e9di\u00ed.<\/p>\n<p>&nbsp;<\/p>\n<h2 style=\"text-align: right;\"><strong><em>LIFE Sekret<\/em><\/strong><\/h2>\n<p><a href=\"http:\/\/lifesekret.com\/\"><img loading=\"lazy\" class=\"size-full wp-image-531 alignleft\" src=\"http:\/\/www.lifeagrised.com\/wp-content\/uploads\/2019\/04\/sekret-life-logo.png\" alt=\"\" width=\"224\" height=\"114\" \/><\/a>Projekt SEKRET sest\u00e1val z r\u016fzn\u00fdch akc\u00ed, jejich\u017e c\u00edlem bylo prok\u00e1zat, \u017ee inovativn\u00ed technologie elektro-kinetick\u00e9 remediace (EKR) dok\u00e1\u017ee \u00fa\u010dinn\u011b odstra\u0148ovat t\u011b\u017ek\u00e9 kovy z kontaminovan\u00fdch p\u0159\u00edstavn\u00edch vyt\u011b\u017een\u00fdch sediment\u016f z evropsk\u00fdch p\u0159\u00edstav\u016f. Inovativn\u00ed technologie byla prok\u00e1z\u00e1na v p\u0159\u00edstavu Livorno s c\u00edlem prok\u00e1zat technickou a finan\u010dn\u00ed proveditelnost projektu, jako\u017e i environment\u00e1ln\u00ed v\u00fdhody ve srovn\u00e1n\u00ed se sou\u010dasn\u00fdmi strategiemi \u0159\u00edzen\u00ed (ukl\u00e1d\u00e1n\u00ed na skl\u00e1dky a ukl\u00e1d\u00e1n\u00ed na otev\u0159en\u00e9m mo\u0159i).<\/p>\n<p>&nbsp;<\/p>\n<h2 style=\"text-align: right;\"><em><strong>H2020 Nutriman<\/strong><\/em><\/h2>\n<p><a href=\"https:\/\/nutriman.net\/\"><img loading=\"lazy\" class=\"wp-image-455 alignleft\" src=\"http:\/\/www.lifeagrised.com\/wp-content\/uploads\/2019\/03\/logo_nutriman_600x400px-300x200.jpg\" alt=\"\" width=\"230\" height=\"153\" srcset=\"http:\/\/www.lifeagrised.com\/wp-content\/uploads\/2019\/03\/logo_nutriman_600x400px-300x200.jpg 300w, http:\/\/www.lifeagrised.com\/wp-content\/uploads\/2019\/03\/logo_nutriman_600x400px-768x512.jpg 768w, http:\/\/www.lifeagrised.com\/wp-content\/uploads\/2019\/03\/logo_nutriman_600x400px-1024x683.jpg 1024w, http:\/\/www.lifeagrised.com\/wp-content\/uploads\/2019\/03\/logo_nutriman_600x400px-600x400.jpg 600w, http:\/\/www.lifeagrised.com\/wp-content\/uploads\/2019\/03\/logo_nutriman_600x400px-820x547.jpg 820w\" sizes=\"(max-width: 230px) 100vw, 230px\" \/><\/a><\/p>\n<p>NUTRIMAN je tematick\u00e1 s\u00ed\u0165 dus\u00edku a fosforu, kter\u00e1 shroma\u017e\u010fuje znalosti o technologi\u00edch, produktech, aplikac\u00edch a postupech vyu\u017e\u00edvaj\u00edc\u00edch biologick\u00e1 hnojiva \u201ep\u0159ipraven\u00fdch k praxi\u201c, kter\u00e9 jsou v z\u00e1jmu a prosp\u011bchu zem\u011bd\u011blc\u016f.<\/p>\n<p>Projekt se zam\u011b\u0159uje na propojen\u00ed tr\u017en\u011b konkuren\u010dn\u00edch a komer\u010dn\u011b \u201ep\u0159ipraven\u00fdch k praxi\u201c inovativn\u00edch v\u00fdsledk\u016f vych\u00e1zej\u00edc\u00edch z v\u011bdeck\u00fdch program\u016f s vysokou v\u011bkem v\u00fdzkumu a b\u011b\u017en\u00fdch pr\u016fmyslov\u00fdch postup\u016f.<\/p>\n<p>&nbsp;<\/p>\n<h2 style=\"text-align: right;\"><strong><em>LIFE Sure<\/em><\/strong><\/h2>\n<p style=\"text-align: left;\"><a href=\"https:\/\/lifesure.kalmar.se\/\"><img loading=\"lazy\" class=\"alignleft wp-image-530 \" src=\"http:\/\/www.lifeagrised.com\/wp-content\/uploads\/2019\/04\/lifesure_logo_aktuell-257x300.png\" alt=\"\" width=\"127\" height=\"149\" srcset=\"http:\/\/www.lifeagrised.com\/wp-content\/uploads\/2019\/04\/lifesure_logo_aktuell-257x300.png 257w, http:\/\/www.lifeagrised.com\/wp-content\/uploads\/2019\/04\/lifesure_logo_aktuell-768x897.png 768w, http:\/\/www.lifeagrised.com\/wp-content\/uploads\/2019\/04\/lifesure_logo_aktuell-877x1024.png 877w, http:\/\/www.lifeagrised.com\/wp-content\/uploads\/2019\/04\/lifesure_logo_aktuell-820x958.png 820w, http:\/\/www.lifeagrised.com\/wp-content\/uploads\/2019\/04\/lifesure_logo_aktuell.png 1273w\" sizes=\"(max-width: 127px) 100vw, 127px\" \/><\/a><\/p>\n<p>Celkov\u00fdm c\u00edlem projektu Sure je vyzkou\u0161et a demonstrovat, jak obnovit ekologick\u00fd stav a morfologii z\u00e1livu Malmfj\u00e4rden v Kalmaru na jihov\u00fdchod\u011b \u0160v\u00e9dska pomoc\u00ed inovativn\u00ed metody bagrov\u00e1n\u00ed, kter\u00e1 nenaru\u0161uje vodn\u00ed prost\u0159ed\u00ed a n\u00e1sledn\u011b lidsk\u00e9 zdrav\u00ed.<\/p>\n<p>40 000 m3 sediment\u016f bude odstran\u011bno a o\u0161et\u0159eno jako sekund\u00e1rn\u00ed surovina v r\u00e1mci konceptu ob\u011bhov\u00e9 ekonomiky. C\u00edlem projektu je tak\u00e9 \u0161\u00ed\u0159it, p\u0159en\u00e1\u0161et a replikovat projektov\u00e9 n\u00e1pady a v\u00fdsledky ve \u0160v\u00e9dsku a Evrop\u011b.<\/p>\n<p>&nbsp;<\/p>\n<h2 style=\"text-align: right;\"><strong><em>LIFE SubSed<\/em><\/strong><\/h2>\n<p><a href=\"http:\/\/www.lifesubsed.com\"><img loading=\"lazy\" class=\" wp-image-532 alignleft\" src=\"http:\/\/www.lifeagrised.com\/wp-content\/uploads\/2019\/04\/cropped-LOGO-SITO_Tavola-disegno-1.jpg\" alt=\"\" width=\"179\" height=\"156\" \/><\/a><\/p>\n<p>Hlavn\u00edm c\u00edlem projektu SUBSED je uk\u00e1zat, \u017ee je mo\u017en\u00e9 p\u0159em\u011bnit odpad (vyt\u011b\u017een\u00fd mo\u0159sk\u00fd sediment) na z\u00e1sobu (komer\u010dn\u00ed substr\u00e1t) pomoc\u00ed environment\u00e1ln\u011b a ekonomicky udr\u017eiteln\u00fdch technik.<\/p>\n<p>Za \u00fa\u010delem dosa\u017een\u00ed \u00fa\u010delu budou substr\u00e1ty na b\u00e1zi sediment\u016f aplikov\u00e1ny na produkci okrasn\u00fdch rostlin (t\u0159e\u0161\u0148ov\u00fd vav\u0159\u00edn) a ovocn\u00fdch strom\u016f (olivov\u00fd a citrusov\u00fd) a na p\u011bstov\u00e1n\u00ed nepotravin\u00e1\u0159sk\u00fdch plodin (protea, lilie, t\u0159e\u0161\u0148ov\u00fd vav\u0159\u00edn) a potravin\u00e1\u0159sk\u00fdch plodin (bazalka, bor\u016fvka, lesn\u00ed jahoda a citrus).<\/p>\n<p>&nbsp;<\/p>\n<h2 style=\"text-align: right;\"><strong><em>LIFE Biorest<\/em><\/strong><\/h2>\n<p><img loading=\"lazy\" class=\" wp-image-539 alignleft\" src=\"http:\/\/www.lifeagrised.com\/wp-content\/uploads\/2019\/04\/logo-300x283.png\" alt=\"\" width=\"209\" height=\"197\" srcset=\"http:\/\/www.lifeagrised.com\/wp-content\/uploads\/2019\/04\/logo-300x283.png 300w, http:\/\/www.lifeagrised.com\/wp-content\/uploads\/2019\/04\/logo.png 509w\" sizes=\"(max-width: 209px) 100vw, 209px\" \/><\/p>\n<p>&nbsp;<\/p>\n<p>Hlavn\u00edm c\u00edlem projektu LIFE Biorest je dekontaminovat zne\u010di\u0161t\u011bn\u00e9 p\u016fdy a obnovit zelen\u00e9 plochy u\u017eite\u010dn\u00e9 pro m\u011bsto.<\/p>\n<p>LIFE BIOREST demonstruje \u00fa\u010dinnost a efektivitu biologick\u00e9ho p\u0159\u00edstupu k sanaci p\u016fdy na z\u00e1klad\u011b autochtonn\u00edch bakteri\u00ed a hub.<\/p>\n<p>&nbsp;<\/p>\n<p>&nbsp;<\/p>\n<p>&nbsp;<\/p>\n<h2 style=\"text-align: right;\"><strong><em>Interreg N-W Europe SURICATES<\/em><\/strong><\/h2>\n<p style=\"text-align: left;\"><a href=\"http:\/\/www.nweurope.eu\/projects\/project-search\/suricates-sediment-uses-as-resources-in-circular-and-territorial-economies\/\"><img loading=\"lazy\" class=\"alignleft wp-image-577\" src=\"http:\/\/www.lifesubsed.com\/wp-content\/uploads\/2019\/04\/suricates.png\" alt=\"\" width=\"270\" height=\"101\" \/><\/a>C\u00edlem projektu je zv\u00fd\u0161it op\u011btovn\u00e9 pou\u017eit\u00ed sediment\u016f pro erozi a protipovod\u0148ovou ochranu. Spole\u010dnost Suricate poskytne org\u00e1n\u016fm, spr\u00e1vc\u016fm p\u0159\u00edstav\u016f a \u200b\u200bvodn\u00edch tok\u016f a odborn\u00edk\u016fm na erozi nov\u00e1 rozs\u00e1hl\u00e1 \u0159e\u0161en\u00ed pro op\u011btovn\u00e9 pou\u017eit\u00ed sediment\u016f v p\u0159\u00edstavech, vodn\u00edch cest\u00e1ch a pob\u0159e\u017e\u00edch NWE.<\/p>\n<p>&nbsp;<\/p>\n<p>&nbsp;<\/p>\n<h2 style=\"text-align: right;\"><strong><em>LIFE Zeowine<\/em><\/strong><\/h2>\n<p><a href=\"http:\/\/www.lifezeowine.eu\/\"><img loading=\"lazy\" class=\"wp-image-842 size-medium alignleft\" src=\"http:\/\/www.lifeagrised.com\/wp-content\/uploads\/2020\/01\/LIFE-ZEOWINE_LOGO-FONDO-TRASPARENTE-03-300x212.png\" alt=\"\" width=\"300\" height=\"212\" srcset=\"http:\/\/www.lifeagrised.com\/wp-content\/uploads\/2020\/01\/LIFE-ZEOWINE_LOGO-FONDO-TRASPARENTE-03-300x212.png 300w, http:\/\/www.lifeagrised.com\/wp-content\/uploads\/2020\/01\/LIFE-ZEOWINE_LOGO-FONDO-TRASPARENTE-03-768x543.png 768w, http:\/\/www.lifeagrised.com\/wp-content\/uploads\/2020\/01\/LIFE-ZEOWINE_LOGO-FONDO-TRASPARENTE-03-1024x724.png 1024w, http:\/\/www.lifeagrised.com\/wp-content\/uploads\/2020\/01\/LIFE-ZEOWINE_LOGO-FONDO-TRASPARENTE-03-820x580.png 820w\" sizes=\"(max-width: 300px) 100vw, 300px\" \/><\/a><\/p>\n<p>&nbsp;<\/p>\n<p>C\u00edlem projektu je zlep\u0161it ochranu a hospoda\u0159en\u00ed s p\u016fdou, dobr\u00e9 \u017eivotn\u00ed podm\u00ednky vinn\u00e9 r\u00e9vy a kvalitu hrozn\u016f a v\u00edna pou\u017eit\u00edm inovativn\u00edho produktu z\u00edskan\u00e9ho kompostov\u00e1n\u00edm odpadu z dodavatelsk\u00e9ho \u0159et\u011bzce v\u00edna a zeolitu.<\/p>\n<p>&nbsp;<\/p>\n<p>&nbsp;<\/p>\n<p>&nbsp;<\/p>\n<p>&nbsp;<\/p>\n<h2 style=\"text-align: right;\"><strong><em>LIFE Vitisom<\/em><\/strong><\/h2>\n<p><a href=\"https:\/\/www.lifevitisom.com\/\"><img loading=\"lazy\" class=\"size-medium wp-image-843 alignleft\" src=\"http:\/\/www.lifeagrised.com\/wp-content\/uploads\/2020\/01\/logo-vitisom-300x91.png\" alt=\"\" width=\"300\" height=\"91\" srcset=\"http:\/\/www.lifeagrised.com\/wp-content\/uploads\/2020\/01\/logo-vitisom-300x91.png 300w, http:\/\/www.lifeagrised.com\/wp-content\/uploads\/2020\/01\/logo-vitisom-768x232.png 768w, http:\/\/www.lifeagrised.com\/wp-content\/uploads\/2020\/01\/logo-vitisom.png 800w\" sizes=\"(max-width: 300px) 100vw, 300px\" \/><\/a><\/p>\n<p>Projekt navrhuje syst\u00e9m \u0159\u00edzen\u00ed organick\u00e9ho hnojen\u00ed zam\u011b\u0159en\u00fd na kontrastov\u00e1n\u00ed eroze organick\u00e9 hmoty a zlep\u0161en\u00ed homogenity a kvality vinic.<\/p>\n<p>&nbsp;<\/p>\n<p>&nbsp;<\/p>\n<p>&nbsp;<\/p>\n<h2 style=\"text-align: right;\"><strong><em>LIFE Green Grapes<\/em><\/strong><\/h2>\n<p><a href=\"http:\/\/www.lifegreengrapes.eu\/\"><img loading=\"lazy\" class=\"alignleft wp-image-844 \" src=\"http:\/\/www.lifeagrised.com\/wp-content\/uploads\/2020\/01\/life-green-grapes.png\" alt=\"\" width=\"200\" height=\"127\" \/><\/a><\/p>\n<p>C\u00edlem projektu je prok\u00e1zat platnost integrace radik\u00e1ln\u00edch mikrobi\u00e1ln\u00edch asociac\u00ed a pou\u017eit\u00ed listov\u00fdch produkt\u016f schopn\u00fdch vyvolat rezistenci ke sn\u00ed\u017een\u00ed a\u017e 50% syntetick\u00e9 chemick\u00e9 l\u00e1tky.<\/p>\n<p>&nbsp;<\/p>\n<p>&nbsp;<\/p>\n<p>&nbsp;<\/p>\n<h2 style=\"text-align: right;\"><em><strong>LIFE Chimera<\/strong><\/em><\/h2>\n<p><a href=\"https:\/\/www.life-chimera.eu\/\"><img loading=\"lazy\" class=\" wp-image-894 alignleft\" src=\"http:\/\/www.lifesubsed.com\/wp-content\/uploads\/2021\/04\/logo_life_chimera_1.jpg\" alt=\"\" width=\"203\" height=\"117\" \/><\/a>Pozornost v\u011bnovan\u00e1 udr\u017eitelnosti, op\u011btovn\u00e9mu pou\u017eit\u00ed a recyklaci odpadu z v\u00fdrobn\u00edch \u0159et\u011bzc\u016f a podpo\u0159e nov\u00e9ho ob\u011bhov\u00e9ho hospod\u00e1\u0159stv\u00ed je hodnota, kterou projekt LIFE AGRISED pln\u011b sd\u00edl\u00ed.<\/p>\n<p>&nbsp;<\/p>\n<p>&nbsp;<\/p>\n<p>&nbsp;<\/p>\n<h2 style=\"text-align: right;\"><em><strong>LIFE Regrow<\/strong><\/em><\/h2>\n<p><a href=\"http:\/\/www.liferegrow.eu\/\"><img loading=\"lazy\" class=\"alignleft wp-image-1509 size-medium\" src=\"http:\/\/www.lifeagrised.com\/wp-content\/uploads\/2022\/06\/logo-life-regrow-300x66.png\" alt=\"\" width=\"300\" height=\"66\" srcset=\"http:\/\/www.lifeagrised.com\/wp-content\/uploads\/2022\/06\/logo-life-regrow-300x66.png 300w, http:\/\/www.lifeagrised.com\/wp-content\/uploads\/2022\/06\/logo-life-regrow.png 492w\" sizes=\"(max-width: 300px) 100vw, 300px\" \/><\/a><\/p>\n<p>C\u00edlem LIFE Regrow je obnovit prostor zabran\u00fd nepou\u017e\u00edvan\u00fdm rybn\u00edkem s odpadn\u00edmi vodami a aplikovat na m\u00edst\u011b r\u016fzn\u00e9 biologick\u00e9 strategie (bioremediace, fytoremediace a kompostov\u00e1n\u00ed) s c\u00edlem sn\u00ed\u017eit zne\u010di\u0161t\u011bn\u00ed a p\u0159em\u011bnit oblast na multidisciplin\u00e1rn\u00ed zelenou infrastrukturu pro vzd\u011bl\u00e1v\u00e1n\u00ed a \u0161kolen\u00ed.<\/p>\n<p>&nbsp;<\/p>","protected":false},"excerpt":{"rendered":"<p>Life CleanSed Projekt CLEANSED prok\u00e1zal, vyhodnotil a \u0161\u00ed\u0159il inovativn\u00ed, integrovan\u00fd multisektorov\u00fd p\u0159\u00edstup k inteligentn\u00edmu a udr\u017eiteln\u00e9mu \u0159\u00edzen\u00ed zne\u010di\u0161t\u011bn\u00fdch vyt\u011b\u017een\u00fdch \u0159\u00ed\u010dn\u00edch sediment\u016f. Zne\u010di\u0161t\u011bn\u00e9 sedimenty byly vyt\u011b\u017eeny, p\u0159em\u011bn\u011bny z kontaminovan\u00e9ho odpadu na hodnotn\u00fd materi\u00e1l pomoc\u00ed specifick\u00e9ho dekontamina\u010dn\u00edho o\u0161et\u0159en\u00ed a pot\u00e9 pou\u017eity k produktivn\u00edmu vyu\u017eit\u00ed ve dvou r\u016fzn\u00fdch sektorech: o\u0161et\u0159ov\u00e1n\u00ed rostlin: dekontaminovan\u00e9 sedimenty pou\u017e\u00edvan\u00e9 jako substr\u00e1t \/ amender [&hellip;]<\/p>\n","protected":false},"author":1,"featured_media":0,"parent":0,"menu_order":0,"comment_status":"closed","ping_status":"closed","template":"","meta":[],"yoast_head":"<!-- This site is optimized with the Yoast SEO plugin v16.6.1 - https:\/\/yoast.com\/wordpress\/plugins\/seo\/ -->\n<title>S\u00edt\u011b - LIFE Agrised<\/title>\n<meta name=\"robots\" content=\"index, follow, max-snippet:-1, max-image-preview:large, max-video-preview:-1\" \/>\n<link rel=\"canonical\" href=\"http:\/\/www.lifeagrised.com\/networking\/\" \/>\n<meta property=\"og:locale\" content=\"en_US\" \/>\n<meta property=\"og:type\" content=\"article\" \/>\n<meta property=\"og:title\" content=\"S\u00edt\u011b - LIFE Agrised\" \/>\n<meta property=\"og:description\" content=\"Life CleanSed Projekt CLEANSED prok\u00e1zal, vyhodnotil a \u0161\u00ed\u0159il inovativn\u00ed, integrovan\u00fd multisektorov\u00fd p\u0159\u00edstup k inteligentn\u00edmu a udr\u017eiteln\u00e9mu \u0159\u00edzen\u00ed zne\u010di\u0161t\u011bn\u00fdch vyt\u011b\u017een\u00fdch \u0159\u00ed\u010dn\u00edch sediment\u016f. Zne\u010di\u0161t\u011bn\u00e9 sedimenty byly vyt\u011b\u017eeny, p\u0159em\u011bn\u011bny z kontaminovan\u00e9ho odpadu na hodnotn\u00fd materi\u00e1l pomoc\u00ed specifick\u00e9ho dekontamina\u010dn\u00edho o\u0161et\u0159en\u00ed a pot\u00e9 pou\u017eity k produktivn\u00edmu vyu\u017eit\u00ed ve dvou r\u016fzn\u00fdch sektorech: o\u0161et\u0159ov\u00e1n\u00ed rostlin: dekontaminovan\u00e9 sedimenty pou\u017e\u00edvan\u00e9 jako substr\u00e1t \/ amender [&hellip;]\" \/>\n<meta property=\"og:url\" content=\"http:\/\/www.lifeagrised.com\/networking\/\" \/>\n<meta property=\"og:site_name\" content=\"LIFE Agrised\" \/>\n<meta property=\"article:modified_time\" content=\"2022-06-02T14:18:22+00:00\" \/>\n<meta property=\"og:image\" content=\"http:\/\/www.lifesubsed.com\/wp-content\/uploads\/2018\/10\/cleansed-life-project-150x150.jpg\" \/>\n<meta name=\"twitter:card\" content=\"summary_large_image\" \/>\n<meta name=\"twitter:label1\" content=\"Est. reading time\" \/>\n\t<meta name=\"twitter:data1\" content=\"7 minutes\" \/>\n<script type=\"application\/ld+json\" class=\"yoast-schema-graph\">{\"@context\":\"https:\/\/schema.org\",\"@graph\":[{\"@type\":\"WebSite\",\"@id\":\"http:\/\/www.lifeagrised.com\/#website\",\"url\":\"http:\/\/www.lifeagrised.com\/\",\"name\":\"LIFE Agrised\",\"description\":\"Use of dredged sediments for creating innovative growing media and technosols for plant nursery and soil rehabilitation\",\"potentialAction\":[{\"@type\":\"SearchAction\",\"target\":{\"@type\":\"EntryPoint\",\"urlTemplate\":\"http:\/\/www.lifeagrised.com\/?s={search_term_string}\"},\"query-input\":\"required name=search_term_string\"}],\"inLanguage\":\"cz\"},{\"@type\":\"ImageObject\",\"@id\":\"http:\/\/www.lifeagrised.com\/networking\/#primaryimage\",\"inLanguage\":\"cz\",\"url\":\"http:\/\/www.lifesubsed.com\/wp-content\/uploads\/2018\/10\/cleansed-life-project-150x150.jpg\",\"contentUrl\":\"http:\/\/www.lifesubsed.com\/wp-content\/uploads\/2018\/10\/cleansed-life-project-150x150.jpg\"},{\"@type\":\"WebPage\",\"@id\":\"http:\/\/www.lifeagrised.com\/networking\/#webpage\",\"url\":\"http:\/\/www.lifeagrised.com\/networking\/\",\"name\":\"S\\u00edt\\u011b - LIFE Agrised\",\"isPartOf\":{\"@id\":\"http:\/\/www.lifeagrised.com\/#website\"},\"primaryImageOfPage\":{\"@id\":\"http:\/\/www.lifeagrised.com\/networking\/#primaryimage\"},\"datePublished\":\"2018-10-08T09:35:00+00:00\",\"dateModified\":\"2022-06-02T14:18:22+00:00\",\"breadcrumb\":{\"@id\":\"http:\/\/www.lifeagrised.com\/networking\/#breadcrumb\"},\"inLanguage\":\"cz\",\"potentialAction\":[{\"@type\":\"ReadAction\",\"target\":[\"http:\/\/www.lifeagrised.com\/networking\/\"]}]},{\"@type\":\"BreadcrumbList\",\"@id\":\"http:\/\/www.lifeagrised.com\/networking\/#breadcrumb\",\"itemListElement\":[{\"@type\":\"ListItem\",\"position\":1,\"name\":\"Home\",\"item\":\"http:\/\/www.lifeagrised.com\/\"},{\"@type\":\"ListItem\",\"position\":2,\"name\":\"Networking\"}]}]}<\/script>\n<!-- \/ Yoast SEO plugin. -->","_links":{"self":[{"href":"http:\/\/www.lifeagrised.com\/cz\/wp-json\/wp\/v2\/pages\/36"}],"collection":[{"href":"http:\/\/www.lifeagrised.com\/cz\/wp-json\/wp\/v2\/pages"}],"about":[{"href":"http:\/\/www.lifeagrised.com\/cz\/wp-json\/wp\/v2\/types\/page"}],"author":[{"embeddable":true,"href":"http:\/\/www.lifeagrised.com\/cz\/wp-json\/wp\/v2\/users\/1"}],"replies":[{"embeddable":true,"href":"http:\/\/www.lifeagrised.com\/cz\/wp-json\/wp\/v2\/comments?post=36"}],"version-history":[{"count":15,"href":"http:\/\/www.lifeagrised.com\/cz\/wp-json\/wp\/v2\/pages\/36\/revisions"}],"predecessor-version":[{"id":1510,"href":"http:\/\/www.lifeagrised.com\/cz\/wp-json\/wp\/v2\/pages\/36\/revisions\/1510"}],"wp:attachment":[{"href":"http:\/\/www.lifeagrised.com\/cz\/wp-json\/wp\/v2\/media?parent=36"}],"curies":[{"name":"wp","href":"https:\/\/api.w.org\/{rel}","templated":true}]}}