{"id":40,"date":"2018-10-08T11:36:47","date_gmt":"2018-10-08T09:36:47","guid":{"rendered":"http:\/\/www.lifeagrised.com\/?page_id=40"},"modified":"2022-09-12T20:48:19","modified_gmt":"2022-09-12T18:48:19","slug":"novita-ed-eventi","status":"publish","type":"page","link":"http:\/\/www.lifeagrised.com\/cz\/novita-ed-eventi\/","title":{"rendered":"Zpr\u00e1vy a ud\u00e1losti"},"content":{"rendered":"<p><\/p>\n<h2>\u0160\u00ed\u0159en\u00ed ud\u00e1lost\u00ed<\/h2>\n<ul>\n<li><a href=\"http:\/\/www.lifeagrised.com\/2022\/04\/05\/1512\/\">Kampa\u0148 CNR za udr\u017eitelnost projektu AGRISED<\/a>\u00a0&#8211; b\u0159ezen 2022<\/li>\n<li><a href=\"http:\/\/www.lifeagrised.com\/2022\/02\/24\/life-agrised-incontra-maria-chiara-carrozza-23-febbraio-2022\/\">LIFE AgriSed se setk\u00e1v\u00e1 s Maria Chiara Carrozza<\/a> \u2013 23. \u00fanora 2022<\/li>\n<li><a href=\"http:\/\/www.lifeagrised.com\/2022\/02\/10\/il-secondo-corso-tecnico-del-progetto-life-agrised-organizzato-da-agri-vivai-ed-mcm-ecosistemi-9-febbraio-2022\/\">Technick\u00fd kurz projektu LIFE AGRISED po\u0159\u00e1dan\u00fd Agri Vivai a MCM Ecosistemi<\/a> \u2013 9. \u00fanora 2021<\/li>\n<li><a href=\"http:\/\/www.lifeagrised.com\/2021\/12\/06\/life-agrised-ad-envishop-2021-25-novembre-2021\/\">LIFE AGRISED na ENVISHOP 2021<\/a> &#8211; 25. listopadu 2021<\/li>\n<li><a href=\"http:\/\/www.lifeagrised.com\/2021\/11\/18\/life-agrised-al-13th-world-congress-and-expo-on-recycling-online-15-16-novembre-2021\/\">LIFE AGRISED na 13th World Congress and Expo on Recycling (online)<\/a> &#8211; 15.-16. listopadu 2021<\/li>\n<li><a href=\"http:\/\/www.lifeagrised.com\/2021\/10\/13\/life-agrised-presentato-a-stefania-saccardi-vicepresidente-della-regione-toscana-12-ottobre-2021\/\">LIFE AgriSed p\u0159edstaven\u00fd Stefanii Saccardi, viceprezidentce a radn\u00ed pro zem\u011bd\u011blsko-potravin\u00e1\u0159stv\u00ed regionu Tosk\u00e1nsko<\/a> &#8211; 12. \u0159\u00edjna 2021<\/li>\n<li><a href=\"http:\/\/www.lifeagrised.com\/2022\/01\/12\/life-agrised-ad-ecomondo-2021-26-29-ottobre-2021\/\">LIFE AgriSed na Ecomondo 2021<\/a> &#8211; 26.-29. \u0159\u00edjna 2021<\/li>\n<li><a href=\"http:\/\/www.lifeagrised.com\/2022\/01\/10\/life-agrised-al-remtech-2021-20-24-settembre-2021\/\">LIFE AgriSed na RemTech 2021<\/a> &#8211; 20.-24. z\u00e1\u0159\u00ed 2021<\/li>\n<li><a href=\"http:\/\/www.lifeagrised.com\/2021\/09\/10\/corso-tecnico-del-progetto-life-agrised-organizzato-da-agri-vivai-9-settembre-2021\/\">Technick\u00fd kurz projektu LIFE AGRISED po\u0159\u00e1dan\u00fd Agri Vivai<\/a>\u00a0\u2013 9. z\u00e1\u0159\u00ed 2021<\/li>\n<li><a href=\"http:\/\/www.lifeagrised.com\/2022\/09\/02\/life-agrised-ad-eurosoil-2021-online-23-27-agosto-2021\/\">LIFE AGRISED na Eurosoil 2021 (online)<\/a> \u2013 23.\u201327. srpna 2021<\/li>\n<li><a href=\"http:\/\/www.lifeagrised.com\/2021\/09\/02\/life-agrised-al-ishs-international-symposium-on-growing-media-soilless-cultivation-and-compost-utilization-in-horticulture-ghent-belgio-22-27-agosto-2021\/\">LIFE AGRISED na ISHS International Symposium on Growing Media, Soilless Cultivation, and Compost Utilization in Horticulture<\/a> \u2013 22.\u201327. srpna 2021<\/li>\n<li><a href=\"http:\/\/www.lifeagrised.com\/2022\/01\/10\/life-agrised-incontra-luca-sittoni-2-agosto-2021\/\">LIFE AgriSed se setkal s Luca Sittoni<\/a> &#8211; 2. srpna 2021<\/li>\n<li><a href=\"http:\/\/www.lifeagrised.com\/2022\/01\/12\/life-agrised-presentato-ai-vivaisti-pugliesi-luglio-2021\/\">LIFE AgriSed p\u0159edstaven apulsk\u00fdm \u0161kolka\u0159\u016fm<\/a> &#8211; \u010dervenec 2021<\/li>\n<li><a href=\"http:\/\/www.lifeagrised.com\/2021\/08\/26\/life-agrised-presentato-nellambito-delliniziativa-open-hortus-8-luglio-2021\/\">LIFE AgriSed p\u0159edstaven v r\u00e1mci iniciativy Open Hortus<\/a> &#8211; 8. \u010dervence 2021<\/li>\n<li><a href=\"http:\/\/www.lifeagrised.com\/2021\/09\/03\/life-agrised-alla-seasonal-school-swap-della-scuola-superiore-santanna-30-giugno-2021\/\">LIFE AgriSed na sez\u00f3nn\u00ed \u0161kole SWAP Scuola Superiore Sant&#8217;Anna<\/a> &#8211; 30. \u010dervna 2021<\/li>\n<li><a href=\"http:\/\/www.lifeagrised.com\/2021\/08\/02\/life-agrised-al-xi-international-symposium-on-environmental-engineering-2021-di-torino-29-giugno-2-luglio-2021\/\">LIFE AgriSed na XI International Symposium on Environmental Engineering 2021 v Tur\u00edn\u011b<\/a> &#8211; 29. \u010dervna-2. \u010dervence 2021<\/li>\n<li><a href=\"http:\/\/www.lifeagrised.com\/2021\/08\/26\/life-agrised-alla-xii-conferenza-internazionale-sednet-online-28-giugno-2-luglio-2021\/\">LIFE AgriSed na XII. Mezin\u00e1rodn\u00ed konferenci SedNet (online)<\/a> &#8211; 28. \u010dervna &#8211; 2. \u010dervence 2021<\/li>\n<li><a href=\"http:\/\/www.lifeagrised.com\/2021\/08\/30\/corso-tecnico-del-progetto-life-agrised-organizzato-da-eps-24-giugno-2021\/\">Technick\u00fd kurz projektu LIFE AGRISED po\u0159\u00e1dan\u00fd EPS<\/a> &#8211; 24. \u010dervna 2021<\/li>\n<li><a href=\"http:\/\/www.lifeagrised.com\/2020\/12\/17\/il-workshop-online-del-progetto-life-agrised-e-stato-un-gran-successo-7-dicembre-2020\/\">Online workshop projektu LIFE AgriSed m\u011bl velk\u00fd \u00fasp\u011bch!<\/a> &#8211; 7. prosince 2020<\/li>\n<li><a href=\"http:\/\/www.lifeagrised.com\/2020\/03\/11\/life-agrised-allipm-essen-2020-28-31-gennaio-2020\/\">LIFE AgriSed na IPM ESSEN 2020<\/a>\u00a0\u2013 28. &#8211; 31. ledna 2020<\/li>\n<li><a href=\"http:\/\/www.lifeagrised.com\/2020\/01\/30\/life-agrised-al-workshop-risultati-della-prima-annualita-del-progetto-life-zeowine-28-gennaio-2020\/\">LIFE AgriSed na workshopu LIFE Zeowine \u201eRisultati della prima annuit\u00e0\u201c<\/a>\u00a0&#8211; 28 January 2020<\/li>\n<li><a href=\"http:\/\/www.lifeagrised.com\/2019\/12\/23\/life-agrised-allievento-difesa-delle-piante-una-nuova-realta-presso-pistoia-19-december-2019\/\">LIFE AgriSed na akci \u201eDifesa delle piante, una nuova realt\u00e0\u201c konan\u00e9 v Pistoia<\/a>\u00a0&#8211; 19. prosince 2019<\/li>\n<li><a href=\"http:\/\/www.lifeagrised.com\/2019\/12\/13\/life-agrised-presentato-da-agri-vivai-ai-propri-clienti-dicembre-2019\/\">LIFE AgriSed p\u0159edstavil Agri Vivai sv\u00fdm z\u00e1kazn\u00edk\u016fm<\/a>\u00a0&#8211;\u00a0prosinec 2019<\/li>\n<li><a href=\"http:\/\/www.lifeagrised.com\/2019\/12\/13\/life-agrised-presso-lautorita-irlandese-per-lo-sviluppo-dellagricoltura-e-degli-alimenti-1-8-dicembre-2019\/\">LIFE AgriSed u irsk\u00e9ho \u00fa\u0159adu pro zem\u011bd\u011blstv\u00ed a rozvoj potravin<\/a>\u00a0&#8211; 1. &#8211; 8. prosince 2019<\/li>\n<li><a href=\"http:\/\/www.lifeagrised.com\/2019\/12\/23\/life-agrised-al-seminario-envishop-tenutosi-presso-praga-repubblica-ceca-28-novembre-2019\/\">LIFE AgriSed na semin\u00e1\u0159i Envishop v Praze<\/a>\u00a0&#8211; 28. listopadu 2019<\/li>\n<li><a href=\"http:\/\/www.lifeagrised.com\/2019\/12\/13\/life-agrised-alla-camera-superiore-del-parlamento-ceco-15-ottobre-2019\/\">LIFE AgriSed ve Vrchn\u00ed komo\u0159e Parlamentu \u010cR<\/a>\u00a0&#8211; 15. \u0159\u00edjna 2019<\/li>\n<li><a href=\"http:\/\/www.lifeagrised.com\/2019\/10\/15\/life-agrised-al-flormart-2019-di-padova-26-28-settembre-2019\/\">LIFE AgriSed na veletrhu Flormart 2019 v Padov\u011b<\/a>\u00a0&#8211; 26. &#8211; 28. z\u00e1\u0159\u00ed 2019<\/li>\n<li><a href=\"http:\/\/www.lifeagrised.com\/2019\/10\/14\/life-agrised-al-bright-2019-27-settembre-2019\/\">LIFE AgriSed v BRIGHT 2019<\/a>\u00a0\u2013 27. z\u00e1\u0159\u00ed 2019<\/li>\n<li><a href=\"http:\/\/www.lifeagrised.com\/2019\/10\/14\/life-agrised-al-remtech-di-ferrara-18-20-settembre-2019\/\">LIFE AgriSed na veletrhu RemTech ve Ferrara (It\u00e1lie)<\/a>\u00a0\u2013 18. \u2013 20. Z\u00e1\u0159\u00ed 2019<\/li>\n<li><a href=\"http:\/\/www.lifeagrised.com\/2019\/07\/08\/life-agrised-alla-conferenze-iii-international-symposium-on-growing-media-composting-and-substrate-analysis-a-milano-24-28-giugno-2019\/\">LIFE AgriSed na konferenci \u201eIII International Symposium on Growing Media, Composting and Substrate Analysis\u201c v Mil\u00e1n\u011b<\/a>\u00a0&#8211; 24. &#8211; 28. \u010dervna 2019<\/li>\n<li><a href=\"http:\/\/www.lifeagrised.com\/2019\/07\/08\/life-agrised-alla-conferenza-znecistene-uzemia-di-piestany-slovacchia-19-21-giugno-2019\/\">LIFE AgriSed na konferenci \u201eZnecistick\u00e1 uzemia\u201c v Pie\u0161\u0165anech (Slovensko)<\/a>\u00a0&#8211;\u00a019. \u2013 21. \u010cervna 2019<\/li>\n<li><a href=\"http:\/\/www.lifeagrised.com\/2019\/07\/08\/life-agrised-alla-conferenza-sanacni-technologie-xxii-a-uherske-hradiste-repubblica-ceca-22-24-maggio-2019\/\">LIFE AgriSed na konferenci \u201eSana\u010dn\u00ed technologie XXII\u201c v Uhersk\u00e9m Hradi\u0161ti<\/a>\u00a0&#8211; 22. &#8211; 24. kv\u011btna 2019<\/li>\n<li><a href=\"http:\/\/www.lifeagrised.com\/2019\/05\/17\/incontro-con-gli-studenti-del-corso-di-scienze-vivaistiche-presso-la-sede-di-agri-vivai-a-pistoia-15-maggio-2019\/\">Setk\u00e1n\u00ed se studenty kurzu \u201eMate\u0159sk\u00e9 v\u011bdy\u201c v s\u00eddle Agri Vivai, Pistoia<\/a>\u00a0&#8211;\u00a015. kv\u011btna 2019<\/li>\n<li><a href=\"http:\/\/www.lifeagrised.com\/2019\/07\/05\/life-agrised-al-workshop-sanacie-v-teorii-a-praxi-a-bratislava-slovacchia-11-aprile-2019\/\">LIFE Agrised na semin\u00e1\u0159i \u201eSanacie v teorii a praxe\u201c v Bratislav\u011b (Slovensko)<\/a>\u00a0&#8211; 11. dubna 2019<\/li>\n<li><a href=\"http:\/\/www.lifeagrised.com\/?p=543&amp;preview=true\">LIFE AgriSed na konferenci institutu CNR-IRET v \u0159\u00edmsk\u00e9m velitelstv\u00ed<\/a>\u00a0&#8211; 9. &#8211; 10. dubna 2019<\/li>\n<li><a href=\"http:\/\/www.lifeagrised.com\/2019\/07\/08\/life-agrised-al-corso-water-management-across-agro-eosystems-a-pisa-26-29-marzo-2019\/\">LIFE AgriSed na kurzu \u201eVodn\u00ed hospod\u00e1\u0159stv\u00ed nap\u0159\u00ed\u010d agroekosyst\u00e9my\u201c v Pise<\/a>\u00a0&#8211; 26. &#8211; 29. b\u0159ezna 2019<\/li>\n<li><a href=\"http:\/\/www.lifeagrised.com\/2019\/04\/29\/life-agrised-alleps-academy-2019-tenutosi-a-most-repubblica-ceca-21-marzo-2019\/\">LIFE AgriSed na EPS Academy 2019 konan\u00e9 v Most\u011b<\/a>\u00a0&#8211; 21. b\u0159ezna 2019<\/li>\n<li><a href=\"http:\/\/www.lifeagrised.com\/2019\/04\/01\/life-agrised-alla-conferenza-tvip-2019-di-hustopece-repubblica-ceca-19-21-marzo-2019\/\">Prezentace LIFE AgriSed na konferenci TVIP 2019 v Hustope\u010d\u00edch<\/a>\u00a0\u2013 19. &#8211; 21. B\u0159ezna 2019<\/li>\n<li><a href=\"http:\/\/www.lifeagrised.com\/2019\/03\/15\/life-agrised-al-seminario-fitotecnologie-per-la-gestione-e-la-bonifica-di-siti-contaminati-esempi-di-buone-pratiche-tenutosi-a-pesaro-04-marzo-2019\/\">LIFE AgriSed na semin\u00e1\u0159i \u201eFitotecnologie per la Gestione e la bonifica di siti contaminati: esempi di buone pratiche\u201c, kter\u00fd se konal v Pesaru<\/a> &#8211; 4. b\u0159ezna 2019<\/li>\n<li><a href=\"http:\/\/www.lifeagrised.com\/2019\/02\/28\/incontro-con-francesco-bellino-funzionario-e-agronomo-della-regione-puglia-presso-la-sede-della-regione-a-bari-31-gennaio-2019\/\">Setk\u00e1n\u00ed s Francesco Bellino, \u00fa\u0159edn\u00edkem a agronomem regionu Puglia v s\u00eddle regionu v Bari (It\u00e1lie)<\/a>\u00a0\u2013 31. ledna 2019<\/li>\n<li><a href=\"http:\/\/www.lifeagrised.com\/2019\/01\/25\/life-agrised-allipm-essen-2019-22-25-gennaio-2019\/\">LIFE AgriSed na IPM ESSEN 2019<\/a>\u00a0&#8211; 22. &#8211; 25. ledna 2019<\/li>\n<li><a href=\"http:\/\/www.lifeagrised.com\/2019\/01\/08\/life-agrised-al-seminario-envishop-tenutosi-presso-praga-repubblica-ceca-13-dicembre-2018\/\">LIFE AgriSed na semin\u00e1\u0159i Envishop v Praze (\u010cesk\u00e1 republika)<\/a> &#8211; 13. prosince 2018<\/li>\n<li><a href=\"http:\/\/www.lifeagrised.com\/2018\/12\/04\/life-agrised-allevento-della-v-scuola-nazionale-di-monitoraggio-ambientale-presso-taranto-italia-29-30-novembre-2018\/\">Life AgriSed na akci V N\u00e1rodn\u00ed \u0161koly pro monitorov\u00e1n\u00ed \u017eivotn\u00edho prost\u0159ed\u00ed, nedaleko Taranta (It\u00e1lie)<\/a>\u00a0&#8211; 29. &#8211; 30. listopadu 2018<\/li>\n<li><a href=\"http:\/\/www.lifeagrised.com\/2018\/12\/04\/life-agrised-presso-caporal-plant-26-novembre-2018\/\">Life AgriSed v Caporal Plant<\/a> &#8211; 26. listopadu 2018<\/li>\n<li><a href=\"http:\/\/www.lifeagrised.com\/2018\/12\/04\/presentazione-di-life-agrised-durante-levento-organizzato-in-collaborazione-con-germina-presso-pistoia-22-novembre-2018\/\">Prezentace Life AgriSed b\u011bhem akce po\u0159\u00e1dan\u00e9 ve spolupr\u00e1ci s Germinou v Pistoii<\/a>\u00a0&#8211; 22. listopadu 2018<\/li>\n<li><a href=\"http:\/\/www.lifeagrised.com\/2018\/12\/04\/life-agrised-presso-luniversita-bioterra-di-bucarest-romania-14-16-novembre-2018\/\">Life AgriSed na Univerzit\u011b v Bukure\u0161ti Bioterra (Rumunsko)<\/a>\u00a0&#8211; 14. \u2013 16. Listopadu 2018<\/li>\n<li><a href=\"http:\/\/www.lifeagrised.com\/2018\/11\/06\/life-agrised-allindustrial-technologies-2018-a-vienna-austria-30-31-ottobre-2018\/\">Life AgriSed v INDustrial TECHnologies 2018 ve V\u00eddni (Rakousko)<\/a>\u00a0\u2013 30. &#8211; 31. \u0159\u00edjna 2018<\/li>\n<\/ul>\n<p>&nbsp;<\/p>\n<h2>Projektov\u00e9 akce<\/h2>\n<ul>\n<li><a href=\"http:\/\/www.lifeagrised.com\/2021\/08\/30\/meeting-di-monitoraggio-per-i-30-mesi-di-progetto-19-e-26-aprile-2021\/\">30m\u011bs\u00ed\u010dn\u00ed monitorovac\u00ed sch\u016fzka<\/a> &#8211; 19. a 26. dubna 2021<\/li>\n<li><a href=\"http:\/\/www.lifeagrised.com\/2021\/04\/16\/meeting-per-i-24-mesi-di-progetto-07-ottobre-2020\/\">24m\u011bs\u00ed\u010dn\u00ed online sch\u016fzka<\/a> &#8211; 7. \u0159\u00edjna 2020<\/li>\n<li><a href=\"http:\/\/www.lifeagrised.com\/2020\/05\/13\/meeting-di-monitoraggio-per-i-18-mesi-di-progetto-03-aprile-2020\/\">18m\u011bs\u00ed\u010dn\u00ed monitorovac\u00ed setk\u00e1n\u00ed<\/a> &#8211; 03. dubna 2020<\/li>\n<li><a href=\"http:\/\/www.lifeagrised.com\/2019\/10\/30\/meeting-per-i-12-mesi-di-progetto-presso-i-locali-di-agri-vivai-a-pistoia-21-ottobre-2019\/\">12m\u011bs\u00ed\u010dn\u00ed setk\u00e1n\u00ed v prostor\u00e1ch Agri Vivai v Pistoii<\/a>\u00a0&#8211; 21. \u0159\u00edjna 2019<\/li>\n<li><a href=\"http:\/\/www.lifeagrised.com\/2019\/03\/20\/meeting-di-monitoraggio-per-i-6-mesi-di-progetto-presso-i-locali-di-agri-vivai-a-pistoia-19-marzo-2019\/\">6m\u011bs\u00ed\u010dn\u00ed monitorovac\u00ed setk\u00e1n\u00ed v prostor\u00e1ch Agri Vivai v Pistoia (It\u00e1lie)<\/a>\u00a0&#8211; 19. b\u0159ezna 2019<\/li>\n<li><a href=\"http:\/\/www.lifeagrised.com\/2018\/11\/07\/kick-off-europeo-dei-progetti-life2017-a-bruxelles-belgio-06-novembre-2018\/\">Evropsk\u00fd zah\u00e1jen\u00ed projekt\u016f LIFE2017 v Bruselu (Belgie)<\/a>\u00a0&#8211; 6. listopadu 2018<\/li>\n<li><a href=\"http:\/\/www.lifeagrised.com\/2018\/10\/16\/kick-off-meeting-presso-agri-vivai-pistoia-12-ottobre-2018\/\">Zahajovac\u00ed sch\u016fzka v Agri Vivai, Pistoia &#8211; 12. \u0159\u00edjna 2018<\/a>\u00a0\u2013 12. \u0159\u00edjna 2018<\/li>\n<\/ul>\n<p>&nbsp;<\/p>\n<h2>\u010cl\u00e1nky v tiskov\u00fdch zpr\u00e1v\u00e1ch<\/h2>\n<ul>\n<li><a href=\"https:\/\/www.floraviva.it\/news\/riservato-aziende\/agri-vivai-si-alle-miscele-di-scarti-verdi-e-sedimenti-come-substrati.html\">Agri Vivai: s\u00ec alle miscele di scarti verdi e sedimenti come substrati<\/a> &#8211; Floraviva, 1 Duben 2022<\/li>\n<li><a href=\"http:\/\/www.lifeagrised.com\/wp-content\/uploads\/2022\/09\/12.pdf\">Odstra\u0148ov\u00e1n\u00ed star\u00fdch ekologick\u00fdch z\u00e1t\u011b\u017e\u00ed v duchu cirkul\u00e1rn\u00ed ekonomiky<\/a> &#8211; Waste Forum, Duben 2022<\/li>\n<li><a href=\"https:\/\/www.lanazione.it\/pistoia\/cronaca\/le-piante-crescono-grazie-a-residui-e-fanghi-1.7516425\">Le piante crescono grazie a residui e fanghi<\/a> &#8211; La Nazione, 30 B\u0159ezen 2022<\/li>\n<li><a href=\"https:\/\/www.toscanatoday.it\/pisa-recupero-sedimenti-di-dragaggio\/\">Navicelli e Cnr: progetto per il recupero dei sedimenti di dragaggio. \u201cDa rifiuto a risorsa per la florovivaistica e l\u2019agricoltura\u201d<\/a> &#8211; ToscanaToday, 29 B\u0159ezen 2022<\/li>\n<li><a href=\"http:\/\/www.lifeagrised.com\/wp-content\/uploads\/2022\/09\/9-1.pdf\">I detriti dei Navicelli diventano una risorsa per l&#8217;agricoltura<\/a> &#8211; Il Tirreno, 27 B\u0159ezen 2022<\/li>\n<li><a href=\"https:\/\/www.lanazione.it\/pisa\/cronaca\/accordo-navicelli-cnr-per-ripulire-i-fanghi-1.7504494\">Accordo Navicelli-CNR per &#8220;ripulire&#8221; i fanghi<\/a> &#8211; La Nazione, 26 B\u0159ezen 2022<\/li>\n<li><a href=\"https:\/\/www.pisatoday.it\/green\/life\/progetto-riutilizzo-sedimi-dragaggio-canale-navicelli-pisa.html\">Da rifiuti a prodotti per l&#8217;agricoltura: dai Navicelli una nuova vita per i sedimenti di dragaggio<\/a> &#8211; PisaToday, 25 B\u0159ezen 2022<\/li>\n<li><a href=\"https:\/\/www.aboutplants.eu\/notizie\/ricerca\/Substrati-innovativi-a-base-di-compost-l-esempio-del-progetto-Life-Agrised?fbclid=IwAR3TX-25ZRBKK7i2ZIxOfi3rJrlHDOeI05yUji3jKFQrdTv7oWmDXIeRFaE\">Substrati innovativi a base di compost, l\u2019esempio del progetto Life Agrised<\/a> &#8211; Aboutplants.eu, B\u0159ezen 2022<\/li>\n<li><a href=\"http:\/\/www.lifeagrised.com\/wp-content\/uploads\/2021\/04\/Ambiente-settembre-20-Agrised.pdf\">I sedimenti dragati base per il compost &#8211; Progetto AGRISED<\/a> &#8211; AMBIENTE n. 8, Z\u00e1\u0159\u00ed 2020<\/li>\n<li><a href=\"http:\/\/www.lifeagrised.com\/wp-content\/uploads\/2021\/04\/Il-sole-24-ore.pdf\">L\u2019economia circolare dal vino ai sedimenti di dragaggio<\/a> \u2013 Sole24Ore, \u010cerven 2020<\/li>\n<li><a href=\"http:\/\/www.lifeagrised.com\/2020\/02\/14\/life-agrised-progetto-del-mese-sul-sito-del-ministero-dellambiente-e-della-tutela-del-territorio-e-del-mare-italiano-14-febbraio-2020\/\">Projekt LIFE AgriSed m\u011bs\u00edce na webov\u00fdch str\u00e1nk\u00e1ch italsk\u00e9ho ministerstva \u017eivotn\u00edho prost\u0159ed\u00ed a ochrany \u00fazem\u00ed a mo\u0159e<\/a>, 14. \u00fanora 2020<\/li>\n<li><a href=\"https:\/\/www.ambientesicurezzaweb.it\/fanghi-e-sedimenti-dragati-i-progetti-per-il-riutilizzo\/\">Fanghi e sedimenti dragati: i progetti per il riutilizzo<\/a> &#8211; Ambiente&amp;Sicurezza, 10 \u00fanora 2020<\/li>\n<li><a href=\"http:\/\/www.infoagri.eu\/news\/161-news\/innovazione\/943-al-via-4-progetti-per-la-rigenerazione-dei-suoli-in-modo-innovativo?jjj=1606146069751\">Al via 4 progetti per la rigenerazione dei suoli in modo innovativo<\/a> &#8211; InfoAgri, 14 listopad 2018<\/li>\n<\/ul>\n<p><\/p>","protected":false},"excerpt":{"rendered":"<p>\u0160\u00ed\u0159en\u00ed ud\u00e1lost\u00ed Kampa\u0148 CNR za udr\u017eitelnost projektu AGRISED\u00a0&#8211; b\u0159ezen 2022 LIFE AgriSed se setk\u00e1v\u00e1 s Maria Chiara Carrozza \u2013 23. \u00fanora 2022 Technick\u00fd kurz projektu LIFE AGRISED po\u0159\u00e1dan\u00fd Agri Vivai a MCM Ecosistemi \u2013 9. \u00fanora 2021 LIFE AGRISED na ENVISHOP 2021 &#8211; 25. listopadu 2021 LIFE AGRISED na 13th World Congress and Expo on [&hellip;]<\/p>\n","protected":false},"author":1,"featured_media":0,"parent":0,"menu_order":0,"comment_status":"closed","ping_status":"closed","template":"","meta":[],"yoast_head":"<!-- This site is optimized with the Yoast SEO plugin v16.6.1 - https:\/\/yoast.com\/wordpress\/plugins\/seo\/ -->\n<title>Zpr\u00e1vy a ud\u00e1losti - LIFE Agrised<\/title>\n<meta name=\"robots\" content=\"index, follow, max-snippet:-1, max-image-preview:large, max-video-preview:-1\" \/>\n<link rel=\"canonical\" href=\"http:\/\/www.lifeagrised.com\/novita-ed-eventi\/\" \/>\n<meta property=\"og:locale\" content=\"en_US\" \/>\n<meta property=\"og:type\" content=\"article\" \/>\n<meta property=\"og:title\" content=\"Zpr\u00e1vy a ud\u00e1losti - LIFE Agrised\" \/>\n<meta property=\"og:description\" content=\"\u0160\u00ed\u0159en\u00ed ud\u00e1lost\u00ed Kampa\u0148 CNR za udr\u017eitelnost projektu AGRISED\u00a0&#8211; b\u0159ezen 2022 LIFE AgriSed se setk\u00e1v\u00e1 s Maria Chiara Carrozza \u2013 23. \u00fanora 2022 Technick\u00fd kurz projektu LIFE AGRISED po\u0159\u00e1dan\u00fd Agri Vivai a MCM Ecosistemi \u2013 9. \u00fanora 2021 LIFE AGRISED na ENVISHOP 2021 &#8211; 25. listopadu 2021 LIFE AGRISED na 13th World Congress and Expo on [&hellip;]\" \/>\n<meta property=\"og:url\" content=\"http:\/\/www.lifeagrised.com\/novita-ed-eventi\/\" \/>\n<meta property=\"og:site_name\" content=\"LIFE Agrised\" \/>\n<meta property=\"article:modified_time\" content=\"2022-09-12T18:48:19+00:00\" \/>\n<meta name=\"twitter:card\" content=\"summary_large_image\" \/>\n<meta name=\"twitter:label1\" content=\"Est. reading time\" \/>\n\t<meta name=\"twitter:data1\" content=\"4 minutes\" \/>\n<script type=\"application\/ld+json\" class=\"yoast-schema-graph\">{\"@context\":\"https:\/\/schema.org\",\"@graph\":[{\"@type\":\"WebSite\",\"@id\":\"http:\/\/www.lifeagrised.com\/#website\",\"url\":\"http:\/\/www.lifeagrised.com\/\",\"name\":\"LIFE Agrised\",\"description\":\"Use of dredged sediments for creating innovative growing media and technosols for plant nursery and soil rehabilitation\",\"potentialAction\":[{\"@type\":\"SearchAction\",\"target\":{\"@type\":\"EntryPoint\",\"urlTemplate\":\"http:\/\/www.lifeagrised.com\/?s={search_term_string}\"},\"query-input\":\"required name=search_term_string\"}],\"inLanguage\":\"cz\"},{\"@type\":\"WebPage\",\"@id\":\"http:\/\/www.lifeagrised.com\/novita-ed-eventi\/#webpage\",\"url\":\"http:\/\/www.lifeagrised.com\/novita-ed-eventi\/\",\"name\":\"Zpr\\u00e1vy a ud\\u00e1losti - LIFE Agrised\",\"isPartOf\":{\"@id\":\"http:\/\/www.lifeagrised.com\/#website\"},\"datePublished\":\"2018-10-08T09:36:47+00:00\",\"dateModified\":\"2022-09-12T18:48:19+00:00\",\"breadcrumb\":{\"@id\":\"http:\/\/www.lifeagrised.com\/novita-ed-eventi\/#breadcrumb\"},\"inLanguage\":\"cz\",\"potentialAction\":[{\"@type\":\"ReadAction\",\"target\":[\"http:\/\/www.lifeagrised.com\/novita-ed-eventi\/\"]}]},{\"@type\":\"BreadcrumbList\",\"@id\":\"http:\/\/www.lifeagrised.com\/novita-ed-eventi\/#breadcrumb\",\"itemListElement\":[{\"@type\":\"ListItem\",\"position\":1,\"name\":\"Home\",\"item\":\"http:\/\/www.lifeagrised.com\/\"},{\"@type\":\"ListItem\",\"position\":2,\"name\":\"Novit\\u00e0 ed eventi\"}]}]}<\/script>\n<!-- \/ Yoast SEO plugin. -->","_links":{"self":[{"href":"http:\/\/www.lifeagrised.com\/cz\/wp-json\/wp\/v2\/pages\/40"}],"collection":[{"href":"http:\/\/www.lifeagrised.com\/cz\/wp-json\/wp\/v2\/pages"}],"about":[{"href":"http:\/\/www.lifeagrised.com\/cz\/wp-json\/wp\/v2\/types\/page"}],"author":[{"embeddable":true,"href":"http:\/\/www.lifeagrised.com\/cz\/wp-json\/wp\/v2\/users\/1"}],"replies":[{"embeddable":true,"href":"http:\/\/www.lifeagrised.com\/cz\/wp-json\/wp\/v2\/comments?post=40"}],"version-history":[{"count":85,"href":"http:\/\/www.lifeagrised.com\/cz\/wp-json\/wp\/v2\/pages\/40\/revisions"}],"predecessor-version":[{"id":1557,"href":"http:\/\/www.lifeagrised.com\/cz\/wp-json\/wp\/v2\/pages\/40\/revisions\/1557"}],"wp:attachment":[{"href":"http:\/\/www.lifeagrised.com\/cz\/wp-json\/wp\/v2\/media?parent=40"}],"curies":[{"name":"wp","href":"https:\/\/api.w.org\/{rel}","templated":true}]}}