{"id":83,"date":"2018-10-08T16:44:53","date_gmt":"2018-10-08T14:44:53","guid":{"rendered":"http:\/\/www.lifeagrised.com\/?page_id=83"},"modified":"2020-03-19T19:17:13","modified_gmt":"2020-03-19T18:17:13","slug":"agri-vivai-s-r-l","status":"publish","type":"page","link":"http:\/\/www.lifeagrised.com\/cz\/agri-vivai-s-r-l\/","title":{"rendered":"Agri Vivai S.r.l."},"content":{"rendered":"<p><\/p>\n<hr \/>\n<p><img loading=\"lazy\" class=\" wp-image-84 aligncenter\" src=\"http:\/\/www.lifeagrised.com\/wp-content\/uploads\/2018\/10\/agri-vivai-300x144.png\" alt=\"\" width=\"350\" height=\"168\" srcset=\"http:\/\/www.lifeagrised.com\/wp-content\/uploads\/2018\/10\/agri-vivai-300x144.png 300w, http:\/\/www.lifeagrised.com\/wp-content\/uploads\/2018\/10\/agri-vivai.png 308w\" sizes=\"(max-width: 350px) 100vw, 350px\" \/><\/p>\n<hr \/>\n<p>Spole\u010dnost <a href=\"http:\/\/www.agrivivai.it\/\">Agri Vivai s.r.o<\/a>. od roku 1990 poskytuje kvalitn\u00ed produkty a slu\u017eby pro zem\u011bd\u011blstv\u00ed a rostlin\u00e1\u0159sk\u00e9 \u0161kolky. Sklady se rozkl\u00e1daj\u00ed na plo\u0161e p\u0159es 15 000 metr\u016f \u010dtvere\u010dn\u00edch v srdci italsk\u00e9ho m\u011bsta Pistoia, sv\u011btov\u00e9ho hlavn\u00edho m\u011bsta \u0161kolkov\u00e9ho p\u011bstitelstv\u00ed.<\/p>\n<p>Agri Vivai v pr\u016fb\u011bhu let nav\u00e1zala d\u016fle\u017eitou spolupr\u00e1ci s odborn\u00edky v oboru, v\u017edy hledala nejlep\u0161\u00ed produkty a \u0159e\u0161en\u00ed, aby vyhovovala pot\u0159eb\u00e1m z\u00e1kazn\u00edk\u016f. Zku\u0161en\u00fd a nad\u0161en\u00fd person\u00e1l je v\u017edy k dispozici z\u00e1kazn\u00edkovi, aby se pod\u011blil o sv\u00e9 znalosti, p\u0159edstavil nejnov\u011bj\u0161\u00ed trendy trhu a nab\u00eddnul kompletn\u00ed slu\u017eby od v\u00fdb\u011bru produktu a\u017e po jeho dod\u00e1n\u00ed.<\/p>\n<p>Efektivn\u00ed logistika zaji\u0161\u0165uje rychl\u00e9 p\u0159epravy na m\u00edstn\u00ed, n\u00e1rodn\u00ed a evropsk\u00fd trh. Agri Vivai s.r.o. je v\u017edy p\u0159\u00edtomna na nejd\u016fle\u017eit\u011bj\u0161\u00edch evropsk\u00fdch a mezin\u00e1rodn\u00edch veletrz\u00edch, jako vystavovatel nebo jako n\u00e1v\u0161t\u011bvn\u00edk, zlep\u0161uje vztahy s evropsk\u00fdmi z\u00e1kazn\u00edky a upev\u0148uje p\u0159\u00edm\u00e9 dovozn\u00ed kan\u00e1ly z D\u00e1ln\u00e9ho v\u00fdchodu.<\/p>","protected":false},"excerpt":{"rendered":"<p>Spole\u010dnost Agri Vivai s.r.o. od roku 1990 poskytuje kvalitn\u00ed produkty a slu\u017eby pro zem\u011bd\u011blstv\u00ed a rostlin\u00e1\u0159sk\u00e9 \u0161kolky. Sklady se rozkl\u00e1daj\u00ed na plo\u0161e p\u0159es 15 000 metr\u016f \u010dtvere\u010dn\u00edch v srdci italsk\u00e9ho m\u011bsta Pistoia, sv\u011btov\u00e9ho hlavn\u00edho m\u011bsta \u0161kolkov\u00e9ho p\u011bstitelstv\u00ed. Agri Vivai v pr\u016fb\u011bhu let nav\u00e1zala d\u016fle\u017eitou spolupr\u00e1ci s odborn\u00edky v oboru, v\u017edy hledala nejlep\u0161\u00ed produkty a \u0159e\u0161en\u00ed, [&hellip;]<\/p>\n","protected":false},"author":1,"featured_media":0,"parent":0,"menu_order":0,"comment_status":"closed","ping_status":"closed","template":"","meta":[],"yoast_head":"<!-- This site is optimized with the Yoast SEO plugin v16.6.1 - https:\/\/yoast.com\/wordpress\/plugins\/seo\/ -->\n<title>Agri Vivai S.r.l. - LIFE Agrised<\/title>\n<meta name=\"robots\" content=\"index, follow, max-snippet:-1, max-image-preview:large, max-video-preview:-1\" \/>\n<link rel=\"canonical\" href=\"http:\/\/www.lifeagrised.com\/agri-vivai-s-r-l\/\" \/>\n<meta property=\"og:locale\" content=\"en_US\" \/>\n<meta property=\"og:type\" content=\"article\" \/>\n<meta property=\"og:title\" content=\"Agri Vivai S.r.l. - LIFE Agrised\" \/>\n<meta property=\"og:description\" content=\"Spole\u010dnost Agri Vivai s.r.o. od roku 1990 poskytuje kvalitn\u00ed produkty a slu\u017eby pro zem\u011bd\u011blstv\u00ed a rostlin\u00e1\u0159sk\u00e9 \u0161kolky. Sklady se rozkl\u00e1daj\u00ed na plo\u0161e p\u0159es 15 000 metr\u016f \u010dtvere\u010dn\u00edch v srdci italsk\u00e9ho m\u011bsta Pistoia, sv\u011btov\u00e9ho hlavn\u00edho m\u011bsta \u0161kolkov\u00e9ho p\u011bstitelstv\u00ed. Agri Vivai v pr\u016fb\u011bhu let nav\u00e1zala d\u016fle\u017eitou spolupr\u00e1ci s odborn\u00edky v oboru, v\u017edy hledala nejlep\u0161\u00ed produkty a \u0159e\u0161en\u00ed, [&hellip;]\" \/>\n<meta property=\"og:url\" content=\"http:\/\/www.lifeagrised.com\/agri-vivai-s-r-l\/\" \/>\n<meta property=\"og:site_name\" content=\"LIFE Agrised\" \/>\n<meta property=\"article:modified_time\" content=\"2020-03-19T18:17:13+00:00\" \/>\n<meta property=\"og:image\" content=\"http:\/\/www.lifeagrised.com\/wp-content\/uploads\/2018\/10\/agri-vivai-300x144.png\" \/>\n<meta name=\"twitter:card\" content=\"summary_large_image\" \/>\n<meta name=\"twitter:label1\" content=\"Est. reading time\" \/>\n\t<meta name=\"twitter:data1\" content=\"2 minutes\" \/>\n<script type=\"application\/ld+json\" class=\"yoast-schema-graph\">{\"@context\":\"https:\/\/schema.org\",\"@graph\":[{\"@type\":\"WebSite\",\"@id\":\"http:\/\/www.lifeagrised.com\/#website\",\"url\":\"http:\/\/www.lifeagrised.com\/\",\"name\":\"LIFE Agrised\",\"description\":\"Use of dredged sediments for creating innovative growing media and technosols for plant nursery and soil rehabilitation\",\"potentialAction\":[{\"@type\":\"SearchAction\",\"target\":{\"@type\":\"EntryPoint\",\"urlTemplate\":\"http:\/\/www.lifeagrised.com\/?s={search_term_string}\"},\"query-input\":\"required name=search_term_string\"}],\"inLanguage\":\"cz\"},{\"@type\":\"ImageObject\",\"@id\":\"http:\/\/www.lifeagrised.com\/agri-vivai-s-r-l\/#primaryimage\",\"inLanguage\":\"cz\",\"url\":\"http:\/\/www.lifeagrised.com\/wp-content\/uploads\/2018\/10\/agri-vivai.png\",\"contentUrl\":\"http:\/\/www.lifeagrised.com\/wp-content\/uploads\/2018\/10\/agri-vivai.png\",\"width\":308,\"height\":148},{\"@type\":\"WebPage\",\"@id\":\"http:\/\/www.lifeagrised.com\/agri-vivai-s-r-l\/#webpage\",\"url\":\"http:\/\/www.lifeagrised.com\/agri-vivai-s-r-l\/\",\"name\":\"Agri Vivai S.r.l. - LIFE Agrised\",\"isPartOf\":{\"@id\":\"http:\/\/www.lifeagrised.com\/#website\"},\"primaryImageOfPage\":{\"@id\":\"http:\/\/www.lifeagrised.com\/agri-vivai-s-r-l\/#primaryimage\"},\"datePublished\":\"2018-10-08T14:44:53+00:00\",\"dateModified\":\"2020-03-19T18:17:13+00:00\",\"breadcrumb\":{\"@id\":\"http:\/\/www.lifeagrised.com\/agri-vivai-s-r-l\/#breadcrumb\"},\"inLanguage\":\"cz\",\"potentialAction\":[{\"@type\":\"ReadAction\",\"target\":[\"http:\/\/www.lifeagrised.com\/agri-vivai-s-r-l\/\"]}]},{\"@type\":\"BreadcrumbList\",\"@id\":\"http:\/\/www.lifeagrised.com\/agri-vivai-s-r-l\/#breadcrumb\",\"itemListElement\":[{\"@type\":\"ListItem\",\"position\":1,\"name\":\"Home\",\"item\":\"http:\/\/www.lifeagrised.com\/\"},{\"@type\":\"ListItem\",\"position\":2,\"name\":\"Agri Vivai S.r.l.\"}]}]}<\/script>\n<!-- \/ Yoast SEO plugin. -->","_links":{"self":[{"href":"http:\/\/www.lifeagrised.com\/cz\/wp-json\/wp\/v2\/pages\/83"}],"collection":[{"href":"http:\/\/www.lifeagrised.com\/cz\/wp-json\/wp\/v2\/pages"}],"about":[{"href":"http:\/\/www.lifeagrised.com\/cz\/wp-json\/wp\/v2\/types\/page"}],"author":[{"embeddable":true,"href":"http:\/\/www.lifeagrised.com\/cz\/wp-json\/wp\/v2\/users\/1"}],"replies":[{"embeddable":true,"href":"http:\/\/www.lifeagrised.com\/cz\/wp-json\/wp\/v2\/comments?post=83"}],"version-history":[{"count":6,"href":"http:\/\/www.lifeagrised.com\/cz\/wp-json\/wp\/v2\/pages\/83\/revisions"}],"predecessor-version":[{"id":939,"href":"http:\/\/www.lifeagrised.com\/cz\/wp-json\/wp\/v2\/pages\/83\/revisions\/939"}],"wp:attachment":[{"href":"http:\/\/www.lifeagrised.com\/cz\/wp-json\/wp\/v2\/media?parent=83"}],"curies":[{"name":"wp","href":"https:\/\/api.w.org\/{rel}","templated":true}]}}