{"id":89,"date":"2018-10-08T16:57:49","date_gmt":"2018-10-08T14:57:49","guid":{"rendered":"http:\/\/www.lifeagrised.com\/?page_id=89"},"modified":"2020-03-19T19:19:34","modified_gmt":"2020-03-19T18:19:34","slug":"eps-biotechnology-s-r-o","status":"publish","type":"page","link":"http:\/\/www.lifeagrised.com\/cz\/eps-biotechnology-s-r-o\/","title":{"rendered":"EPS biotechnology s.r.o."},"content":{"rendered":"<p><\/p>\n<hr \/>\n<p><img loading=\"lazy\" class=\"size-medium wp-image-106 aligncenter\" src=\"http:\/\/www.lifeagrised.com\/wp-content\/uploads\/2018\/10\/eps_biotechnology_vv_web2-1--300x159.jpg\" alt=\"\" width=\"300\" height=\"159\" srcset=\"http:\/\/www.lifeagrised.com\/wp-content\/uploads\/2018\/10\/eps_biotechnology_vv_web2-1--300x159.jpg 300w, http:\/\/www.lifeagrised.com\/wp-content\/uploads\/2018\/10\/eps_biotechnology_vv_web2-1--768x408.jpg 768w, http:\/\/www.lifeagrised.com\/wp-content\/uploads\/2018\/10\/eps_biotechnology_vv_web2-1--1024x544.jpg 1024w, http:\/\/www.lifeagrised.com\/wp-content\/uploads\/2018\/10\/eps_biotechnology_vv_web2-1--820x436.jpg 820w\" sizes=\"(max-width: 300px) 100vw, 300px\" \/><\/p>\n<hr \/>\n<p>Spole\u010dnost <a href=\"http:\/\/epsbiotechnology.cz\/\">EPS biotechnology, s.r.o.<\/a> byla zalo\u017eena v roce 2002 s d\u016frazem na aktivn\u00ed p\u0159\u00edstup k projekt\u016fm sanace \u017eivotn\u00edho prost\u0159ed\u00ed. EPS poskytuje slu\u017eby v oblasti environment\u00e1ln\u00edch biotechnologi\u00ed, zejm\u00e9na zam\u011b\u0159en\u00e9 na ochranu \u017eivotn\u00edho prost\u0159ed\u00ed, v\u00fdzkum a v\u00fdvoj inovativn\u00edch technik a jejich optimalizaci pro specifick\u00e9 pot\u0159eby klient\u016f, fytoremediaci, rostlinnou v\u00fdrobu a obnovu m\u011bstsk\u00fdch prostor a d\u00e1le na nakl\u00e1d\u00e1n\u00ed s odpady a vyu\u017eit\u00ed obnoviteln\u00fdch zdroj\u016f energie.<\/p>\n<p>Od roku 2012 spole\u010dnost provozuje bioplynovou stanici v srdci jihov\u00fdchodn\u00ed Moravy, vyu\u017e\u00edvaj\u00edc\u00ed biomasy z m\u00edstn\u00edch zem\u011bd\u011blsk\u00fdch zdroj\u016f. P\u0159ebyte\u010dn\u00e9 teplo z fermenta\u010dn\u00edch proces\u016f se vyu\u017e\u00edv\u00e1 v mal\u00e9m sklen\u00edku, kter\u00fd se \u010dasto pou\u017e\u00edv\u00e1 jako rozmno\u017eovac\u00ed jednotka pro rostliny nezbytn\u00e9 v jin\u00fdch sana\u010dn\u00edch\/restaur\u00e1torsk\u00fdch projektech.<\/p>\n<p>Spole\u010dnost EPS realizovala \u010detn\u00e9 projekty rekultivace a op\u011btovn\u00e9 v\u00fdsadby ve\u0159ejn\u00e9 i soukrom\u00e9 zelen\u011b, kter\u00e9 p\u0159inesly dobr\u00e9 znalosti v oblasti kultivace sklen\u00edkov\u00fdch okrasn\u00fdch rostlin.<\/p>","protected":false},"excerpt":{"rendered":"<p>Spole\u010dnost EPS biotechnology, s.r.o. byla zalo\u017eena v roce 2002 s d\u016frazem na aktivn\u00ed p\u0159\u00edstup k projekt\u016fm sanace \u017eivotn\u00edho prost\u0159ed\u00ed. EPS poskytuje slu\u017eby v oblasti environment\u00e1ln\u00edch biotechnologi\u00ed, zejm\u00e9na zam\u011b\u0159en\u00e9 na ochranu \u017eivotn\u00edho prost\u0159ed\u00ed, v\u00fdzkum a v\u00fdvoj inovativn\u00edch technik a jejich optimalizaci pro specifick\u00e9 pot\u0159eby klient\u016f, fytoremediaci, rostlinnou v\u00fdrobu a obnovu m\u011bstsk\u00fdch prostor a d\u00e1le na nakl\u00e1d\u00e1n\u00ed [&hellip;]<\/p>\n","protected":false},"author":1,"featured_media":0,"parent":0,"menu_order":0,"comment_status":"closed","ping_status":"closed","template":"","meta":[],"yoast_head":"<!-- This site is optimized with the Yoast SEO plugin v16.6.1 - https:\/\/yoast.com\/wordpress\/plugins\/seo\/ -->\n<title>EPS biotechnology s.r.o. - LIFE Agrised<\/title>\n<meta name=\"robots\" content=\"index, follow, max-snippet:-1, max-image-preview:large, max-video-preview:-1\" \/>\n<link rel=\"canonical\" href=\"http:\/\/www.lifeagrised.com\/eps-biotechnology-s-r-o\/\" \/>\n<meta property=\"og:locale\" content=\"en_US\" \/>\n<meta property=\"og:type\" content=\"article\" \/>\n<meta property=\"og:title\" content=\"EPS biotechnology s.r.o. - LIFE Agrised\" \/>\n<meta property=\"og:description\" content=\"Spole\u010dnost EPS biotechnology, s.r.o. byla zalo\u017eena v roce 2002 s d\u016frazem na aktivn\u00ed p\u0159\u00edstup k projekt\u016fm sanace \u017eivotn\u00edho prost\u0159ed\u00ed. EPS poskytuje slu\u017eby v oblasti environment\u00e1ln\u00edch biotechnologi\u00ed, zejm\u00e9na zam\u011b\u0159en\u00e9 na ochranu \u017eivotn\u00edho prost\u0159ed\u00ed, v\u00fdzkum a v\u00fdvoj inovativn\u00edch technik a jejich optimalizaci pro specifick\u00e9 pot\u0159eby klient\u016f, fytoremediaci, rostlinnou v\u00fdrobu a obnovu m\u011bstsk\u00fdch prostor a d\u00e1le na nakl\u00e1d\u00e1n\u00ed [&hellip;]\" \/>\n<meta property=\"og:url\" content=\"http:\/\/www.lifeagrised.com\/eps-biotechnology-s-r-o\/\" \/>\n<meta property=\"og:site_name\" content=\"LIFE Agrised\" \/>\n<meta property=\"article:modified_time\" content=\"2020-03-19T18:19:34+00:00\" \/>\n<meta property=\"og:image\" content=\"http:\/\/www.lifeagrised.com\/wp-content\/uploads\/2018\/10\/eps_biotechnology_vv_web2-1--300x159.jpg\" \/>\n<meta name=\"twitter:card\" content=\"summary_large_image\" \/>\n<meta name=\"twitter:label1\" content=\"Est. reading time\" \/>\n\t<meta name=\"twitter:data1\" content=\"2 minutes\" \/>\n<script type=\"application\/ld+json\" class=\"yoast-schema-graph\">{\"@context\":\"https:\/\/schema.org\",\"@graph\":[{\"@type\":\"WebSite\",\"@id\":\"http:\/\/www.lifeagrised.com\/#website\",\"url\":\"http:\/\/www.lifeagrised.com\/\",\"name\":\"LIFE Agrised\",\"description\":\"Use of dredged sediments for creating innovative growing media and technosols for plant nursery and soil rehabilitation\",\"potentialAction\":[{\"@type\":\"SearchAction\",\"target\":{\"@type\":\"EntryPoint\",\"urlTemplate\":\"http:\/\/www.lifeagrised.com\/?s={search_term_string}\"},\"query-input\":\"required name=search_term_string\"}],\"inLanguage\":\"cz\"},{\"@type\":\"ImageObject\",\"@id\":\"http:\/\/www.lifeagrised.com\/eps-biotechnology-s-r-o\/#primaryimage\",\"inLanguage\":\"cz\",\"url\":\"http:\/\/www.lifeagrised.com\/wp-content\/uploads\/2018\/10\/eps_biotechnology_vv_web2-1-.jpg\",\"contentUrl\":\"http:\/\/www.lifeagrised.com\/wp-content\/uploads\/2018\/10\/eps_biotechnology_vv_web2-1-.jpg\",\"width\":2057,\"height\":1093},{\"@type\":\"WebPage\",\"@id\":\"http:\/\/www.lifeagrised.com\/eps-biotechnology-s-r-o\/#webpage\",\"url\":\"http:\/\/www.lifeagrised.com\/eps-biotechnology-s-r-o\/\",\"name\":\"EPS biotechnology s.r.o. - LIFE Agrised\",\"isPartOf\":{\"@id\":\"http:\/\/www.lifeagrised.com\/#website\"},\"primaryImageOfPage\":{\"@id\":\"http:\/\/www.lifeagrised.com\/eps-biotechnology-s-r-o\/#primaryimage\"},\"datePublished\":\"2018-10-08T14:57:49+00:00\",\"dateModified\":\"2020-03-19T18:19:34+00:00\",\"breadcrumb\":{\"@id\":\"http:\/\/www.lifeagrised.com\/eps-biotechnology-s-r-o\/#breadcrumb\"},\"inLanguage\":\"cz\",\"potentialAction\":[{\"@type\":\"ReadAction\",\"target\":[\"http:\/\/www.lifeagrised.com\/eps-biotechnology-s-r-o\/\"]}]},{\"@type\":\"BreadcrumbList\",\"@id\":\"http:\/\/www.lifeagrised.com\/eps-biotechnology-s-r-o\/#breadcrumb\",\"itemListElement\":[{\"@type\":\"ListItem\",\"position\":1,\"name\":\"Home\",\"item\":\"http:\/\/www.lifeagrised.com\/\"},{\"@type\":\"ListItem\",\"position\":2,\"name\":\"EPS biotechnology s.r.o.\"}]}]}<\/script>\n<!-- \/ Yoast SEO plugin. -->","_links":{"self":[{"href":"http:\/\/www.lifeagrised.com\/cz\/wp-json\/wp\/v2\/pages\/89"}],"collection":[{"href":"http:\/\/www.lifeagrised.com\/cz\/wp-json\/wp\/v2\/pages"}],"about":[{"href":"http:\/\/www.lifeagrised.com\/cz\/wp-json\/wp\/v2\/types\/page"}],"author":[{"embeddable":true,"href":"http:\/\/www.lifeagrised.com\/cz\/wp-json\/wp\/v2\/users\/1"}],"replies":[{"embeddable":true,"href":"http:\/\/www.lifeagrised.com\/cz\/wp-json\/wp\/v2\/comments?post=89"}],"version-history":[{"count":5,"href":"http:\/\/www.lifeagrised.com\/cz\/wp-json\/wp\/v2\/pages\/89\/revisions"}],"predecessor-version":[{"id":941,"href":"http:\/\/www.lifeagrised.com\/cz\/wp-json\/wp\/v2\/pages\/89\/revisions\/941"}],"wp:attachment":[{"href":"http:\/\/www.lifeagrised.com\/cz\/wp-json\/wp\/v2\/media?parent=89"}],"curies":[{"name":"wp","href":"https:\/\/api.w.org\/{rel}","templated":true}]}}