{"id":94,"date":"2018-10-08T17:05:56","date_gmt":"2018-10-08T15:05:56","guid":{"rendered":"http:\/\/www.lifeagrised.com\/?page_id=94"},"modified":"2020-03-19T20:38:55","modified_gmt":"2020-03-19T19:38:55","slug":"societa-agricola-f-lli-gorini-piante-s-s","status":"publish","type":"page","link":"http:\/\/www.lifeagrised.com\/cz\/societa-agricola-f-lli-gorini-piante-s-s\/","title":{"rendered":"Societ\u00e0 Agricola F.lli Gorini Piante s.s."},"content":{"rendered":"<p><\/p>\n<hr \/>\n<p><img loading=\"lazy\" class=\"wp-image-95 aligncenter\" src=\"http:\/\/www.lifeagrised.com\/wp-content\/uploads\/2018\/10\/gorini-piante-logo.png\" alt=\"\" width=\"351\" height=\"86\" \/><\/p>\n<hr \/>\n<p>Spole\u010dnost <a href=\"https:\/\/www.gorinipiante.it\/en\/\">Gorini Piante<\/a> je rodinn\u00e1 \u0161kolka se s\u00eddlem v\u00a0m\u011bst\u011b Pistoia v Tosk\u00e1nsku (IT), kter\u00e1 ji\u017e po t\u0159i generace p\u011bstuje rostliny. Jej\u00edm posl\u00e1n\u00edm je nab\u00edzet sv\u00fdm z\u00e1kazn\u00edk\u016fm kvalitn\u00ed syst\u00e9my a spolehliv\u00e9 vynikaj\u00edc\u00ed slu\u017eby za stabiln\u00ed ceny.<\/p>\n<p>Krom\u011b \u0161irok\u00e9 \u0161k\u00e1ly p\u011bstitelsk\u00fdch produkt\u016f nab\u00edz\u00ed Gorini Piante sv\u00fdm z\u00e1kazn\u00edk\u016fm tak\u00e9 rozs\u00e1hl\u00fd sortiment speci\u00e1ln\u00edch rostlin: japonsk\u00fdch javor\u016f, ke\u0159\u016f a listnat\u00fdch strom\u016f, jehli\u010dnan\u016f, st\u00e1lezelen\u00fdch rostlin, okrasn\u00fdch rostlin, topiary, st\u0159edomo\u0159sk\u00e9 rostliny, palmy a dal\u0161\u00ed. V\u0161echny produkty jsou dod\u00e1v\u00e1ny v\u00fdhradn\u011b v nejvy\u0161\u0161\u00ed kvalit\u011b.<\/p>","protected":false},"excerpt":{"rendered":"<p>Spole\u010dnost Gorini Piante je rodinn\u00e1 \u0161kolka se s\u00eddlem v\u00a0m\u011bst\u011b Pistoia v Tosk\u00e1nsku (IT), kter\u00e1 ji\u017e po t\u0159i generace p\u011bstuje rostliny. Jej\u00edm posl\u00e1n\u00edm je nab\u00edzet sv\u00fdm z\u00e1kazn\u00edk\u016fm kvalitn\u00ed syst\u00e9my a spolehliv\u00e9 vynikaj\u00edc\u00ed slu\u017eby za stabiln\u00ed ceny. Krom\u011b \u0161irok\u00e9 \u0161k\u00e1ly p\u011bstitelsk\u00fdch produkt\u016f nab\u00edz\u00ed Gorini Piante sv\u00fdm z\u00e1kazn\u00edk\u016fm tak\u00e9 rozs\u00e1hl\u00fd sortiment speci\u00e1ln\u00edch rostlin: japonsk\u00fdch javor\u016f, ke\u0159\u016f a listnat\u00fdch [&hellip;]<\/p>\n","protected":false},"author":1,"featured_media":0,"parent":0,"menu_order":0,"comment_status":"closed","ping_status":"closed","template":"","meta":[],"yoast_head":"<!-- This site is optimized with the Yoast SEO plugin v16.6.1 - https:\/\/yoast.com\/wordpress\/plugins\/seo\/ -->\n<title>Societ\u00e0 Agricola F.lli Gorini Piante s.s. - LIFE Agrised<\/title>\n<meta name=\"robots\" content=\"index, follow, max-snippet:-1, max-image-preview:large, max-video-preview:-1\" \/>\n<link rel=\"canonical\" href=\"http:\/\/www.lifeagrised.com\/en\/societa-agricola-f-lli-gorini-piante-s-s\/\" \/>\n<meta property=\"og:locale\" content=\"en_US\" \/>\n<meta property=\"og:type\" content=\"article\" \/>\n<meta property=\"og:title\" content=\"Societ\u00e0 Agricola F.lli Gorini Piante s.s. - LIFE Agrised\" \/>\n<meta property=\"og:description\" content=\"Spole\u010dnost Gorini Piante je rodinn\u00e1 \u0161kolka se s\u00eddlem v\u00a0m\u011bst\u011b Pistoia v Tosk\u00e1nsku (IT), kter\u00e1 ji\u017e po t\u0159i generace p\u011bstuje rostliny. Jej\u00edm posl\u00e1n\u00edm je nab\u00edzet sv\u00fdm z\u00e1kazn\u00edk\u016fm kvalitn\u00ed syst\u00e9my a spolehliv\u00e9 vynikaj\u00edc\u00ed slu\u017eby za stabiln\u00ed ceny. Krom\u011b \u0161irok\u00e9 \u0161k\u00e1ly p\u011bstitelsk\u00fdch produkt\u016f nab\u00edz\u00ed Gorini Piante sv\u00fdm z\u00e1kazn\u00edk\u016fm tak\u00e9 rozs\u00e1hl\u00fd sortiment speci\u00e1ln\u00edch rostlin: japonsk\u00fdch javor\u016f, ke\u0159\u016f a listnat\u00fdch [&hellip;]\" \/>\n<meta property=\"og:url\" content=\"http:\/\/www.lifeagrised.com\/en\/societa-agricola-f-lli-gorini-piante-s-s\/\" \/>\n<meta property=\"og:site_name\" content=\"LIFE Agrised\" \/>\n<meta property=\"article:modified_time\" content=\"2020-03-19T19:38:55+00:00\" \/>\n<meta property=\"og:image\" content=\"http:\/\/www.lifeagrised.com\/wp-content\/uploads\/2018\/10\/gorini-piante-logo.png\" \/>\n<meta name=\"twitter:card\" content=\"summary_large_image\" \/>\n<meta name=\"twitter:label1\" content=\"Est. reading time\" \/>\n\t<meta name=\"twitter:data1\" content=\"1 minute\" \/>\n<script type=\"application\/ld+json\" class=\"yoast-schema-graph\">{\"@context\":\"https:\/\/schema.org\",\"@graph\":[{\"@type\":\"WebSite\",\"@id\":\"http:\/\/www.lifeagrised.com\/#website\",\"url\":\"http:\/\/www.lifeagrised.com\/\",\"name\":\"LIFE Agrised\",\"description\":\"Use of dredged sediments for creating innovative growing media and technosols for plant nursery and soil rehabilitation\",\"potentialAction\":[{\"@type\":\"SearchAction\",\"target\":{\"@type\":\"EntryPoint\",\"urlTemplate\":\"http:\/\/www.lifeagrised.com\/?s={search_term_string}\"},\"query-input\":\"required name=search_term_string\"}],\"inLanguage\":\"cz\"},{\"@type\":\"ImageObject\",\"@id\":\"http:\/\/www.lifeagrised.com\/en\/societa-agricola-f-lli-gorini-piante-s-s\/#primaryimage\",\"inLanguage\":\"cz\",\"url\":\"http:\/\/www.lifeagrised.com\/wp-content\/uploads\/2018\/10\/gorini-piante-logo.png\",\"contentUrl\":\"http:\/\/www.lifeagrised.com\/wp-content\/uploads\/2018\/10\/gorini-piante-logo.png\",\"width\":265,\"height\":65},{\"@type\":\"WebPage\",\"@id\":\"http:\/\/www.lifeagrised.com\/en\/societa-agricola-f-lli-gorini-piante-s-s\/#webpage\",\"url\":\"http:\/\/www.lifeagrised.com\/en\/societa-agricola-f-lli-gorini-piante-s-s\/\",\"name\":\"Societ\\u00e0 Agricola F.lli Gorini Piante s.s. - LIFE Agrised\",\"isPartOf\":{\"@id\":\"http:\/\/www.lifeagrised.com\/#website\"},\"primaryImageOfPage\":{\"@id\":\"http:\/\/www.lifeagrised.com\/en\/societa-agricola-f-lli-gorini-piante-s-s\/#primaryimage\"},\"datePublished\":\"2018-10-08T15:05:56+00:00\",\"dateModified\":\"2020-03-19T19:38:55+00:00\",\"breadcrumb\":{\"@id\":\"http:\/\/www.lifeagrised.com\/en\/societa-agricola-f-lli-gorini-piante-s-s\/#breadcrumb\"},\"inLanguage\":\"cz\",\"potentialAction\":[{\"@type\":\"ReadAction\",\"target\":[\"http:\/\/www.lifeagrised.com\/en\/societa-agricola-f-lli-gorini-piante-s-s\/\"]}]},{\"@type\":\"BreadcrumbList\",\"@id\":\"http:\/\/www.lifeagrised.com\/en\/societa-agricola-f-lli-gorini-piante-s-s\/#breadcrumb\",\"itemListElement\":[{\"@type\":\"ListItem\",\"position\":1,\"name\":\"Home\",\"item\":\"http:\/\/www.lifeagrised.com\/\"},{\"@type\":\"ListItem\",\"position\":2,\"name\":\"Societ\\u00e0 Agricola F.lli Gorini Piante s.s.\"}]}]}<\/script>\n<!-- \/ Yoast SEO plugin. -->","_links":{"self":[{"href":"http:\/\/www.lifeagrised.com\/cz\/wp-json\/wp\/v2\/pages\/94"}],"collection":[{"href":"http:\/\/www.lifeagrised.com\/cz\/wp-json\/wp\/v2\/pages"}],"about":[{"href":"http:\/\/www.lifeagrised.com\/cz\/wp-json\/wp\/v2\/types\/page"}],"author":[{"embeddable":true,"href":"http:\/\/www.lifeagrised.com\/cz\/wp-json\/wp\/v2\/users\/1"}],"replies":[{"embeddable":true,"href":"http:\/\/www.lifeagrised.com\/cz\/wp-json\/wp\/v2\/comments?post=94"}],"version-history":[{"count":2,"href":"http:\/\/www.lifeagrised.com\/cz\/wp-json\/wp\/v2\/pages\/94\/revisions"}],"predecessor-version":[{"id":942,"href":"http:\/\/www.lifeagrised.com\/cz\/wp-json\/wp\/v2\/pages\/94\/revisions\/942"}],"wp:attachment":[{"href":"http:\/\/www.lifeagrised.com\/cz\/wp-json\/wp\/v2\/media?parent=94"}],"curies":[{"name":"wp","href":"https:\/\/api.w.org\/{rel}","templated":true}]}}