{"id":97,"date":"2018-10-08T17:08:26","date_gmt":"2018-10-08T15:08:26","guid":{"rendered":"http:\/\/www.lifeagrised.com\/?page_id=97"},"modified":"2020-03-19T20:40:31","modified_gmt":"2020-03-19T19:40:31","slug":"ise-cnr","status":"publish","type":"page","link":"http:\/\/www.lifeagrised.com\/cz\/ise-cnr\/","title":{"rendered":"IRET-CNR"},"content":{"rendered":"<p><\/p>\n<hr \/>\n<p><a href=\"http:\/\/www.iret.cnr.it\/\"><img loading=\"lazy\" class=\"aligncenter wp-image-783 size-medium\" src=\"http:\/\/www.lifeagrised.com\/wp-content\/uploads\/2020\/01\/marchio-CNR-IRET-tracce-300x292.png\" alt=\"\" width=\"300\" height=\"292\" srcset=\"http:\/\/www.lifeagrised.com\/wp-content\/uploads\/2020\/01\/marchio-CNR-IRET-tracce-300x292.png 300w, http:\/\/www.lifeagrised.com\/wp-content\/uploads\/2020\/01\/marchio-CNR-IRET-tracce-768x748.png 768w, http:\/\/www.lifeagrised.com\/wp-content\/uploads\/2020\/01\/marchio-CNR-IRET-tracce-1024x998.png 1024w, http:\/\/www.lifeagrised.com\/wp-content\/uploads\/2020\/01\/marchio-CNR-IRET-tracce-820x799.png 820w, http:\/\/www.lifeagrised.com\/wp-content\/uploads\/2020\/01\/marchio-CNR-IRET-tracce.png 1294w\" sizes=\"(max-width: 300px) 100vw, 300px\" \/><\/a><\/p>\n<hr \/>\n<p>V\u00fdzkumn\u00e1 skupina\u00a0<a href=\"http:\/\/www.iret.cnr.it\/\" data-slimstat=\"5\"><em><strong>IRET-CNR<\/strong><\/em><\/a>\u00a0pat\u0159\u00ed do V\u00fdzkumn\u00e9ho \u00fastavu suchozemsk\u00fdch ekosyst\u00e9m\u016f (IRET), N\u00e1rodn\u00ed rady pro v\u00fdzkum (CNR) It\u00e1lie. IRET je multidisciplin\u00e1rn\u00ed v\u00fdzkumn\u00fd \u00fastav zapojen\u00fd do studia struktury, dynamiky a fungov\u00e1n\u00ed vodn\u00edch a suchozemsk\u00fdch ekosyst\u00e9m\u016f se zam\u011b\u0159en\u00edm zejm\u00e9na na glob\u00e1ln\u00ed zm\u011bny a antropogenn\u00ed tlak. Znalosti z\u00edskan\u00e9 v t\u011bchto environment\u00e1ln\u00edch t\u00e9matech p\u0159edstavuj\u00ed v\u011bdeck\u00fd z\u00e1klad pro identifikaci nejvhodn\u011bj\u0161\u00edch ochrann\u00fdch a n\u00e1pravn\u00fdch z\u00e1sah\u016f a poskytuj\u00ed podporu org\u00e1n\u016fm pov\u011b\u0159en\u00fdm formulov\u00e1n\u00edm politik na ochranu a obnovu \u017eivotn\u00edho prost\u0159ed\u00ed.<\/p>\n<p>Sekce skupiny CNR-IRET v Pise se pod\u00edl\u00ed na mnoha environment\u00e1ln\u00edch v\u00fdzkumech t\u00fdkaj\u00edc\u00edch se p\u0159edev\u0161\u00edm kvality a vyu\u017eit\u00ed p\u016fdy, nakl\u00e1d\u00e1n\u00ed s odpady a recyklace a odstra\u0148ov\u00e1n\u00ed vody. Tyto v\u00fdzkumy se dob\u0159e integruj\u00ed s pot\u0159ebami ochrany, zachov\u00e1n\u00ed a obnovy p\u016fdy a sediment\u016f a vodn\u00edch ekosyst\u00e9m\u016f v souvislosti se zm\u011bnami klimatu a nedostatkem vody. V posledn\u00ed dob\u011b se skupina zab\u00fdv\u00e1 mnoha environment\u00e1ln\u00edmi projekty, kter\u00e9 se t\u00fdkaj\u00ed v z\u00e1sad\u011b rekultivace p\u016fdy a sediment\u016f, t\u00e9m\u011b\u0159 v\u0161echny zalo\u017een\u00e9 na interakc\u00edch mezi<br \/>\np\u016fda (nebo sedimenty), rostliny, mikro- a makrofauna.<\/p>\n<p>CNR-IRET v Pise, kter\u00e1 je sou\u010d\u00e1st\u00ed rozs\u00e1hl\u00e9 mezin\u00e1rodn\u00ed s\u00edt\u011b, m\u00e1 p\u0159\u00edstup k nejmodern\u011bj\u0161\u00edm za\u0159\u00edzen\u00edm, propaguje a \u0159\u00edd\u00ed pokro\u010dil\u00e9 projekty v\u00fdzkumu a v\u00fdvoje do struktury a fungov\u00e1n\u00ed ekosyst\u00e9m\u016f, poskytuje tv\u016frc\u016fm politik \u0159e\u0161en\u00ed a podporu o ochran\u011b \u017eivotn\u00edho prost\u0159ed\u00ed a obnov\u011b.<\/p>\n<p>V posledn\u00edch letech byly vypracov\u00e1ny 3 projekty EU na t\u00e9ma rekultivace kontaminovan\u00e9ho sedimentu.<\/p>\n<ul>\n<li>AGRIPORT \u2013 Agricultural Reuse of Polluted dredged Sediments No. CO\/08\/239065\/S12.532262.<\/li>\n<li>LIFE+CLEANSED 12 ENV\/IT\/652 \u2013 Innovative integrated methodology for the use of decontaminated river sediments in plant nursing and road building.<\/li>\n<li>HORTISED LIFE14 ENV\/IT\/000113 Demonstration of the suitability of dredged remediated sediments for safe and sustainable horticulture production.<\/li>\n<\/ul>\n<p><\/p>","protected":false},"excerpt":{"rendered":"<p>V\u00fdzkumn\u00e1 skupina\u00a0IRET-CNR\u00a0pat\u0159\u00ed do V\u00fdzkumn\u00e9ho \u00fastavu suchozemsk\u00fdch ekosyst\u00e9m\u016f (IRET), N\u00e1rodn\u00ed rady pro v\u00fdzkum (CNR) It\u00e1lie. IRET je multidisciplin\u00e1rn\u00ed v\u00fdzkumn\u00fd \u00fastav zapojen\u00fd do studia struktury, dynamiky a fungov\u00e1n\u00ed vodn\u00edch a suchozemsk\u00fdch ekosyst\u00e9m\u016f se zam\u011b\u0159en\u00edm zejm\u00e9na na glob\u00e1ln\u00ed zm\u011bny a antropogenn\u00ed tlak. Znalosti z\u00edskan\u00e9 v t\u011bchto environment\u00e1ln\u00edch t\u00e9matech p\u0159edstavuj\u00ed v\u011bdeck\u00fd z\u00e1klad pro identifikaci nejvhodn\u011bj\u0161\u00edch ochrann\u00fdch a n\u00e1pravn\u00fdch z\u00e1sah\u016f [&hellip;]<\/p>\n","protected":false},"author":1,"featured_media":0,"parent":0,"menu_order":0,"comment_status":"closed","ping_status":"closed","template":"","meta":[],"yoast_head":"<!-- This site is optimized with the Yoast SEO plugin v16.6.1 - https:\/\/yoast.com\/wordpress\/plugins\/seo\/ -->\n<title>IRET-CNR - LIFE Agrised<\/title>\n<meta name=\"robots\" content=\"index, follow, max-snippet:-1, max-image-preview:large, max-video-preview:-1\" \/>\n<link rel=\"canonical\" href=\"http:\/\/www.lifeagrised.com\/ise-cnr\/\" \/>\n<meta property=\"og:locale\" content=\"en_US\" \/>\n<meta property=\"og:type\" content=\"article\" \/>\n<meta property=\"og:title\" content=\"IRET-CNR - LIFE Agrised\" \/>\n<meta property=\"og:description\" content=\"V\u00fdzkumn\u00e1 skupina\u00a0IRET-CNR\u00a0pat\u0159\u00ed do V\u00fdzkumn\u00e9ho \u00fastavu suchozemsk\u00fdch ekosyst\u00e9m\u016f (IRET), N\u00e1rodn\u00ed rady pro v\u00fdzkum (CNR) It\u00e1lie. IRET je multidisciplin\u00e1rn\u00ed v\u00fdzkumn\u00fd \u00fastav zapojen\u00fd do studia struktury, dynamiky a fungov\u00e1n\u00ed vodn\u00edch a suchozemsk\u00fdch ekosyst\u00e9m\u016f se zam\u011b\u0159en\u00edm zejm\u00e9na na glob\u00e1ln\u00ed zm\u011bny a antropogenn\u00ed tlak. Znalosti z\u00edskan\u00e9 v t\u011bchto environment\u00e1ln\u00edch t\u00e9matech p\u0159edstavuj\u00ed v\u011bdeck\u00fd z\u00e1klad pro identifikaci nejvhodn\u011bj\u0161\u00edch ochrann\u00fdch a n\u00e1pravn\u00fdch z\u00e1sah\u016f [&hellip;]\" \/>\n<meta property=\"og:url\" content=\"http:\/\/www.lifeagrised.com\/ise-cnr\/\" \/>\n<meta property=\"og:site_name\" content=\"LIFE Agrised\" \/>\n<meta property=\"article:modified_time\" content=\"2020-03-19T19:40:31+00:00\" \/>\n<meta property=\"og:image\" content=\"http:\/\/www.lifeagrised.com\/wp-content\/uploads\/2020\/01\/marchio-CNR-IRET-tracce-300x292.png\" \/>\n<meta name=\"twitter:card\" content=\"summary_large_image\" \/>\n<meta name=\"twitter:label1\" content=\"Est. reading time\" \/>\n\t<meta name=\"twitter:data1\" content=\"5 minutes\" \/>\n<script type=\"application\/ld+json\" class=\"yoast-schema-graph\">{\"@context\":\"https:\/\/schema.org\",\"@graph\":[{\"@type\":\"WebSite\",\"@id\":\"http:\/\/www.lifeagrised.com\/#website\",\"url\":\"http:\/\/www.lifeagrised.com\/\",\"name\":\"LIFE Agrised\",\"description\":\"Use of dredged sediments for creating innovative growing media and technosols for plant nursery and soil rehabilitation\",\"potentialAction\":[{\"@type\":\"SearchAction\",\"target\":{\"@type\":\"EntryPoint\",\"urlTemplate\":\"http:\/\/www.lifeagrised.com\/?s={search_term_string}\"},\"query-input\":\"required name=search_term_string\"}],\"inLanguage\":\"cz\"},{\"@type\":\"ImageObject\",\"@id\":\"http:\/\/www.lifeagrised.com\/ise-cnr\/#primaryimage\",\"inLanguage\":\"cz\",\"url\":\"http:\/\/www.lifeagrised.com\/wp-content\/uploads\/2020\/01\/marchio-CNR-IRET-tracce.png\",\"contentUrl\":\"http:\/\/www.lifeagrised.com\/wp-content\/uploads\/2020\/01\/marchio-CNR-IRET-tracce.png\",\"width\":1294,\"height\":1261},{\"@type\":\"WebPage\",\"@id\":\"http:\/\/www.lifeagrised.com\/ise-cnr\/#webpage\",\"url\":\"http:\/\/www.lifeagrised.com\/ise-cnr\/\",\"name\":\"IRET-CNR - LIFE Agrised\",\"isPartOf\":{\"@id\":\"http:\/\/www.lifeagrised.com\/#website\"},\"primaryImageOfPage\":{\"@id\":\"http:\/\/www.lifeagrised.com\/ise-cnr\/#primaryimage\"},\"datePublished\":\"2018-10-08T15:08:26+00:00\",\"dateModified\":\"2020-03-19T19:40:31+00:00\",\"breadcrumb\":{\"@id\":\"http:\/\/www.lifeagrised.com\/ise-cnr\/#breadcrumb\"},\"inLanguage\":\"cz\",\"potentialAction\":[{\"@type\":\"ReadAction\",\"target\":[\"http:\/\/www.lifeagrised.com\/ise-cnr\/\"]}]},{\"@type\":\"BreadcrumbList\",\"@id\":\"http:\/\/www.lifeagrised.com\/ise-cnr\/#breadcrumb\",\"itemListElement\":[{\"@type\":\"ListItem\",\"position\":1,\"name\":\"Home\",\"item\":\"http:\/\/www.lifeagrised.com\/\"},{\"@type\":\"ListItem\",\"position\":2,\"name\":\"IRET-CNR\"}]}]}<\/script>\n<!-- \/ Yoast SEO plugin. -->","_links":{"self":[{"href":"http:\/\/www.lifeagrised.com\/cz\/wp-json\/wp\/v2\/pages\/97"}],"collection":[{"href":"http:\/\/www.lifeagrised.com\/cz\/wp-json\/wp\/v2\/pages"}],"about":[{"href":"http:\/\/www.lifeagrised.com\/cz\/wp-json\/wp\/v2\/types\/page"}],"author":[{"embeddable":true,"href":"http:\/\/www.lifeagrised.com\/cz\/wp-json\/wp\/v2\/users\/1"}],"replies":[{"embeddable":true,"href":"http:\/\/www.lifeagrised.com\/cz\/wp-json\/wp\/v2\/comments?post=97"}],"version-history":[{"count":3,"href":"http:\/\/www.lifeagrised.com\/cz\/wp-json\/wp\/v2\/pages\/97\/revisions"}],"predecessor-version":[{"id":943,"href":"http:\/\/www.lifeagrised.com\/cz\/wp-json\/wp\/v2\/pages\/97\/revisions\/943"}],"wp:attachment":[{"href":"http:\/\/www.lifeagrised.com\/cz\/wp-json\/wp\/v2\/media?parent=97"}],"curies":[{"name":"wp","href":"https:\/\/api.w.org\/{rel}","templated":true}]}}