{"id":1065,"date":"2020-11-18T10:57:48","date_gmt":"2020-11-18T09:57:48","guid":{"rendered":"http:\/\/www.lifeagrised.com\/?page_id=1065"},"modified":"2020-12-07T09:44:55","modified_gmt":"2020-12-07T08:44:55","slug":"workshop-life-agrised-riutilizzo-di-sedimenti-e-scarti-verdi-per-la-produzione-di-substrati-e-tecnosuoli-innovativi","status":"publish","type":"page","link":"http:\/\/www.lifeagrised.com\/en\/workshop-life-agrised-riutilizzo-di-sedimenti-e-scarti-verdi-per-la-produzione-di-substrati-e-tecnosuoli-innovativi\/","title":{"rendered":"Workshop &#8220;LIFE AGRISED: riutilizzo di sedimenti e scarti verdi per la produzione di substrati e tecnosuoli innovativi&#8221;"},"content":{"rendered":"<p><\/p>\n<h1><span style=\"color: #000000;\"><img loading=\"lazy\" class=\"aligncenter size-large wp-image-1092\" src=\"http:\/\/www.lifeagrised.com\/wp-content\/uploads\/2020\/11\/Programma-WS-Agrised-tag-1024x580.jpg\" alt=\"\" width=\"1024\" height=\"580\" srcset=\"http:\/\/www.lifeagrised.com\/wp-content\/uploads\/2020\/11\/Programma-WS-Agrised-tag-1024x580.jpg 1024w, http:\/\/www.lifeagrised.com\/wp-content\/uploads\/2020\/11\/Programma-WS-Agrised-tag-300x170.jpg 300w, http:\/\/www.lifeagrised.com\/wp-content\/uploads\/2020\/11\/Programma-WS-Agrised-tag-768x435.jpg 768w, http:\/\/www.lifeagrised.com\/wp-content\/uploads\/2020\/11\/Programma-WS-Agrised-tag-820x464.jpg 820w, http:\/\/www.lifeagrised.com\/wp-content\/uploads\/2020\/11\/Programma-WS-Agrised-tag.jpg 1650w\" sizes=\"(max-width: 1024px) 100vw, 1024px\" \/><\/span><\/h1>\n<p>&nbsp;<\/p>\n<h1><span style=\"color: #000000;\">P<\/span><span style=\"color: #000000;\">artecipa anche tu al workshop organizzato da LIFE AGRISED!<\/span><\/h1>\n<p>&nbsp;<\/p>\n<p><span style=\"color: #000000;\">Il progetto AGRISED \u00e8 lieto di invitarti all&#8217;evento che si terr\u00e0 online luned\u00ec <strong>7 dicembre 2020, dalle 9.00 alle 13.00<\/strong>!<\/span><\/p>\n<p><span style=\"color: #000000;\"><strong>Chiunque \u00e8 benvenuto!<\/strong>\u00a0Possono partecipare professionisti, ricercatori, lavoratori del settore ma anche studenti, cittadini, pensionati.\u00a0<\/span><\/p>\n<p>&nbsp;<\/p>\n<p><span style=\"color: #000000;\"><strong>L&#8217;evento \u00e8 gratuito<\/strong>, \u00e8 necessario solamente registrarsi al seguente <strong><a style=\"color: #000000;\" href=\"https:\/\/forms.gle\/sSCdtveLfv4Sh5ZG6\">link di iscrizione<\/a><\/strong>\u00a0per ottenere i dati di accesso all&#8217;evento. Qualche giorno prima\u00a0 ti verr\u00e0 inviata una mail con il link di accesso e tutte le informazioni necessarie per partecipare.\u00a0La piattaforma utilizzata per lo streaming sar\u00e0 <strong>Zoom<\/strong>: se non l&#8217;hai ancora fatto utilizza i link in fondo alla pagina per scaricarla e installarla gratuitamente.<\/span><\/p>\n<p>&nbsp;<\/p>\n<p><span style=\"color: #000000;\">Il progetto LIFE AGRISED (LIFE17 ENV\/IT\/000269) mira a dimostrare su scala reale il possibile riutilizzo di sedimenti e scarti verdi come substrati di coltivazione destinati al vivaismo e tecnosuoli per la riabilitazione di terreni degradati.<\/span><\/p>\n<p><span style=\"color: #000000;\"><strong>L&#8217;obiettivo primario \u00e8 quello di provare che una transizione verso\u00a0modelli economici e stili di vita pi\u00f9 sostenibili \u00e8 davvero possibile!<\/strong><\/span><\/p>\n<p>&nbsp;<\/p>\n<p><span style=\"color: #000000;\">L&#8217;evento \u00e8 stato organizzato con il patrocinio dell&#8217;<strong>Ordine dei Dottori Agronomi e dei Dottori Forestali della Provincia di Pistoia<\/strong>, ed ai partecipanti richiedenti sar\u00e0 riconosciuto un credito formativo pari a 0,5 CFU.<\/span><\/p>\n<p>&nbsp;<\/p>\n<p><span style=\"color: #000000;\">Di seguito il\u00a0<strong>programma del workshop.<\/strong><\/span><\/p>\n<p>&nbsp;<\/p>\n<p><span style=\"color: #000000;\"><img loading=\"lazy\" class=\"aligncenter size-large wp-image-1097\" src=\"http:\/\/www.lifeagrised.com\/wp-content\/uploads\/2020\/11\/Programma-WS-Agrised-rev0-1-654x1024.jpg\" alt=\"\" width=\"654\" height=\"1024\" srcset=\"http:\/\/www.lifeagrised.com\/wp-content\/uploads\/2020\/11\/Programma-WS-Agrised-rev0-1-654x1024.jpg 654w, http:\/\/www.lifeagrised.com\/wp-content\/uploads\/2020\/11\/Programma-WS-Agrised-rev0-1-192x300.jpg 192w, http:\/\/www.lifeagrised.com\/wp-content\/uploads\/2020\/11\/Programma-WS-Agrised-rev0-1-768x1202.jpg 768w, http:\/\/www.lifeagrised.com\/wp-content\/uploads\/2020\/11\/Programma-WS-Agrised-rev0-1-820x1284.jpg 820w, http:\/\/www.lifeagrised.com\/wp-content\/uploads\/2020\/11\/Programma-WS-Agrised-rev0-1.jpg 1654w\" sizes=\"(max-width: 654px) 100vw, 654px\" \/><\/span><\/p>\n<p><span style=\"color: #000000;\">Vi aspettiamo numerosi!<\/span><\/p>\n<hr \/>\n<h2><span style=\"text-decoration: underline; color: #000000;\"><strong>Alcuni link utili:<\/strong><\/span><\/h2>\n<ul>\n<li><span style=\"color: #000000;\">Scarica il <strong><a style=\"color: #000000;\" href=\"http:\/\/www.lifeagrised.com\/wp-content\/uploads\/2020\/11\/Programma-WS-Agrised.pdf\">programma dell&#8217;evento online<\/a><\/strong>, in formato PDF.<\/span><\/li>\n<li><span style=\"color: #000000;\">Se vuoi darci una mano e ti piacerebbe partecipare al workshop, collegati alla<strong>\u00a0<a style=\"color: #000000;\" href=\"https:\/\/forms.gle\/sSCdtveLfv4Sh5ZG6\">pagina d&#8217;iscrizione<\/a> <\/strong>all&#8217;evento online (\u00e8 gratuito e potrai richiedere il riconoscimento dei Crediti Formativi se sei un professionista iscritto all&#8217;Ordine).<\/span><\/li>\n<li><span style=\"color: #000000;\">Dai un&#8217;occhiata e scarica <strong><a style=\"color: #000000;\" href=\"http:\/\/www.lifeagrised.com\/materiale-di-disseminazione\/\">il nostro materiale di disseminazione<\/a><\/strong>!<\/span><\/li>\n<li><span style=\"color: #000000;\">Rimani aggiornato sugli ultimi\u00a0<strong><a style=\"color: #000000;\" href=\"http:\/\/www.lifeagrised.com\/aggiornamento-dei-risultati-tecnici\/\">progressi tecnici<\/a>\u00a0<\/strong>del nostro progetto!<\/span><\/li>\n<li><span style=\"color: #000000;\">Lascia un mi piace e aiutaci a condividere la\u00a0<strong><a style=\"color: #000000;\" href=\"http:\/\/facebook.com\/lifeagrised\">pagina Facebook<\/a> <\/strong>di LIFE AgriSed: non costa nulla e l&#8217;ambiente ringrazia!<\/span><\/li>\n<li><span style=\"color: #000000;\">Visita il <a style=\"color: #000000;\" href=\"http:\/\/ordinepistoia.conaf.it\/\"><strong>sito web<\/strong><\/a> dell&#8217;Ordine\u00a0dei Dottori Agronomi e Forestali di Pistoia.<\/span><\/li>\n<li><span style=\"color: #000000;\">Scarica <strong><a style=\"color: #000000;\" href=\"https:\/\/zoom.us\/client\/latest\/ZoomInstaller.exe\">Zoom Desktop<\/a><\/strong> per partecipare all&#8217;evento dal tuo computer. Puoi anche partecipare con il tuo smartphone, Zoom \u00e8 disponibile anche per <strong><a style=\"color: #000000;\" href=\"https:\/\/play.google.com\/store\/apps\/details?id=us.zoom.videomeetings\">Android<\/a><\/strong> ed <strong><a style=\"color: #000000;\" href=\"https:\/\/itunes.apple.com\/us\/app\/id546505307\">Apple<\/a><\/strong>!<\/span><\/li>\n<\/ul>\n<p><\/p>","protected":false},"excerpt":{"rendered":"<p>&nbsp; Partecipa anche tu al workshop organizzato da LIFE AGRISED! &nbsp; Il progetto AGRISED \u00e8 lieto di invitarti all&#8217;evento che si terr\u00e0 online luned\u00ec 7 dicembre 2020, dalle 9.00 alle 13.00! Chiunque \u00e8 benvenuto!\u00a0Possono partecipare professionisti, ricercatori, lavoratori del settore ma anche studenti, cittadini, pensionati.\u00a0 &nbsp; L&#8217;evento \u00e8 gratuito, \u00e8 necessario solamente registrarsi al seguente [&hellip;]<\/p>\n","protected":false},"author":1,"featured_media":0,"parent":0,"menu_order":0,"comment_status":"closed","ping_status":"closed","template":"","meta":[],"yoast_head":"<!-- This site is optimized with the Yoast SEO plugin v16.6.1 - https:\/\/yoast.com\/wordpress\/plugins\/seo\/ -->\n<title>Workshop &quot;LIFE AGRISED: riutilizzo di sedimenti e scarti verdi per la produzione di substrati e tecnosuoli innovativi&quot; - LIFE Agrised<\/title>\n<meta name=\"robots\" content=\"index, follow, max-snippet:-1, max-image-preview:large, max-video-preview:-1\" \/>\n<link rel=\"canonical\" href=\"http:\/\/www.lifeagrised.com\/cz\/workshop-life-agrised-riutilizzo-di-sedimenti-e-scarti-verdi-per-la-produzione-di-substrati-e-tecnosuoli-innovativi\/\" \/>\n<meta property=\"og:locale\" content=\"en_US\" \/>\n<meta property=\"og:type\" content=\"article\" \/>\n<meta property=\"og:title\" content=\"Workshop &quot;LIFE AGRISED: riutilizzo di sedimenti e scarti verdi per la produzione di substrati e tecnosuoli innovativi&quot; - LIFE Agrised\" \/>\n<meta property=\"og:description\" content=\"&nbsp; Partecipa anche tu al workshop organizzato da LIFE AGRISED! &nbsp; Il progetto AGRISED \u00e8 lieto di invitarti all&#8217;evento che si terr\u00e0 online luned\u00ec 7 dicembre 2020, dalle 9.00 alle 13.00! Chiunque \u00e8 benvenuto!\u00a0Possono partecipare professionisti, ricercatori, lavoratori del settore ma anche studenti, cittadini, pensionati.\u00a0 &nbsp; L&#8217;evento \u00e8 gratuito, \u00e8 necessario solamente registrarsi al seguente [&hellip;]\" \/>\n<meta property=\"og:url\" content=\"http:\/\/www.lifeagrised.com\/cz\/workshop-life-agrised-riutilizzo-di-sedimenti-e-scarti-verdi-per-la-produzione-di-substrati-e-tecnosuoli-innovativi\/\" \/>\n<meta property=\"og:site_name\" content=\"LIFE Agrised\" \/>\n<meta property=\"article:modified_time\" content=\"2020-12-07T08:44:55+00:00\" \/>\n<meta property=\"og:image\" content=\"http:\/\/www.lifeagrised.com\/wp-content\/uploads\/2020\/11\/Programma-WS-Agrised-tag-1024x580.jpg\" \/>\n<meta name=\"twitter:card\" content=\"summary_large_image\" \/>\n<meta name=\"twitter:label1\" content=\"Est. reading time\" \/>\n\t<meta name=\"twitter:data1\" content=\"5 minutes\" \/>\n<script type=\"application\/ld+json\" class=\"yoast-schema-graph\">{\"@context\":\"https:\/\/schema.org\",\"@graph\":[{\"@type\":\"WebSite\",\"@id\":\"http:\/\/www.lifeagrised.com\/#website\",\"url\":\"http:\/\/www.lifeagrised.com\/\",\"name\":\"LIFE Agrised\",\"description\":\"Use of dredged sediments for creating innovative growing media and technosols for plant nursery and soil rehabilitation\",\"potentialAction\":[{\"@type\":\"SearchAction\",\"target\":{\"@type\":\"EntryPoint\",\"urlTemplate\":\"http:\/\/www.lifeagrised.com\/?s={search_term_string}\"},\"query-input\":\"required name=search_term_string\"}],\"inLanguage\":\"en-US\"},{\"@type\":\"ImageObject\",\"@id\":\"http:\/\/www.lifeagrised.com\/cz\/workshop-life-agrised-riutilizzo-di-sedimenti-e-scarti-verdi-per-la-produzione-di-substrati-e-tecnosuoli-innovativi\/#primaryimage\",\"inLanguage\":\"en-US\",\"url\":\"http:\/\/www.lifeagrised.com\/wp-content\/uploads\/2020\/11\/Programma-WS-Agrised-tag.jpg\",\"contentUrl\":\"http:\/\/www.lifeagrised.com\/wp-content\/uploads\/2020\/11\/Programma-WS-Agrised-tag.jpg\",\"width\":1650,\"height\":934},{\"@type\":\"WebPage\",\"@id\":\"http:\/\/www.lifeagrised.com\/cz\/workshop-life-agrised-riutilizzo-di-sedimenti-e-scarti-verdi-per-la-produzione-di-substrati-e-tecnosuoli-innovativi\/#webpage\",\"url\":\"http:\/\/www.lifeagrised.com\/cz\/workshop-life-agrised-riutilizzo-di-sedimenti-e-scarti-verdi-per-la-produzione-di-substrati-e-tecnosuoli-innovativi\/\",\"name\":\"Workshop \\\"LIFE AGRISED: riutilizzo di sedimenti e scarti verdi per la produzione di substrati e tecnosuoli innovativi\\\" - LIFE Agrised\",\"isPartOf\":{\"@id\":\"http:\/\/www.lifeagrised.com\/#website\"},\"primaryImageOfPage\":{\"@id\":\"http:\/\/www.lifeagrised.com\/cz\/workshop-life-agrised-riutilizzo-di-sedimenti-e-scarti-verdi-per-la-produzione-di-substrati-e-tecnosuoli-innovativi\/#primaryimage\"},\"datePublished\":\"2020-11-18T09:57:48+00:00\",\"dateModified\":\"2020-12-07T08:44:55+00:00\",\"breadcrumb\":{\"@id\":\"http:\/\/www.lifeagrised.com\/cz\/workshop-life-agrised-riutilizzo-di-sedimenti-e-scarti-verdi-per-la-produzione-di-substrati-e-tecnosuoli-innovativi\/#breadcrumb\"},\"inLanguage\":\"en-US\",\"potentialAction\":[{\"@type\":\"ReadAction\",\"target\":[\"http:\/\/www.lifeagrised.com\/cz\/workshop-life-agrised-riutilizzo-di-sedimenti-e-scarti-verdi-per-la-produzione-di-substrati-e-tecnosuoli-innovativi\/\"]}]},{\"@type\":\"BreadcrumbList\",\"@id\":\"http:\/\/www.lifeagrised.com\/cz\/workshop-life-agrised-riutilizzo-di-sedimenti-e-scarti-verdi-per-la-produzione-di-substrati-e-tecnosuoli-innovativi\/#breadcrumb\",\"itemListElement\":[{\"@type\":\"ListItem\",\"position\":1,\"name\":\"Home\",\"item\":\"http:\/\/www.lifeagrised.com\/\"},{\"@type\":\"ListItem\",\"position\":2,\"name\":\"Workshop &#8220;LIFE AGRISED: riutilizzo di sedimenti e scarti verdi per la produzione di substrati e tecnosuoli innovativi&#8221;\"}]}]}<\/script>\n<!-- \/ Yoast SEO plugin. -->","_links":{"self":[{"href":"http:\/\/www.lifeagrised.com\/en\/wp-json\/wp\/v2\/pages\/1065"}],"collection":[{"href":"http:\/\/www.lifeagrised.com\/en\/wp-json\/wp\/v2\/pages"}],"about":[{"href":"http:\/\/www.lifeagrised.com\/en\/wp-json\/wp\/v2\/types\/page"}],"author":[{"embeddable":true,"href":"http:\/\/www.lifeagrised.com\/en\/wp-json\/wp\/v2\/users\/1"}],"replies":[{"embeddable":true,"href":"http:\/\/www.lifeagrised.com\/en\/wp-json\/wp\/v2\/comments?post=1065"}],"version-history":[{"count":26,"href":"http:\/\/www.lifeagrised.com\/en\/wp-json\/wp\/v2\/pages\/1065\/revisions"}],"predecessor-version":[{"id":1113,"href":"http:\/\/www.lifeagrised.com\/en\/wp-json\/wp\/v2\/pages\/1065\/revisions\/1113"}],"wp:attachment":[{"href":"http:\/\/www.lifeagrised.com\/en\/wp-json\/wp\/v2\/media?parent=1065"}],"curies":[{"name":"wp","href":"https:\/\/api.w.org\/{rel}","templated":true}]}}