{"id":40,"date":"2018-10-08T11:36:47","date_gmt":"2018-10-08T09:36:47","guid":{"rendered":"http:\/\/www.lifeagrised.com\/?page_id=40"},"modified":"2022-09-12T20:48:19","modified_gmt":"2022-09-12T18:48:19","slug":"novita-ed-eventi","status":"publish","type":"page","link":"http:\/\/www.lifeagrised.com\/en\/novita-ed-eventi\/","title":{"rendered":"News and events"},"content":{"rendered":"<p><\/p>\n<h2>Dissemination events<\/h2>\n<ul>\n<li><a href=\"http:\/\/www.lifeagrised.com\/2022\/04\/05\/1512\/\">The campaign of CNR for the sustainability of the AGRISED project<\/a> &#8211; March 2022<\/li>\n<li><a href=\"http:\/\/www.lifeagrised.com\/2022\/02\/24\/life-agrised-incontra-maria-chiara-carrozza-23-febbraio-2022\/\">LIFE AgriSed meets Maria Chiara Carrozza<\/a> &#8211; 23 febbraio 2022<\/li>\n<li><a href=\"http:\/\/www.lifeagrised.com\/2022\/02\/10\/il-secondo-corso-tecnico-del-progetto-life-agrised-organizzato-da-agri-vivai-ed-mcm-ecosistemi-9-febbraio-2022\/\">Technical course of the LIFE AGRISED project organized by Agri Vivai and MCM Ecosistemi<\/a> \u2013 9 February 2021<\/li>\n<li><a href=\"http:\/\/www.lifeagrised.com\/2021\/12\/06\/life-agrised-ad-envishop-2021-25-novembre-2021\/\">LIFE AGRISED at ENVISHOP 2021<\/a> &#8211; 25 November 2021<\/li>\n<li><a href=\"http:\/\/www.lifeagrised.com\/2021\/11\/18\/life-agrised-al-13th-world-congress-and-expo-on-recycling-online-15-16-novembre-2021\/\">LIFE AGRISED at the 13th World Congress and Expo on Recycling (online)<\/a> &#8211; 15-16 November 2021<\/li>\n<li><a href=\"http:\/\/www.lifeagrised.com\/2021\/10\/13\/life-agrised-presentato-a-stefania-saccardi-vicepresidente-della-regione-toscana-12-ottobre-2021\/\">LIFE AgriSed presented to Stefania Saccardi, vice president and councilor for agri-food of the Tuscany Region<\/a> &#8211; 12 October 2021<\/li>\n<li><a href=\"http:\/\/www.lifeagrised.com\/2022\/01\/12\/life-agrised-ad-ecomondo-2021-26-29-ottobre-2021\/\">LIFE AgriSed at Ecomondo 2021<\/a> &#8211; 26-29 October 2021<\/li>\n<li><a href=\"http:\/\/www.lifeagrised.com\/2022\/01\/10\/life-agrised-al-remtech-2021-20-24-settembre-2021\/\">LIFE AgriSed at RemTech 2021<\/a> &#8211; 20-24 September 2021<\/li>\n<li><a href=\"http:\/\/www.lifeagrised.com\/2021\/09\/10\/corso-tecnico-del-progetto-life-agrised-organizzato-da-agri-vivai-9-settembre-2021\/\">Technical course of the LIFE AGRISED project organized by Agri Vivai<\/a> \u2013 9 September 2021<\/li>\n<li><a href=\"http:\/\/www.lifeagrised.com\/2022\/09\/02\/life-agrised-ad-eurosoil-2021-online-23-27-agosto-2021\/\">LIFE AGRISED at Eurosoil 2021 (online)<\/a> &#8211; 23-27 August 2021<\/li>\n<li><a href=\"http:\/\/www.lifeagrised.com\/2021\/09\/02\/life-agrised-al-ishs-international-symposium-on-growing-media-soilless-cultivation-and-compost-utilization-in-horticulture-ghent-belgio-22-27-agosto-2021\/\">LIFE AGRISED at the ISHS International Symposium on Growing Media, Soilless Cultivation, and Compost Utilization in Horticulture<\/a> \u2013 22-27 August 2021<\/li>\n<li><a href=\"http:\/\/www.lifeagrised.com\/2022\/01\/10\/life-agrised-incontra-luca-sittoni-2-agosto-2021\/\">LIFE AgriSed met Luca Sittoni<\/a> &#8211; 2 August 2021<\/li>\n<li><a href=\"http:\/\/www.lifeagrised.com\/2022\/01\/12\/life-agrised-presentato-ai-vivaisti-pugliesi-luglio-2021\/\">LIFE AgriSed presented to the Apulian nurserymen<\/a> &#8211; July 2021<\/li>\n<li><a href=\"http:\/\/www.lifeagrised.com\/2021\/08\/26\/life-agrised-presentato-nellambito-delliniziativa-open-hortus-8-luglio-2021\/\">LIFE AgriSed presented in the frame of the Open Hortus initiative<\/a> &#8211; 8 July 2021<\/li>\n<li><a href=\"http:\/\/www.lifeagrised.com\/2021\/09\/03\/life-agrised-alla-seasonal-school-swap-della-scuola-superiore-santanna-30-giugno-2021\/\">LIFE AgriSed at the SWAP Seasonal School of the Scuola Superiore Sant&#8217;Anna<\/a> &#8211; 30 June 2021<\/li>\n<li><a href=\"http:\/\/www.lifeagrised.com\/2021\/08\/02\/life-agrised-al-xi-international-symposium-on-environmental-engineering-2021-di-torino-29-giugno-2-luglio-2021\/\">LIFE AgriSed at the XI International Symposium on Environmental Engineering 2021 in Turin<\/a> &#8211; 29 June-2 July 2021<\/li>\n<li><a href=\"http:\/\/www.lifeagrised.com\/2021\/08\/26\/life-agrised-alla-xii-conferenza-internazionale-sednet-online-28-giugno-2-luglio-2021\/\">LIFE AgriSed at the XII SedNet International Conference (online)<\/a> &#8211; 28 June-2 July 2021<\/li>\n<li><a href=\"http:\/\/www.lifeagrised.com\/2021\/08\/30\/corso-tecnico-del-progetto-life-agrised-organizzato-da-eps-24-giugno-2021\/\">Technical course of the LIFE AGRISED project organized by EPS<\/a> &#8211; 24 June 2021<\/li>\n<li><a href=\"http:\/\/www.lifeagrised.com\/2020\/12\/17\/il-workshop-online-del-progetto-life-agrised-e-stato-un-gran-successo-7-dicembre-2020\/\">The LIFE AgriSed project online workshop was a great success!<\/a> &#8211; 7 December 2020<\/li>\n<li><a href=\"http:\/\/www.lifeagrised.com\/2020\/03\/11\/life-agrised-allipm-essen-2020-28-31-gennaio-2020\/\">LIFE AgriSed at the IPM ESSEN 2020<\/a> \u2013 28-31 January 2020<\/li>\n<li><a href=\"http:\/\/www.lifeagrised.com\/2020\/01\/30\/life-agrised-al-workshop-risultati-della-prima-annualita-del-progetto-life-zeowine-28-gennaio-2020\/\">LIFE AgriSed at the LIFE Zeowine project &#8220;Risultati della prima annualit\u00e0&#8221; workshop<\/a> &#8211; 28 January 2020<\/li>\n<li><a href=\"http:\/\/www.lifeagrised.com\/2019\/12\/23\/life-agrised-allievento-difesa-delle-piante-una-nuova-realta-presso-pistoia-19-december-2019\/\">LIFE AgriSed at the event &#8220;Difesa delle piante, una nuova realt\u00e0&#8221; held in Pistoia<\/a> &#8211; 19 December 2019<\/li>\n<li><a href=\"http:\/\/www.lifeagrised.com\/2019\/12\/13\/life-agrised-presentato-da-agri-vivai-ai-propri-clienti-dicembre-2019\/\">LIFE AgriSed presented by Agri Vivai to its customers<\/a> &#8211; December 2019<\/li>\n<li><a href=\"http:\/\/www.lifeagrised.com\/2019\/12\/13\/life-agrised-presso-lautorita-irlandese-per-lo-sviluppo-dellagricoltura-e-degli-alimenti-1-8-dicembre-2019\/\">LIFE AgriSed at the Irish Agriculture and Food Development Authority<\/a> &#8211; 1-8 December 2019<\/li>\n<li><a href=\"http:\/\/www.lifeagrised.com\/2019\/12\/23\/life-agrised-al-seminario-envishop-tenutosi-presso-praga-repubblica-ceca-28-novembre-2019\/\">LIFE AgriSed at the Envishop seminar held in Prague (Czech Republic)<\/a> &#8211; 28 November 2019<\/li>\n<li><a href=\"http:\/\/www.lifeagrised.com\/2019\/12\/13\/life-agrised-alla-camera-superiore-del-parlamento-ceco-15-ottobre-2019\/\">LIFE AgriSed at the Superior Chamber of the Czech Parliament<\/a> &#8211; 15 October 2019<\/li>\n<li><a href=\"http:\/\/www.lifeagrised.com\/2019\/10\/15\/life-agrised-al-flormart-2019-di-padova-26-28-settembre-2019\/\">LIFE AgriSed at the Flormart 2019 fair in Padua (Italy)<\/a> &#8211; 26-28 September 2019<\/li>\n<li><a href=\"http:\/\/www.lifeagrised.com\/2019\/10\/14\/life-agrised-al-bright-2019-27-settembre-2019\/\">LIFE AgriSed at BRIGHT 2019<\/a> \u2013 27 September 2019<\/li>\n<li><a href=\"http:\/\/www.lifeagrised.com\/2019\/10\/14\/life-agrised-al-remtech-di-ferrara-18-20-settembre-2019\/\">LIFE AgriSed at the RemTech fair in Ferrara (Italy<\/a>) \u2013 18-20 September 2019<\/li>\n<li><a href=\"http:\/\/www.lifeagrised.com\/2019\/07\/08\/life-agrised-alla-conferenze-iii-international-symposium-on-growing-media-composting-and-substrate-analysis-a-milano-24-28-giugno-2019\/\">LIFE AgriSed at the &#8220;III International Symposium on Growing Media, Composting and Substrate Analysis&#8221; conference in Milan (Italy)<\/a> &#8211; 24-28 June 2019<\/li>\n<li><a href=\"http:\/\/www.lifeagrised.com\/2019\/07\/08\/life-agrised-alla-conferenza-znecistene-uzemia-di-piestany-slovacchia-19-21-giugno-2019\/\">LIFE AgriSed at the &#8220;Znecistene uzemia&#8221; conference in Piestany (Slovakia)<\/a> &#8211; 19-21 June 2019<\/li>\n<li><a href=\"http:\/\/www.lifeagrised.com\/2019\/07\/08\/life-agrised-alla-conferenza-sanacni-technologie-xxii-a-uherske-hradiste-repubblica-ceca-22-24-maggio-2019\/\">LIFE AgriSed at the &#8220;Sana\u010dn\u00ed technologie XXII&#8221; Conference in Uhersk\u00e9 Hradi\u0161t\u011b (Czech Republic)<\/a> &#8211; 22-24 May 2019<\/li>\n<li><a href=\"http:\/\/www.lifeagrised.com\/2019\/05\/17\/incontro-con-gli-studenti-del-corso-di-scienze-vivaistiche-presso-la-sede-di-agri-vivai-a-pistoia-15-maggio-2019\/\">Meeting with the students of the &#8220;Nursery Sciences&#8221; course at the headquarters of Agri Vivai, in Pistoia (Italy)<\/a>\u00a0&#8211; 15 May 2019<\/li>\n<li><a href=\"http:\/\/www.lifeagrised.com\/2019\/07\/05\/life-agrised-al-workshop-sanacie-v-teorii-a-praxi-a-bratislava-slovacchia-11-aprile-2019\/\">LIFE Agrised at the workshop &#8220;Sanacie v teorii a praxi&#8221; in Bratislava (Slovakia)<\/a> &#8211; 11 April 2019<\/li>\n<li><a href=\"http:\/\/www.lifeagrised.com\/?p=543&amp;preview=true\">LIFE AgriSed at the CNR-IRET Institute Conference at the Rome Headquarters<\/a> &#8211; 9-10 April 2019<\/li>\n<li><a href=\"http:\/\/www.lifeagrised.com\/2019\/07\/08\/life-agrised-al-corso-water-management-across-agro-eosystems-a-pisa-26-29-marzo-2019\/\">LIFE AgriSed at the course &#8220;Water management across agro-eosystems&#8221; in Pisa<\/a> &#8211; 26-29 March 2019<\/li>\n<li><a href=\"http:\/\/www.lifeagrised.com\/2019\/04\/29\/life-agrised-alleps-academy-2019-tenutosi-a-most-repubblica-ceca-21-marzo-2019\/\">LIFE AgriSed at the EPS Academy 2019 held in Most<\/a> (Czech Republic) &#8211; 21 March 2019<\/li>\n<li><a href=\"http:\/\/www.lifeagrised.com\/2019\/04\/01\/life-agrised-alla-conferenza-tvip-2019-di-hustopece-repubblica-ceca-19-21-marzo-2019\/\">LIFE AgriSed presentation at the TVIP 2019 conference in Hustopece<\/a> (Czech Republic) &#8211; 19-21 March 2019<\/li>\n<li><a href=\"http:\/\/www.lifeagrised.com\/2019\/04\/01\/life-agrised-alla-conferenza-tvip-2019-di-hustopece-repubblica-ceca-19-21-marzo-2019\/\">LIFE AgriSed presentation at the TVIP 2019 conference in Hustopece<\/a> (Czech Republic) &#8211; 19-21 March 2019<\/li>\n<li><a href=\"http:\/\/www.lifeagrised.com\/2019\/03\/15\/life-agrised-al-seminario-fitotecnologie-per-la-gestione-e-la-bonifica-di-siti-contaminati-esempi-di-buone-pratiche-tenutosi-a-pesaro-04-marzo-2019\/\">LIFE AgriSed at the seminar \u201cFitotecnologie per la Gestione e la bonifica di siti contaminati: esempi di buone pratiche\u201d held in Pesaro<\/a> \u2013 04 March 2019<\/li>\n<li><a href=\"http:\/\/www.lifeagrised.com\/2019\/02\/28\/incontro-con-francesco-bellino-funzionario-e-agronomo-della-regione-puglia-presso-la-sede-della-regione-a-bari-31-gennaio-2019\/\">Meeting with Francesco Bellino, Officer and Agronomist of the Puglia Region, at the headquarters of the Region in Bari (Italy)<\/a> \u2013 31 January 2019<\/li>\n<li><a href=\"http:\/\/www.lifeagrised.com\/2019\/01\/25\/life-agrised-allipm-essen-2019-22-25-gennaio-2019\/\">LIFE AgriSed at the IPM ESSEN 2019<\/a> &#8211; 22-25 January 2019<\/li>\n<li><a href=\"http:\/\/www.lifeagrised.com\/2019\/01\/08\/life-agrised-al-seminario-envishop-tenutosi-presso-praga-repubblica-ceca-13-dicembre-2018\/\">LIFE AgriSed at Envishop seminar in Prague (Czech Republic)<\/a> &#8211; 13 December 2018<\/li>\n<li><a href=\"http:\/\/www.lifeagrised.com\/2018\/12\/04\/life-agrised-allevento-della-v-scuola-nazionale-di-monitoraggio-ambientale-presso-taranto-italia-29-30-novembre-2018\/\">LIFE AgriSed at the event of the V National School of Environmental Monitoring, near Taranto<\/a> (Italy) &#8211; 29-30 November 2018<\/li>\n<li><a href=\"http:\/\/www.lifeagrised.com\/2018\/12\/04\/life-agrised-presso-caporal-plant-26-novembre-2018\/\">LIFE AgriSed at Caporal Plant<\/a> &#8211; 26 November 2018<\/li>\n<li><a href=\"http:\/\/www.lifeagrised.com\/2018\/12\/04\/presentazione-di-life-agrised-durante-levento-organizzato-in-collaborazione-con-germina-presso-pistoia-22-novembre-2018\/\">Presentation of LIFE AgriSed during the event organized in collaboration with Germina in Pistoia<\/a>\u00a0(Italy) &#8211; 22 November 2018<\/li>\n<li><a href=\"http:\/\/www.lifeagrised.com\/2018\/12\/04\/life-agrised-presso-luniversita-bioterra-di-bucarest-romania-14-16-novembre-2018\/\">LIFE AgriSed at the Bucharest Bioterra University<\/a> (Romania) &#8211; 14-16 November 2018<\/li>\n<li><a href=\"http:\/\/www.lifeagrised.com\/2018\/11\/06\/life-agrised-allindustrial-technologies-2018-a-vienna-austria-30-31-ottobre-2018\/\">LIFE AgriSsed all&#8217;IndTech 2018 a Vienna<\/a> (Austria)\u00a0\u2013 30-31 October 2018<\/li>\n<\/ul>\n<p>&nbsp;<\/p>\n<h2>Project events<\/h2>\n<ul>\n<li><a href=\"http:\/\/www.lifeagrised.com\/2021\/08\/30\/meeting-di-monitoraggio-per-i-30-mesi-di-progetto-19-e-26-aprile-2021\/\">30 months monitoring meeting<\/a> &#8211; 19 and 26 April 2021<\/li>\n<li><a href=\"http:\/\/www.lifeagrised.com\/2021\/04\/16\/meeting-per-i-24-mesi-di-progetto-07-ottobre-2020\/\">24 months online meeting<\/a> &#8211; 07 October 2020<\/li>\n<li><a href=\"http:\/\/www.lifeagrised.com\/2020\/05\/13\/meeting-di-monitoraggio-per-i-18-mesi-di-progetto-03-aprile-2020\/\">18 months monitoring meeting<\/a> &#8211; 03 April 2020<\/li>\n<li><a href=\"http:\/\/www.lifeagrised.com\/2019\/10\/30\/meeting-per-i-12-mesi-di-progetto-presso-i-locali-di-agri-vivai-a-pistoia-21-ottobre-2019\/\">12 months meeting\u00a0at Agri Vivai premises, in Pistoia (Italy)<\/a>\u00a0&#8211; 21 October 2019<\/li>\n<li><a href=\"http:\/\/www.lifeagrised.com\/2019\/03\/20\/meeting-di-monitoraggio-per-i-6-mesi-di-progetto-presso-i-locali-di-agri-vivai-a-pistoia-19-marzo-2019\/\">6 months monitoring meeting at Agri Vivai premises, in Pistoia (Italy)<\/a>\u00a0&#8211; 19 marzo 2019<\/li>\n<li><a href=\"http:\/\/www.lifeagrised.com\/2018\/11\/07\/kick-off-europeo-dei-progetti-life2017-a-bruxelles-belgio-06-novembre-2018\/\">European Kick-off of LIFE2017 projects in Bruxelles (Belgium)<\/a> &#8211; 06 November 2018<\/li>\n<li><a href=\"http:\/\/www.lifeagrised.com\/2018\/10\/16\/kick-off-meeting-presso-agri-vivai-pistoia-12-ottobre-2018\/\">Kick-off meeting at Agri Vivai, Pistoia<\/a>\u00a0\u2013 12 October 2018<\/li>\n<\/ul>\n<p>&nbsp;<\/p>\n<h2>Articles e press releases<\/h2>\n<ul>\n<li><a href=\"https:\/\/www.floraviva.it\/news\/riservato-aziende\/agri-vivai-si-alle-miscele-di-scarti-verdi-e-sedimenti-come-substrati.html\">Agri Vivai: s\u00ec alle miscele di scarti verdi e sedimenti come substrati<\/a> &#8211; Floraviva, 1 April 2022<\/li>\n<li><a href=\"http:\/\/www.lifeagrised.com\/wp-content\/uploads\/2022\/09\/12.pdf\">Odstra\u0148ov\u00e1n\u00ed star\u00fdch ekologick\u00fdch z\u00e1t\u011b\u017e\u00ed v duchu cirkul\u00e1rn\u00ed ekonomiky<\/a> &#8211; Waste Forum, April 2022<\/li>\n<li><a href=\"https:\/\/www.lanazione.it\/pistoia\/cronaca\/le-piante-crescono-grazie-a-residui-e-fanghi-1.7516425\">Le piante crescono grazie a residui e fanghi<\/a> &#8211; La Nazione, 30 March 2022<\/li>\n<li><a href=\"https:\/\/www.toscanatoday.it\/pisa-recupero-sedimenti-di-dragaggio\/\">Navicelli e Cnr: progetto per il recupero dei sedimenti di dragaggio. \u201cDa rifiuto a risorsa per la florovivaistica e l\u2019agricoltura\u201d<\/a> &#8211; ToscanaToday, 29 March 2022<\/li>\n<li><a href=\"http:\/\/www.lifeagrised.com\/wp-content\/uploads\/2022\/09\/9-1.pdf\">I detriti dei Navicelli diventano una risorsa per l&#8217;agricoltura<\/a> &#8211; Il Tirreno, 27 March 2022<\/li>\n<li><a href=\"https:\/\/www.lanazione.it\/pisa\/cronaca\/accordo-navicelli-cnr-per-ripulire-i-fanghi-1.7504494\">Accordo Navicelli-CNR per &#8220;ripulire&#8221; i fanghi<\/a> &#8211; La Nazione, 26 March 2022<\/li>\n<li><a href=\"https:\/\/www.pisatoday.it\/green\/life\/progetto-riutilizzo-sedimi-dragaggio-canale-navicelli-pisa.html\">Da rifiuti a prodotti per l&#8217;agricoltura: dai Navicelli una nuova vita per i sedimenti di dragaggio<\/a> &#8211; PisaToday, 25 March 2022<\/li>\n<li><a href=\"https:\/\/www.aboutplants.eu\/notizie\/ricerca\/Substrati-innovativi-a-base-di-compost-l-esempio-del-progetto-Life-Agrised?fbclid=IwAR3TX-25ZRBKK7i2ZIxOfi3rJrlHDOeI05yUji3jKFQrdTv7oWmDXIeRFaE\">Substrati innovativi a base di compost, l\u2019esempio del progetto Life Agrised<\/a> &#8211; Aboutplants.eu, March 2022<\/li>\n<li><a href=\"http:\/\/www.lifeagrised.com\/wp-content\/uploads\/2021\/04\/Ambiente-settembre-20-Agrised.pdf\">I sedimenti dragati base per il compost &#8211; Progetto AGRISED<\/a> &#8211; AMBIENTE n. 8, September 2020<\/li>\n<li><a href=\"http:\/\/www.lifeagrised.com\/wp-content\/uploads\/2021\/04\/Il-sole-24-ore.pdf\">L\u2019economia circolare dal vino ai sedimenti di dragaggio<\/a> \u2013 Sole24Ore, June 2020<\/li>\n<li><a href=\"http:\/\/www.lifeagrised.com\/2020\/02\/14\/life-agrised-progetto-del-mese-sul-sito-del-ministero-dellambiente-e-della-tutela-del-territorio-e-del-mare-italiano-14-febbraio-2020\/\">LIFE AgriSed Project of the Month on the website of the Italian Ministry of the Environment and Protection of the Territory and Sea<\/a>, 14 February 2020<\/li>\n<li><a href=\"https:\/\/www.ambientesicurezzaweb.it\/fanghi-e-sedimenti-dragati-i-progetti-per-il-riutilizzo\/\">Fanghi e sedimenti dragati: i progetti per il riutilizzo<\/a> &#8211; Ambiente&amp;Sicurezza, 10 February 2020<\/li>\n<li><a href=\"http:\/\/www.infoagri.eu\/news\/161-news\/innovazione\/943-al-via-4-progetti-per-la-rigenerazione-dei-suoli-in-modo-innovativo?jjj=1606146069751\">Al via 4 progetti per la rigenerazione dei suoli in modo innovativo<\/a> &#8211; InfoAgri, 14 November 2018<\/li>\n<\/ul>\n<p><\/p>","protected":false},"excerpt":{"rendered":"<p>Dissemination events The campaign of CNR for the sustainability of the AGRISED project &#8211; March 2022 LIFE AgriSed meets Maria Chiara Carrozza &#8211; 23 febbraio 2022 Technical course of the LIFE AGRISED project organized by Agri Vivai and MCM Ecosistemi \u2013 9 February 2021 LIFE AGRISED at ENVISHOP 2021 &#8211; 25 November 2021 LIFE AGRISED [&hellip;]<\/p>\n","protected":false},"author":1,"featured_media":0,"parent":0,"menu_order":0,"comment_status":"closed","ping_status":"closed","template":"","meta":[],"yoast_head":"<!-- This site is optimized with the Yoast SEO plugin v16.6.1 - https:\/\/yoast.com\/wordpress\/plugins\/seo\/ -->\n<title>News and events - LIFE Agrised<\/title>\n<meta name=\"robots\" content=\"index, follow, max-snippet:-1, max-image-preview:large, max-video-preview:-1\" \/>\n<link rel=\"canonical\" href=\"http:\/\/www.lifeagrised.com\/novita-ed-eventi\/\" \/>\n<meta property=\"og:locale\" content=\"en_US\" \/>\n<meta property=\"og:type\" content=\"article\" \/>\n<meta property=\"og:title\" content=\"News and events - LIFE Agrised\" \/>\n<meta property=\"og:description\" content=\"Dissemination events The campaign of CNR for the sustainability of the AGRISED project &#8211; March 2022 LIFE AgriSed meets Maria Chiara Carrozza &#8211; 23 febbraio 2022 Technical course of the LIFE AGRISED project organized by Agri Vivai and MCM Ecosistemi \u2013 9 February 2021 LIFE AGRISED at ENVISHOP 2021 &#8211; 25 November 2021 LIFE AGRISED [&hellip;]\" \/>\n<meta property=\"og:url\" content=\"http:\/\/www.lifeagrised.com\/novita-ed-eventi\/\" \/>\n<meta property=\"og:site_name\" content=\"LIFE Agrised\" \/>\n<meta property=\"article:modified_time\" content=\"2022-09-12T18:48:19+00:00\" \/>\n<meta name=\"twitter:card\" content=\"summary_large_image\" \/>\n<meta name=\"twitter:label1\" content=\"Est. reading time\" \/>\n\t<meta name=\"twitter:data1\" content=\"4 minutes\" \/>\n<script type=\"application\/ld+json\" class=\"yoast-schema-graph\">{\"@context\":\"https:\/\/schema.org\",\"@graph\":[{\"@type\":\"WebSite\",\"@id\":\"http:\/\/www.lifeagrised.com\/#website\",\"url\":\"http:\/\/www.lifeagrised.com\/\",\"name\":\"LIFE Agrised\",\"description\":\"Use of dredged sediments for creating innovative growing media and technosols for plant nursery and soil rehabilitation\",\"potentialAction\":[{\"@type\":\"SearchAction\",\"target\":{\"@type\":\"EntryPoint\",\"urlTemplate\":\"http:\/\/www.lifeagrised.com\/?s={search_term_string}\"},\"query-input\":\"required name=search_term_string\"}],\"inLanguage\":\"en-US\"},{\"@type\":\"WebPage\",\"@id\":\"http:\/\/www.lifeagrised.com\/novita-ed-eventi\/#webpage\",\"url\":\"http:\/\/www.lifeagrised.com\/novita-ed-eventi\/\",\"name\":\"News and events - LIFE Agrised\",\"isPartOf\":{\"@id\":\"http:\/\/www.lifeagrised.com\/#website\"},\"datePublished\":\"2018-10-08T09:36:47+00:00\",\"dateModified\":\"2022-09-12T18:48:19+00:00\",\"breadcrumb\":{\"@id\":\"http:\/\/www.lifeagrised.com\/novita-ed-eventi\/#breadcrumb\"},\"inLanguage\":\"en-US\",\"potentialAction\":[{\"@type\":\"ReadAction\",\"target\":[\"http:\/\/www.lifeagrised.com\/novita-ed-eventi\/\"]}]},{\"@type\":\"BreadcrumbList\",\"@id\":\"http:\/\/www.lifeagrised.com\/novita-ed-eventi\/#breadcrumb\",\"itemListElement\":[{\"@type\":\"ListItem\",\"position\":1,\"name\":\"Home\",\"item\":\"http:\/\/www.lifeagrised.com\/\"},{\"@type\":\"ListItem\",\"position\":2,\"name\":\"Novit\\u00e0 ed eventi\"}]}]}<\/script>\n<!-- \/ Yoast SEO plugin. -->","_links":{"self":[{"href":"http:\/\/www.lifeagrised.com\/en\/wp-json\/wp\/v2\/pages\/40"}],"collection":[{"href":"http:\/\/www.lifeagrised.com\/en\/wp-json\/wp\/v2\/pages"}],"about":[{"href":"http:\/\/www.lifeagrised.com\/en\/wp-json\/wp\/v2\/types\/page"}],"author":[{"embeddable":true,"href":"http:\/\/www.lifeagrised.com\/en\/wp-json\/wp\/v2\/users\/1"}],"replies":[{"embeddable":true,"href":"http:\/\/www.lifeagrised.com\/en\/wp-json\/wp\/v2\/comments?post=40"}],"version-history":[{"count":85,"href":"http:\/\/www.lifeagrised.com\/en\/wp-json\/wp\/v2\/pages\/40\/revisions"}],"predecessor-version":[{"id":1557,"href":"http:\/\/www.lifeagrised.com\/en\/wp-json\/wp\/v2\/pages\/40\/revisions\/1557"}],"wp:attachment":[{"href":"http:\/\/www.lifeagrised.com\/en\/wp-json\/wp\/v2\/media?parent=40"}],"curies":[{"name":"wp","href":"https:\/\/api.w.org\/{rel}","templated":true}]}}