{"id":42,"date":"2018-10-08T11:37:28","date_gmt":"2018-10-08T09:37:28","guid":{"rendered":"http:\/\/www.lifeagrised.com\/?page_id=42"},"modified":"2022-09-12T20:44:23","modified_gmt":"2022-09-12T18:44:23","slug":"aggiornamento-dei-risultati-tecnici","status":"publish","type":"page","link":"http:\/\/www.lifeagrised.com\/en\/aggiornamento-dei-risultati-tecnici\/","title":{"rendered":"Technical results update"},"content":{"rendered":"<p><\/p>\n<h3>Updates from the field<\/h3>\n<ul>\n<li><a href=\"http:\/\/www.lifeagrised.com\/2021\/04\/18\/aggiornamenti-primaverili-dai-siti-dimostrativi-di-life-agrised\/\">Spring updates from LIFE AGRISED demonstration sites<\/a><\/li>\n<li><a href=\"http:\/\/www.lifeagrised.com\/2020\/11\/30\/iniziano-la-prova-di-co-compostaggio-italiano-e-le-prove-di-coltivazione-autunnali\/\">The Italian co-composting trial and the autumn cultivation trials begin<\/a><\/li>\n<li><a href=\"http:\/\/www.lifeagrised.com\/2020\/08\/18\/aggiornamento-estivo-sugli-ultimi-progressi-del-progetto-life-agrised\/\">Summer update on the latest progress of the LIFE AGRISED project<\/a><\/li>\n<li><a href=\"http:\/\/www.lifeagrised.com\/2020\/07\/02\/ultimazione-della-prova-di-co-compostaggio-in-repubblica-ceca-e-preparazione-delle-prove-di-coltivazione\/\">Completion of the co-composting trial in Czech Republic and preparation of the cultivation Trials<\/a><\/li>\n<li><a href=\"http:\/\/www.lifeagrised.com\/2020\/05\/13\/verso-la-completa-maturazione-del-co-compost\/\">Towards the complete maturation of the co-compost!<\/a><\/li>\n<li><a href=\"http:\/\/www.lifeagrised.com\/2020\/02\/28\/analisi-e-caratterizzazione-dei-sedimenti-e-degli-scarti-verdi-impiegati-per-la-prova-di-co-compostaggio-in-repubblica-ceca\/\">Analysis and characterization of sediments and green waste used for the co-composting trial in the Czech Republic<\/a><\/li>\n<li><a href=\"http:\/\/www.lifeagrised.com\/2020\/02\/21\/il-co-compostaggio-in-repubblica-ceca-continua\/\">Co-composting trial in Czech Republic continues!<\/a><\/li>\n<li><a href=\"http:\/\/www.lifeagrised.com\/2020\/01\/29\/avvio-del-processo-di-co-compostaggio-in-repubblica-ceca\/\">Start of the co-composting process in the Czech Republic<\/a><\/li>\n<li><a href=\"http:\/\/www.lifeagrised.com\/2019\/01\/31\/i-progressi-del-mese-di-gennaio-2019-nella-costruzione-degli-impianti-agrised-di-m-c-m-ecosistemi\/\">The progress of January 2019 in the construction of the Agrised plants of m.c.m. Ecosistemi<\/a><\/li>\n<li><a href=\"http:\/\/www.lifeagrised.com\/2018\/12\/11\/gli-impianti-life-agrised-in-costruzione-presso-m-c-m-ecosistemi\/\">Life Agrised plants under construction at m.c.m. Ecosistemi<\/a><\/li>\n<\/ul>\n<p>&nbsp;<\/p>\n<h3>Monthly reports<\/h3>\n<ul>\n<li><a href=\"http:\/\/www.lifeagrised.com\/wp-content\/uploads\/2018\/12\/Novembre-2018.pdf\">Monthly report of November 2018<\/a><\/li>\n<li><a href=\"http:\/\/www.lifeagrised.com\/wp-content\/uploads\/2018\/12\/Dicembre-2018.pdf\">Monthly report of December 2018<\/a><\/li>\n<li><a href=\"http:\/\/www.lifeagrised.com\/wp-content\/uploads\/2019\/01\/Gennaio-2019.pdf\">Monthly report of January 2019<\/a><\/li>\n<li><a href=\"http:\/\/www.lifeagrised.com\/wp-content\/uploads\/2019\/07\/Aprile2019-Giugno-2019.pdf\">Quarterly report for April 2019 &#8211; June 2019<\/a><\/li>\n<li><a href=\"http:\/\/www.lifeagrised.com\/wp-content\/uploads\/2019\/12\/Luglio2019-Settembre-2019.pdf\">Quarterly report for July 2019 &#8211; September 2019<\/a><\/li>\n<li><a href=\"http:\/\/www.lifeagrised.com\/wp-content\/uploads\/2020\/02\/Ottobre2019-Dicembre2019.pdf\">Quarterly report for October 2019 &#8211; December 2019<\/a><\/li>\n<li><a href=\"http:\/\/www.lifeagrised.com\/wp-content\/uploads\/2020\/06\/Giugno-2020.pdf\">Quarterly report for April 2020 &#8211; June 2020<\/a><\/li>\n<\/ul>\n<p>&nbsp;<\/p>\n<h3>Deliverables<\/h3>\n<ul>\n<li>Deliverable Action A.1 &#8211; <a href=\"http:\/\/www.lifeagrised.com\/wp-content\/uploads\/2019\/03\/AGRISED-Deliverable-Action-A.1-Overview-of-national-and-EU-legislation.pdf\">Overview of national and EU legislation<\/a><\/li>\n<li>Deliverable Action D.1 &#8211; <a href=\"http:\/\/www.lifeagrised.com\/wp-content\/uploads\/2019\/03\/AGRISED-Deliverable-Action-D.1-Communication-Plan.pdf\">Communication Plan<\/a><\/li>\n<\/ul>\n<p>&nbsp;<\/p>\n<h3>Publications<\/h3>\n<ul>\n<li><a href=\"http:\/\/www.lifeagrised.com\/wp-content\/uploads\/2022\/09\/11.pdf\">Recovery and environmental recycling of sediments: CNR IRET Pisa experience<\/a> &#8211; <em>C. Macci, S. Doni, E. Peruzzi, F. Vannucchi, S Lucchetti, M. Castellani, G. Masciandaro<\/em> (Journal of soil and sediments)<\/li>\n<li><a href=\"http:\/\/www.lifeagrised.com\/wp-content\/uploads\/2022\/09\/10.pdf\">Life Agrised: co-composting for environmental recycling of co-dredged sediment and green waste<\/a> &#8211; <em>C. Macci, F. Vannucchi, S. Doni, E. Peruzzi, S Lucchetti, G. Masciandaro<\/em> (Recycling Expo 2021)<\/li>\n<li><a href=\"http:\/\/www.lifeagrised.com\/wp-content\/uploads\/2022\/09\/9.pdf\">Waste Materials-based Substrates for Ornamental Plant Production: Technical and Environmental Aspects<\/a> &#8211; <em>P. Arfaioli1, L. Azzini, A. Cincinelli, M. He\u0159m\u00e1nkov\u00e1, S. Lucchetti, C. Macci, G. Masciandaro, R. Scodellini, G. Renella, K. Waska, F.P. Nicese<\/em> (GrowingMedia2021 Ghent)<\/li>\n<li><a href=\"http:\/\/www.lifeagrised.com\/wp-content\/uploads\/2022\/09\/8.pdf\">Environmental recycling of Co-composted sediments \u201cLIFE AGRISED LIFE17 ENV\/IT\/000269\u201d<\/a> &#8211; <em>Macci Cristina, Doni Serena, Peruzzi Eleonora, Francesca Vannucchi, Manfredi Paolo, Francesco Paolo Nicese, Karel Waska, Stefano Lucchetti, Masciandaro Grazia<\/em> (Eurosoil 2021)<\/li>\n<li><a href=\"https:\/\/sednet.org\/wp-content\/uploads\/2021\/07\/Abstr-CE-2.7.-C.-Macci.pdf\">Recovery and environmental recycling of sediments: CNR IRET Pisa experience<\/a> &#8211; <em>C. Macci, S. Doni, E. Peruzzi, F. Vannucchi, S Lucchetti, M. Castellani, G. Masciandaro<\/em>\u00a0(12th International SedNet Conference \u201cSediment Challenges and Opportunities due to Climate Change and Sustainable Development)\u201d<\/li>\n<li><a href=\"http:\/\/www.lifeagrised.com\/wp-content\/uploads\/2022\/09\/6.pdf\">Co-composting as a technology for the valorization of Dredged sediments and green waste: Czech experience \u201cLIFE AGRISED LIFE17 ENV\/IT\/000269\u201d<\/a> &#8211; <em>C. Macci, E. Peruzzi, S. Doni, F. Vannucchi, R. Scodellini, A. Cincinelli, F.P. Nicese, L. Azzini, K. Waska, M. Hermankova, S. Lucchetti, G. Masciandaro<\/em> (XI International Symposium on Environmental Engineering)<\/li>\n<li><a href=\"http:\/\/www.lifeagrised.com\/wp-content\/uploads\/2019\/03\/Abstract-Milano_GR.pdf\">Co-composting of sediments and green waste as technology for producing innovative growing media for plant nursery<\/a>\u00a0&#8211; <em>Macci Cristina, Eleonora Peruzzi, Serena Doni, Grazia Masciandaro, Roberto Scodellini, Laura Giagnoni, Giancarlo Renella (III International Symposium on growing media, composting and substrate analysis)<\/em><\/li>\n<li><a href=\"http:\/\/www.lifeagrised.com\/wp-content\/uploads\/2022\/09\/3.pdf\">Vyu\u017eit\u00ed vyt\u011b\u017een\u00fdch sediment\u016f k produkci inovativn\u00edch substr\u00e1t\u016f a technosol\u016f pro rostlinn\u00e9 \u0161kolky a rekultivace \u2013 projekt EU Life AGRISED<\/a> &#8211; <em>Karel Waska, Monika He\u0159m\u00e1nkov\u00e1, V\u00edt Paul\u00ed\u010dek, Vojt\u011bch Va\u0161\u00ed\u010dek, Miroslav Mina\u0159\u00edk (<\/em>Sana\u010dn\u00ed technologie XXII, 22 \u2013 24 Maggio 2019, Uhersk\u00e9 Hradi\u0161t\u011b, CZ, nel CD degku atti e dei poster, 148-149 pgs. ISBN: 978-80-88238-14-0)<\/li>\n<li><a href=\"http:\/\/www.lifeagrised.com\/wp-content\/uploads\/2019\/12\/estratto_zbornik_znecistene_uzemia_2019-compressed.pdf\">Vyu\u017eit\u00ed vyt\u011b\u017een\u00fdch sediment\u016f k produkci inovativn\u00edch substr\u00e1t\u016f a technosol\u016f pro rostlinn\u00e9 \u0161kolky a rekultivace \u2013 projekt EU Life AGRISED<\/a>\u00a0&#8211; <em>Karel Waska, Monika He\u0159m\u00e1nkov\u00e1, V\u00edt Paul\u00ed\u010dek, Vojt\u011bch Va\u0161\u00ed\u010dek, Miroslav Mina\u0159\u00edk<\/em>\u00a0(Zne\u010disten\u00e9 \u00fazemia 2019, 19\u00a0\u2013 21 giugno\u00a02019, Pie\u0161\u0165any, SK, nel libro e nella pendrive degli atti e dei poster, pgs. 140-141)<\/li>\n<li><a href=\"http:\/\/www.lifeagrised.com\/wp-content\/uploads\/2022\/09\/2.pdf\">Vyu\u017eit\u00ed vyt\u011b\u017een\u00fdch sediment\u016f k produkci inovativn\u00edch substr\u00e1t\u016f a technosol\u016f pro rostlinn\u00e9 \u0161kolky a rekultivace \u2013 projekt EU Life AGRISED<\/a> &#8211; <em>Mgr. Karel Waska, PhD., DiS., Dr. Ing. Monika He\u0159m\u00e1nkov\u00e1, Ing. V\u00edt Paul\u00ed\u010dek, Ing. Vojt\u011bch Va\u0161\u00ed\u010dek, Ing. Miroslav Mina\u0159\u00edk<\/em>\u00a0(TVIP 2019, 19\u00a0\u2013 21\u00a0Marzo 2019, Hustopece, CZ, nella pendirve degli atti e dei poster, poster n. 142, 3 pagg., ISBN: 978-80-85990-33-1)<\/li>\n<li><a href=\"http:\/\/www.lifeagrised.com\/wp-content\/uploads\/2019\/01\/LIFE-AGRISED-Bioterra-35-2018-red.pdf\">Use of dredged sediments for plant nursery and soil rehabilitation: the example of &#8220;Life Agrised&#8221; project<\/a> &#8211; <em>Macci Cristina, Serena Doni, Eleonora Peruzzi, Giancarlo Renella, Grazia Masciandaro<\/em> (Bioterra Bulletin of scientific information, Nr. 35 January \u2013 June 2018)<\/li>\n<\/ul>\n<p><\/p>","protected":false},"excerpt":{"rendered":"<p>Updates from the field Spring updates from LIFE AGRISED demonstration sites The Italian co-composting trial and the autumn cultivation trials begin Summer update on the latest progress of the LIFE AGRISED project Completion of the co-composting trial in Czech Republic and preparation of the cultivation Trials Towards the complete maturation of the co-compost! Analysis and [&hellip;]<\/p>\n","protected":false},"author":1,"featured_media":0,"parent":0,"menu_order":0,"comment_status":"closed","ping_status":"closed","template":"","meta":[],"yoast_head":"<!-- This site is optimized with the Yoast SEO plugin v16.6.1 - https:\/\/yoast.com\/wordpress\/plugins\/seo\/ -->\n<title>Technical results update - LIFE Agrised<\/title>\n<meta name=\"robots\" content=\"index, follow, max-snippet:-1, max-image-preview:large, max-video-preview:-1\" \/>\n<link rel=\"canonical\" href=\"http:\/\/www.lifeagrised.com\/aggiornamento-dei-risultati-tecnici\/\" \/>\n<meta property=\"og:locale\" content=\"en_US\" \/>\n<meta property=\"og:type\" content=\"article\" \/>\n<meta property=\"og:title\" content=\"Technical results update - LIFE Agrised\" \/>\n<meta property=\"og:description\" content=\"Updates from the field Spring updates from LIFE AGRISED demonstration sites The Italian co-composting trial and the autumn cultivation trials begin Summer update on the latest progress of the LIFE AGRISED project Completion of the co-composting trial in Czech Republic and preparation of the cultivation Trials Towards the complete maturation of the co-compost! Analysis and [&hellip;]\" \/>\n<meta property=\"og:url\" content=\"http:\/\/www.lifeagrised.com\/aggiornamento-dei-risultati-tecnici\/\" \/>\n<meta property=\"og:site_name\" content=\"LIFE Agrised\" \/>\n<meta property=\"article:modified_time\" content=\"2022-09-12T18:44:23+00:00\" \/>\n<meta name=\"twitter:card\" content=\"summary_large_image\" \/>\n<meta name=\"twitter:label1\" content=\"Est. reading time\" \/>\n\t<meta name=\"twitter:data1\" content=\"3 minutes\" \/>\n<script type=\"application\/ld+json\" class=\"yoast-schema-graph\">{\"@context\":\"https:\/\/schema.org\",\"@graph\":[{\"@type\":\"WebSite\",\"@id\":\"http:\/\/www.lifeagrised.com\/#website\",\"url\":\"http:\/\/www.lifeagrised.com\/\",\"name\":\"LIFE Agrised\",\"description\":\"Use of dredged sediments for creating innovative growing media and technosols for plant nursery and soil rehabilitation\",\"potentialAction\":[{\"@type\":\"SearchAction\",\"target\":{\"@type\":\"EntryPoint\",\"urlTemplate\":\"http:\/\/www.lifeagrised.com\/?s={search_term_string}\"},\"query-input\":\"required name=search_term_string\"}],\"inLanguage\":\"en-US\"},{\"@type\":\"WebPage\",\"@id\":\"http:\/\/www.lifeagrised.com\/aggiornamento-dei-risultati-tecnici\/#webpage\",\"url\":\"http:\/\/www.lifeagrised.com\/aggiornamento-dei-risultati-tecnici\/\",\"name\":\"Technical results update - LIFE Agrised\",\"isPartOf\":{\"@id\":\"http:\/\/www.lifeagrised.com\/#website\"},\"datePublished\":\"2018-10-08T09:37:28+00:00\",\"dateModified\":\"2022-09-12T18:44:23+00:00\",\"breadcrumb\":{\"@id\":\"http:\/\/www.lifeagrised.com\/aggiornamento-dei-risultati-tecnici\/#breadcrumb\"},\"inLanguage\":\"en-US\",\"potentialAction\":[{\"@type\":\"ReadAction\",\"target\":[\"http:\/\/www.lifeagrised.com\/aggiornamento-dei-risultati-tecnici\/\"]}]},{\"@type\":\"BreadcrumbList\",\"@id\":\"http:\/\/www.lifeagrised.com\/aggiornamento-dei-risultati-tecnici\/#breadcrumb\",\"itemListElement\":[{\"@type\":\"ListItem\",\"position\":1,\"name\":\"Home\",\"item\":\"http:\/\/www.lifeagrised.com\/\"},{\"@type\":\"ListItem\",\"position\":2,\"name\":\"Aggiornamento dei risultati tecnici\"}]}]}<\/script>\n<!-- \/ Yoast SEO plugin. -->","_links":{"self":[{"href":"http:\/\/www.lifeagrised.com\/en\/wp-json\/wp\/v2\/pages\/42"}],"collection":[{"href":"http:\/\/www.lifeagrised.com\/en\/wp-json\/wp\/v2\/pages"}],"about":[{"href":"http:\/\/www.lifeagrised.com\/en\/wp-json\/wp\/v2\/types\/page"}],"author":[{"embeddable":true,"href":"http:\/\/www.lifeagrised.com\/en\/wp-json\/wp\/v2\/users\/1"}],"replies":[{"embeddable":true,"href":"http:\/\/www.lifeagrised.com\/en\/wp-json\/wp\/v2\/comments?post=42"}],"version-history":[{"count":31,"href":"http:\/\/www.lifeagrised.com\/en\/wp-json\/wp\/v2\/pages\/42\/revisions"}],"predecessor-version":[{"id":1555,"href":"http:\/\/www.lifeagrised.com\/en\/wp-json\/wp\/v2\/pages\/42\/revisions\/1555"}],"wp:attachment":[{"href":"http:\/\/www.lifeagrised.com\/en\/wp-json\/wp\/v2\/media?parent=42"}],"curies":[{"name":"wp","href":"https:\/\/api.w.org\/{rel}","templated":true}]}}